{"id":7021,"date":"2024-04-30T04:31:23","date_gmt":"2024-04-30T04:31:23","guid":{"rendered":"https:\/\/www.ammamel.com\/qui-est-ammamel\/"},"modified":"2025-11-12T10:25:45","modified_gmt":"2025-11-12T10:25:45","slug":"qui-est-ammamel","status":"publish","type":"page","link":"https:\/\/www.ammamel.com\/fr\/qui-est-ammamel\/","title":{"rendered":"Qui est AmmaMel?"},"content":{"rendered":"\n<p class=\"has-text-align-center\">Je m\u2019appelle M\u00e9lanie et amma signifie en japonais \u00abcalmer avec les mains\u00bb.<\/p>\n\n\n\n<figure class=\"wp-block-image\"><img decoding=\"async\" src=\"https:\/\/www.ammamel.com\/wp-content\/uploads\/2024\/01\/Ammamel-Kobido-62-scaled.jpg\" alt=\"\"\/><\/figure>\n\n\n\n<p>Sensibilis\u00e9e depuis toujours au bien-\u00eatre naturel et pr\u00e9ventif par une vie \u00e9quilibr\u00e9e, c&#8217;est tout naturellement que j\u2019ai d\u00e9cid\u00e9 me former aux soins holistiques \u00e9nerg\u00e9tiques, d\u2019esth\u00e9tique et de relaxation afin d\u2019accompagner au mieux les personnes qui souhaitent vivre, vieillir bien tant au niveau physique, \u00e9motionnel que mental.<\/p>\n\n\n\n<p>En tant que masseuse bien-\u00eatre et beaut\u00e9 naturelle, je m\u2019engage \u00e0 offrir \u00e0 mes clients une exp\u00e9rience unique et personnalis\u00e9e, en \u00e9coutant leurs besoins et en adaptant mes soins en fonction de leur demande et surtout de leur \u00e9tat au moment de la rencontre.<\/p>\n\n\n\n<p>Mon objectif est de les aider \u00e0 retrouver l\u2019harmonie et l\u2019\u00e9quilibre int\u00e9rieur et en leur beaut\u00e9 naturelle.<\/p>\n\n\n\n<blockquote class=\"wp-block-quote is-layout-flow wp-block-quote-is-layout-flow\">\n<p>Chaque personne est unique, chaque s\u00e9ance est un moment particulier.<\/p>\n\n\n\n<p>Par l\u2019\u00e9coute et l\u2019attention pleine, le massage se cr\u00e9e dans l\u2019instant.<\/p>\n<\/blockquote>\n\n\n\n<h2 class=\"wp-block-heading\">Mon espace<\/h2>\n\n\n\n<p>Agenc\u00e9 \u00e0 mon image et ma sensibilit\u00e9, il s\u2019agit d\u2019un <em>cocon<\/em> intimiste et tranquille. \u00c9clairage tamis\u00e9, silence ext\u00e9rieur, musique douce choisie avec soin, senteurs d\u00e9licates d\u2019huiles essentielles, tous les sens sont subtilement stimul\u00e9s pour cr\u00e9er une atmosph\u00e8re apaisante et relaxante. Dans cet espace s\u00fbr et respectueux, vous pourrez vous octroyer un moment pour vous, vous ressourcer, l\u00e2cher prise et vous d\u00e9connecter du stress et des obligations du quotidien. C\u2019est un havre de paix o\u00f9 le temps s&#8217;arr\u00eate afin de donner un moment au corps et l&#8217;esprit de se d\u00e9tendre et se reconnecter avec soi-m\u00eame.<\/p>\n\n\n\n<figure class=\"wp-block-video aligncenter\"><video height=\"1920\" style=\"aspect-ratio: 1080 \/ 1920;\" width=\"1080\" autoplay loop muted src=\"https:\/\/www.ammamel.com\/wp-content\/uploads\/2024\/07\/Video-Salle-Ammamel.massages-2.webm\"><\/video><\/figure>\n\n\n\n<hr class=\"wp-block-separator has-alpha-channel-opacity\"\/>\n\n\n\n<p class=\"has-text-align-center\">Form\u00e9 au massage Kobido par Josep Lupion<\/p>\n\n\n\n<figure class=\"wp-block-image aligncenter size-full\"><a href=\"https:\/\/joseplupion.com\/\"><img decoding=\"async\" width=\"150\" height=\"150\" src=\"https:\/\/www.ammamel.com\/wp-content\/uploads\/2024\/04\/lupion.png\" alt=\"\" class=\"wp-image-6998\"\/><\/a><\/figure>\n\n\n\n<p class=\"has-text-align-center\">Form\u00e9 par l&#8217;Ecole de Shiatsu d&#8217;Aquitaine<\/p>\n\n\n\n<figure class=\"wp-block-image aligncenter size-full\"><img decoding=\"async\" width=\"125\" height=\"75\" src=\"https:\/\/www.ammamel.com\/wp-content\/uploads\/2024\/04\/shiatsu-aquitaine-1.png\" alt=\"\" class=\"wp-image-7004\"\/><\/figure>\n\n\n\n<p class=\"has-text-align-center\">Form\u00e9 par l&#8217;\u00e9cole de massage Xavier Court Amma Assis<\/p>\n\n\n\n<figure class=\"wp-block-image aligncenter\"><a href=\"https:\/\/www.xaviercourt.com\/\"><img decoding=\"async\" src=\"https:\/\/www.ammamel.com\/wp-content\/uploads\/2018\/08\/logo_249x116.png\" alt=\"Syndicat Professionnel de Shiatsu en France\"\/><\/a><\/figure>\n\n\n\n<p class=\"has-text-align-center\">Membre du Syndicat Professionnel de Shiatsu en France<\/p>\n\n\n\n<figure class=\"wp-block-image aligncenter\"><a href=\"https:\/\/www.syndicat-shiatsu.fr\"><img decoding=\"async\" src=\"https:\/\/www.ammamel.com\/wp-content\/uploads\/2018\/07\/logo_spss_shiatsu-300x87.png\" alt=\"Syndicat Professionnel de Shiatsu en France\"\/><\/a><\/figure>\n","protected":false},"excerpt":{"rendered":"<p>Je m\u2019appelle M\u00e9lanie et amma signifie en japonais \u00abcalmer avec les mains\u00bb. Sensibilis\u00e9e depuis toujours au bien-\u00eatre naturel et pr\u00e9ventif par une vie \u00e9quilibr\u00e9e, c&#8217;est tout naturellement que j\u2019ai d\u00e9cid\u00e9 me former aux soins holistiques \u00e9nerg\u00e9tiques, d\u2019esth\u00e9tique et de relaxation afin d\u2019accompagner au mieux les personnes qui souhaitent vivre, vieillir [&hellip;]<\/p>\n","protected":false},"author":2,"featured_media":0,"parent":0,"menu_order":0,"comment_status":"closed","ping_status":"closed","template":"","meta":{"inspiro_page_layout":"narrow","inspiro_hide_title":false,"footnotes":""},"class_list":["post-7021","page","type-page","status-publish","hentry"],"yoast_head":"<!-- This site is optimized with the Yoast SEO plugin v27.5 - https:\/\/yoast.com\/product\/yoast-seo-wordpress\/ -->\n<title>Qui est AmmaMel? - Ammamel<\/title>\n<meta name=\"robots\" content=\"index, follow, max-snippet:-1, max-image-preview:large, max-video-preview:-1\" \/>\n<link rel=\"canonical\" href=\"https:\/\/www.ammamel.com\/fr\/qui-est-ammamel\/\" \/>\n<meta property=\"og:locale\" content=\"fr_FR\" \/>\n<meta property=\"og:type\" content=\"article\" \/>\n<meta property=\"og:title\" content=\"Qui est AmmaMel? - Ammamel\" \/>\n<meta property=\"og:description\" content=\"Je m\u2019appelle M\u00e9lanie et amma signifie en japonais \u00abcalmer avec les mains\u00bb. Sensibilis\u00e9e depuis toujours au bien-\u00eatre naturel et pr\u00e9ventif par une vie \u00e9quilibr\u00e9e, c&#8217;est tout naturellement que j\u2019ai d\u00e9cid\u00e9 me former aux soins holistiques \u00e9nerg\u00e9tiques, d\u2019esth\u00e9tique et de relaxation afin d\u2019accompagner au mieux les personnes qui souhaitent vivre, vieillir [&hellip;]\" \/>\n<meta property=\"og:url\" content=\"https:\/\/www.ammamel.com\/fr\/qui-est-ammamel\/\" \/>\n<meta property=\"og:site_name\" content=\"Ammamel\" \/>\n<meta property=\"article:modified_time\" content=\"2025-11-12T10:25:45+00:00\" \/>\n<meta property=\"og:image\" content=\"https:\/\/www.ammamel.com\/wp-content\/uploads\/2024\/01\/Ammamel-Kobido-62-scaled.jpg\" \/>\n<meta name=\"twitter:card\" content=\"summary_large_image\" \/>\n<meta name=\"twitter:label1\" content=\"Est. reading time\" \/>\n\t<meta name=\"twitter:data1\" content=\"3 minutes\" \/>\n<script type=\"application\/ld+json\" class=\"yoast-schema-graph\">{\"@context\":\"https:\\\/\\\/schema.org\",\"@graph\":[{\"@type\":\"WebPage\",\"@id\":\"https:\\\/\\\/www.ammamel.com\\\/fr\\\/qui-est-ammamel\\\/\",\"url\":\"https:\\\/\\\/www.ammamel.com\\\/fr\\\/qui-est-ammamel\\\/\",\"name\":\"Qui est AmmaMel? - Ammamel\",\"isPartOf\":{\"@id\":\"https:\\\/\\\/www.ammamel.com\\\/fr\\\/#website\"},\"primaryImageOfPage\":{\"@id\":\"https:\\\/\\\/www.ammamel.com\\\/fr\\\/qui-est-ammamel\\\/#primaryimage\"},\"image\":{\"@id\":\"https:\\\/\\\/www.ammamel.com\\\/fr\\\/qui-est-ammamel\\\/#primaryimage\"},\"thumbnailUrl\":\"https:\\\/\\\/www.ammamel.com\\\/wp-content\\\/uploads\\\/2024\\\/01\\\/Ammamel-Kobido-62-scaled.jpg\",\"datePublished\":\"2024-04-30T04:31:23+00:00\",\"dateModified\":\"2025-11-12T10:25:45+00:00\",\"breadcrumb\":{\"@id\":\"https:\\\/\\\/www.ammamel.com\\\/fr\\\/qui-est-ammamel\\\/#breadcrumb\"},\"inLanguage\":\"fr-FR\",\"potentialAction\":[{\"@type\":\"ReadAction\",\"target\":[\"https:\\\/\\\/www.ammamel.com\\\/fr\\\/qui-est-ammamel\\\/\"]}]},{\"@type\":\"ImageObject\",\"inLanguage\":\"fr-FR\",\"@id\":\"https:\\\/\\\/www.ammamel.com\\\/fr\\\/qui-est-ammamel\\\/#primaryimage\",\"url\":\"https:\\\/\\\/www.ammamel.com\\\/wp-content\\\/uploads\\\/2024\\\/01\\\/Ammamel-Kobido-62-scaled.jpg\",\"contentUrl\":\"https:\\\/\\\/www.ammamel.com\\\/wp-content\\\/uploads\\\/2024\\\/01\\\/Ammamel-Kobido-62-scaled.jpg\"},{\"@type\":\"BreadcrumbList\",\"@id\":\"https:\\\/\\\/www.ammamel.com\\\/fr\\\/qui-est-ammamel\\\/#breadcrumb\",\"itemListElement\":[{\"@type\":\"ListItem\",\"position\":1,\"name\":\"Portada\",\"item\":\"https:\\\/\\\/www.ammamel.com\\\/fr\\\/\"},{\"@type\":\"ListItem\",\"position\":2,\"name\":\"Qui est AmmaMel?\"}]},{\"@type\":\"WebSite\",\"@id\":\"https:\\\/\\\/www.ammamel.com\\\/fr\\\/#website\",\"url\":\"https:\\\/\\\/www.ammamel.com\\\/fr\\\/\",\"name\":\"AmmaMel Massages\",\"description\":\"Praticienne Bien \u00catre Holistique &amp; Shiatsu (Gironde)\",\"publisher\":{\"@id\":\"https:\\\/\\\/www.ammamel.com\\\/fr\\\/#\\\/schema\\\/person\\\/e4947ec778736abb506432321b636130\"},\"potentialAction\":[{\"@type\":\"SearchAction\",\"target\":{\"@type\":\"EntryPoint\",\"urlTemplate\":\"https:\\\/\\\/www.ammamel.com\\\/fr\\\/?s={search_term_string}\"},\"query-input\":{\"@type\":\"PropertyValueSpecification\",\"valueRequired\":true,\"valueName\":\"search_term_string\"}}],\"inLanguage\":\"fr-FR\"},{\"@type\":[\"Person\",\"Organization\"],\"@id\":\"https:\\\/\\\/www.ammamel.com\\\/fr\\\/#\\\/schema\\\/person\\\/e4947ec778736abb506432321b636130\",\"name\":\"M\u00e9lanie Mongelli\",\"image\":{\"@type\":\"ImageObject\",\"inLanguage\":\"fr-FR\",\"@id\":\"https:\\\/\\\/www.ammamel.com\\\/wp-content\\\/uploads\\\/2024\\\/01\\\/ammamel.png\",\"url\":\"https:\\\/\\\/www.ammamel.com\\\/wp-content\\\/uploads\\\/2024\\\/01\\\/ammamel.png\",\"contentUrl\":\"https:\\\/\\\/www.ammamel.com\\\/wp-content\\\/uploads\\\/2024\\\/01\\\/ammamel.png\",\"width\":600,\"height\":600,\"caption\":\"M\u00e9lanie Mongelli\"},\"logo\":{\"@id\":\"https:\\\/\\\/www.ammamel.com\\\/wp-content\\\/uploads\\\/2024\\\/01\\\/ammamel.png\"},\"sameAs\":[\"https:\\\/\\\/www.ammamel.com\"]}]}<\/script>\n<!-- \/ Yoast SEO plugin. -->","yoast_head_json":{"title":"Qui est AmmaMel? - Ammamel","robots":{"index":"index","follow":"follow","max-snippet":"max-snippet:-1","max-image-preview":"max-image-preview:large","max-video-preview":"max-video-preview:-1"},"canonical":"https:\/\/www.ammamel.com\/fr\/qui-est-ammamel\/","og_locale":"fr_FR","og_type":"article","og_title":"Qui est AmmaMel? - Ammamel","og_description":"Je m\u2019appelle M\u00e9lanie et amma signifie en japonais \u00abcalmer avec les mains\u00bb. Sensibilis\u00e9e depuis toujours au bien-\u00eatre naturel et pr\u00e9ventif par une vie \u00e9quilibr\u00e9e, c&#8217;est tout naturellement que j\u2019ai d\u00e9cid\u00e9 me former aux soins holistiques \u00e9nerg\u00e9tiques, d\u2019esth\u00e9tique et de relaxation afin d\u2019accompagner au mieux les personnes qui souhaitent vivre, vieillir [&hellip;]","og_url":"https:\/\/www.ammamel.com\/fr\/qui-est-ammamel\/","og_site_name":"Ammamel","article_modified_time":"2025-11-12T10:25:45+00:00","og_image":[{"url":"https:\/\/www.ammamel.com\/wp-content\/uploads\/2024\/01\/Ammamel-Kobido-62-scaled.jpg","type":"","width":"","height":""}],"twitter_card":"summary_large_image","twitter_misc":{"Est. reading time":"3 minutes"},"schema":{"@context":"https:\/\/schema.org","@graph":[{"@type":"WebPage","@id":"https:\/\/www.ammamel.com\/fr\/qui-est-ammamel\/","url":"https:\/\/www.ammamel.com\/fr\/qui-est-ammamel\/","name":"Qui est AmmaMel? - Ammamel","isPartOf":{"@id":"https:\/\/www.ammamel.com\/fr\/#website"},"primaryImageOfPage":{"@id":"https:\/\/www.ammamel.com\/fr\/qui-est-ammamel\/#primaryimage"},"image":{"@id":"https:\/\/www.ammamel.com\/fr\/qui-est-ammamel\/#primaryimage"},"thumbnailUrl":"https:\/\/www.ammamel.com\/wp-content\/uploads\/2024\/01\/Ammamel-Kobido-62-scaled.jpg","datePublished":"2024-04-30T04:31:23+00:00","dateModified":"2025-11-12T10:25:45+00:00","breadcrumb":{"@id":"https:\/\/www.ammamel.com\/fr\/qui-est-ammamel\/#breadcrumb"},"inLanguage":"fr-FR","potentialAction":[{"@type":"ReadAction","target":["https:\/\/www.ammamel.com\/fr\/qui-est-ammamel\/"]}]},{"@type":"ImageObject","inLanguage":"fr-FR","@id":"https:\/\/www.ammamel.com\/fr\/qui-est-ammamel\/#primaryimage","url":"https:\/\/www.ammamel.com\/wp-content\/uploads\/2024\/01\/Ammamel-Kobido-62-scaled.jpg","contentUrl":"https:\/\/www.ammamel.com\/wp-content\/uploads\/2024\/01\/Ammamel-Kobido-62-scaled.jpg"},{"@type":"BreadcrumbList","@id":"https:\/\/www.ammamel.com\/fr\/qui-est-ammamel\/#breadcrumb","itemListElement":[{"@type":"ListItem","position":1,"name":"Portada","item":"https:\/\/www.ammamel.com\/fr\/"},{"@type":"ListItem","position":2,"name":"Qui est AmmaMel?"}]},{"@type":"WebSite","@id":"https:\/\/www.ammamel.com\/fr\/#website","url":"https:\/\/www.ammamel.com\/fr\/","name":"AmmaMel Massages","description":"Praticienne Bien \u00catre Holistique &amp; Shiatsu (Gironde)","publisher":{"@id":"https:\/\/www.ammamel.com\/fr\/#\/schema\/person\/e4947ec778736abb506432321b636130"},"potentialAction":[{"@type":"SearchAction","target":{"@type":"EntryPoint","urlTemplate":"https:\/\/www.ammamel.com\/fr\/?s={search_term_string}"},"query-input":{"@type":"PropertyValueSpecification","valueRequired":true,"valueName":"search_term_string"}}],"inLanguage":"fr-FR"},{"@type":["Person","Organization"],"@id":"https:\/\/www.ammamel.com\/fr\/#\/schema\/person\/e4947ec778736abb506432321b636130","name":"M\u00e9lanie Mongelli","image":{"@type":"ImageObject","inLanguage":"fr-FR","@id":"https:\/\/www.ammamel.com\/wp-content\/uploads\/2024\/01\/ammamel.png","url":"https:\/\/www.ammamel.com\/wp-content\/uploads\/2024\/01\/ammamel.png","contentUrl":"https:\/\/www.ammamel.com\/wp-content\/uploads\/2024\/01\/ammamel.png","width":600,"height":600,"caption":"M\u00e9lanie Mongelli"},"logo":{"@id":"https:\/\/www.ammamel.com\/wp-content\/uploads\/2024\/01\/ammamel.png"},"sameAs":["https:\/\/www.ammamel.com"]}]}},"_links":{"self":[{"href":"https:\/\/www.ammamel.com\/fr\/wp-json\/wp\/v2\/pages\/7021","targetHints":{"allow":["GET"]}}],"collection":[{"href":"https:\/\/www.ammamel.com\/fr\/wp-json\/wp\/v2\/pages"}],"about":[{"href":"https:\/\/www.ammamel.com\/fr\/wp-json\/wp\/v2\/types\/page"}],"author":[{"embeddable":true,"href":"https:\/\/www.ammamel.com\/fr\/wp-json\/wp\/v2\/users\/2"}],"replies":[{"embeddable":true,"href":"https:\/\/www.ammamel.com\/fr\/wp-json\/wp\/v2\/comments?post=7021"}],"version-history":[{"count":2,"href":"https:\/\/www.ammamel.com\/fr\/wp-json\/wp\/v2\/pages\/7021\/revisions"}],"predecessor-version":[{"id":7117,"href":"https:\/\/www.ammamel.com\/fr\/wp-json\/wp\/v2\/pages\/7021\/revisions\/7117"}],"wp:attachment":[{"href":"https:\/\/www.ammamel.com\/fr\/wp-json\/wp\/v2\/media?parent=7021"}],"curies":[{"name":"wp","href":"https:\/\/api.w.org\/{rel}","templated":true}]}}