{"id":6971,"date":"2024-04-29T06:28:35","date_gmt":"2024-04-29T06:28:35","guid":{"rendered":"https:\/\/www.ammamel.com\/massage-du-visage-freeflow\/"},"modified":"2024-04-29T06:28:35","modified_gmt":"2024-04-29T06:28:35","slug":"massage-du-visage-freeflow","status":"publish","type":"page","link":"https:\/\/www.ammamel.com\/fr\/massage-du-visage-freeflow\/","title":{"rendered":"Massage du visage FreeFlow"},"content":{"rendered":"\n<p>Lors de ce traitement facial enti\u00e8rement personalis\u00e9, je combine plusieurs techniques de massages et d\u2019esth\u00e9tique afin de r\u00e9pondre au mieux \u00e0 vos demandes, mais aussi aux besoins de votre visage.<\/p>\n\n<p>Soin particuli\u00e8rement recherch\u00e9 par les femmes, il est \u00e9galement demand\u00e9 par une client\u00e8le masculine. Nous souhaitons tous garder ou r\u00e9cup\u00e9rer un visage lumineux, d\u00e9tendu et rajeuni.<\/p>\n\n<p>Form\u00e9e au KinesioLifting Facial (par Sergiy Galchenko), alliant tecnniques d\u2019ostheopathie, travail de la fascia, et massage de relaxation musculaire intrabuccal et ext\u00e9rieur, je peux \u00e9galement utiliser des m\u00e9thodes de <a href=\"https:\/\/www.ammamel.com\/fr\/zen-shiatsu\/\">Shiatsu<\/a> et des points d\u2019acupuncture ou bien de fasciath\u00e9rapie. Dans certains cas, quelques mouvements du massage japonais <a href=\"https:\/\/www.ammamel.com\/fr\/massage-facial-kobido\/\">Kobido<\/a> traditionnel peut \u00eatre int\u00e9ressant \u00e9galement.<\/p>\n\n<p>Am\u00e8ne \u00e0 lib\u00e9rer des tensions au niveau du diaphragme, sternum, cervicales et m\u00eame ischions en d\u00e9but de s\u00e9ance, ce qui va aider \u00e0 la d\u00e9contraction des muscles du cou, de la m\u00e2choire et du visage, permettant un meilleur retour veineux et lymphatique. Ainsi, les effets du massage au niveau du visage seront potentialis\u00e9s et plus durables.<\/p>\n\n<p>La s\u00e9ance dure 90 minutes : le soin commence par un nettoyage et une exfoliation douce uniquement avec des soins naturels et \u00e9cologiques. <\/p>\n\n<p>Il s\u2019agit d\u2019un traitement enti\u00e8rement manuel, sans appareil (ou exceptionnellement avec des pierres comme la Gua Sha).<\/p>\n\n<p>Les hommes devront venir ras\u00e9 du jour m\u00eame.<\/p>\n\n<h3 class=\"wp-block-heading\">Indiqu\u00e9 pour :<\/h3>\n\n<ul class=\"wp-block-list\">\n<li>Aider \u00e0 la relaxation musculaire, pour un visage repos\u00e9 et d\u00e9tendu. Notamment dans le cas de tension \u00e0 la m\u00e2choire, ATM (bruxisme), muscles du cou ou\/et du regard (fatigue oculaire due au temps prolong\u00e9 sur les \u00e9crans par exemple)<\/li>\n\n\n\n<li>Redonner de l\u2019\u00e9clat et de la luminosit\u00e9 au teint gr\u00e2ce une stimulation et un meilleur retour veineux (\u00e9limination des toxines, production de collag\u00e8ne\u2026)<\/li>\n\n\n\n<li>Relancer le syst\u00e8me lymphatique, et favoriser le drainage. Aide au d\u00e9gonflement du visage en g\u00e9n\u00e9ral, des poches et cernes sous les yeux, double menton\u2026<\/li>\n\n\n\n<li>R\u00e9duction, disparition des rides.<\/li>\n\n\n\n<li>Combattre le rel\u00e2chement musculaire, flaccidit\u00e9 et redonner du tonus (ovale du visage, contour des yeux)<\/li>\n\n\n\n<li>Un moment de relaxation intense dont vous sentirez les b\u00e9n\u00e9fices \u00e0 un niveau g\u00e9n\u00e9ral<\/li>\n\n\n\n<li>Reconnecter avec soi-m\u00eame, sa beaut\u00e9 int\u00e9rieure et ext\u00e9rieure, accepter les effets du temps qui passe d\u2019une mani\u00e8re aimable et respectueuse. Retrouver la confiance en soi.<\/li>\n<\/ul>\n\n<h3 class=\"wp-block-heading\">Contre-indications<\/h3>\n\n<p>Ce traitement est d\u00e9conseill\u00e9 aux personnes souffrant de cancer ou de probl\u00e8mes cardiaques. En cas de fi\u00e8vre, d&#8217;\u00e9ruption cutan\u00e9e, de cicatrices r\u00e9centes ou d&#8217;acn\u00e9 s\u00e9v\u00e8re, le traitement sera effectu\u00e9 plus d\u00e9licatement ou peut \u00eatre contre-indiqu\u00e9, en fonction de la gravit\u00e9 de l&#8217;affection.<\/p>\n\n<p>Il est \u00e9galement d\u00e9conseill\u00e9 de combiner un soin du visage avec d&#8217;autres traitements de beaut\u00e9, tels que de la chirurgie, des injections de botox ou des traitements d&#8217;\u00e9lectrolyse, afin de laisser \u00e0 la peau du visage le temps de se reposer (minimum trois mois).<\/p>\n","protected":false},"excerpt":{"rendered":"<p>Lors de ce traitement facial enti\u00e8rement personalis\u00e9, je combine plusieurs techniques de massages et d\u2019esth\u00e9tique afin de r\u00e9pondre au mieux \u00e0 vos demandes, mais aussi aux besoins de votre visage. Soin particuli\u00e8rement recherch\u00e9 par les femmes, il est \u00e9galement demand\u00e9 par une client\u00e8le masculine. Nous souhaitons tous garder ou r\u00e9cup\u00e9rer [&hellip;]<\/p>\n","protected":false},"author":1,"featured_media":6773,"parent":0,"menu_order":0,"comment_status":"closed","ping_status":"closed","template":"","meta":{"inspiro_page_layout":"narrow","inspiro_hide_title":false,"footnotes":""},"class_list":["post-6971","page","type-page","status-publish","has-post-thumbnail","hentry"],"yoast_head":"<!-- This site is optimized with the Yoast SEO plugin v27.5 - https:\/\/yoast.com\/product\/yoast-seo-wordpress\/ -->\n<title>Massage du visage FreeFlow - Ammamel<\/title>\n<meta name=\"robots\" content=\"index, follow, max-snippet:-1, max-image-preview:large, max-video-preview:-1\" \/>\n<link rel=\"canonical\" href=\"https:\/\/www.ammamel.com\/fr\/massage-du-visage-freeflow\/\" \/>\n<meta property=\"og:locale\" content=\"fr_FR\" \/>\n<meta property=\"og:type\" content=\"article\" \/>\n<meta property=\"og:title\" content=\"Massage du visage FreeFlow - Ammamel\" \/>\n<meta property=\"og:description\" content=\"Lors de ce traitement facial enti\u00e8rement personalis\u00e9, je combine plusieurs techniques de massages et d\u2019esth\u00e9tique afin de r\u00e9pondre au mieux \u00e0 vos demandes, mais aussi aux besoins de votre visage. Soin particuli\u00e8rement recherch\u00e9 par les femmes, il est \u00e9galement demand\u00e9 par une client\u00e8le masculine. Nous souhaitons tous garder ou r\u00e9cup\u00e9rer [&hellip;]\" \/>\n<meta property=\"og:url\" content=\"https:\/\/www.ammamel.com\/fr\/massage-du-visage-freeflow\/\" \/>\n<meta property=\"og:site_name\" content=\"Ammamel\" \/>\n<meta property=\"og:image\" content=\"https:\/\/www.ammamel.com\/wp-content\/uploads\/2024\/01\/Ammamel-Kobido-55-scaled.jpg\" \/>\n\t<meta property=\"og:image:width\" content=\"2560\" \/>\n\t<meta property=\"og:image:height\" content=\"1707\" \/>\n\t<meta property=\"og:image:type\" content=\"image\/jpeg\" \/>\n<meta name=\"twitter:card\" content=\"summary_large_image\" \/>\n<meta name=\"twitter:label1\" content=\"Est. reading time\" \/>\n\t<meta name=\"twitter:data1\" content=\"2 minutes\" \/>\n<script type=\"application\/ld+json\" class=\"yoast-schema-graph\">{\"@context\":\"https:\\\/\\\/schema.org\",\"@graph\":[{\"@type\":\"WebPage\",\"@id\":\"https:\\\/\\\/www.ammamel.com\\\/fr\\\/massage-du-visage-freeflow\\\/\",\"url\":\"https:\\\/\\\/www.ammamel.com\\\/fr\\\/massage-du-visage-freeflow\\\/\",\"name\":\"Massage du visage FreeFlow - Ammamel\",\"isPartOf\":{\"@id\":\"https:\\\/\\\/www.ammamel.com\\\/fr\\\/#website\"},\"primaryImageOfPage\":{\"@id\":\"https:\\\/\\\/www.ammamel.com\\\/fr\\\/massage-du-visage-freeflow\\\/#primaryimage\"},\"image\":{\"@id\":\"https:\\\/\\\/www.ammamel.com\\\/fr\\\/massage-du-visage-freeflow\\\/#primaryimage\"},\"thumbnailUrl\":\"https:\\\/\\\/www.ammamel.com\\\/wp-content\\\/uploads\\\/2024\\\/01\\\/Ammamel-Kobido-55-scaled.jpg\",\"datePublished\":\"2024-04-29T06:28:35+00:00\",\"breadcrumb\":{\"@id\":\"https:\\\/\\\/www.ammamel.com\\\/fr\\\/massage-du-visage-freeflow\\\/#breadcrumb\"},\"inLanguage\":\"fr-FR\",\"potentialAction\":[{\"@type\":\"ReadAction\",\"target\":[\"https:\\\/\\\/www.ammamel.com\\\/fr\\\/massage-du-visage-freeflow\\\/\"]}]},{\"@type\":\"ImageObject\",\"inLanguage\":\"fr-FR\",\"@id\":\"https:\\\/\\\/www.ammamel.com\\\/fr\\\/massage-du-visage-freeflow\\\/#primaryimage\",\"url\":\"https:\\\/\\\/www.ammamel.com\\\/wp-content\\\/uploads\\\/2024\\\/01\\\/Ammamel-Kobido-55-scaled.jpg\",\"contentUrl\":\"https:\\\/\\\/www.ammamel.com\\\/wp-content\\\/uploads\\\/2024\\\/01\\\/Ammamel-Kobido-55-scaled.jpg\",\"width\":2560,\"height\":1707},{\"@type\":\"BreadcrumbList\",\"@id\":\"https:\\\/\\\/www.ammamel.com\\\/fr\\\/massage-du-visage-freeflow\\\/#breadcrumb\",\"itemListElement\":[{\"@type\":\"ListItem\",\"position\":1,\"name\":\"Portada\",\"item\":\"https:\\\/\\\/www.ammamel.com\\\/fr\\\/\"},{\"@type\":\"ListItem\",\"position\":2,\"name\":\"Massage du visage FreeFlow\"}]},{\"@type\":\"WebSite\",\"@id\":\"https:\\\/\\\/www.ammamel.com\\\/fr\\\/#website\",\"url\":\"https:\\\/\\\/www.ammamel.com\\\/fr\\\/\",\"name\":\"AmmaMel Massages\",\"description\":\"Praticienne Bien \u00catre Holistique &amp; Shiatsu (Gironde)\",\"publisher\":{\"@id\":\"https:\\\/\\\/www.ammamel.com\\\/fr\\\/#\\\/schema\\\/person\\\/e4947ec778736abb506432321b636130\"},\"potentialAction\":[{\"@type\":\"SearchAction\",\"target\":{\"@type\":\"EntryPoint\",\"urlTemplate\":\"https:\\\/\\\/www.ammamel.com\\\/fr\\\/?s={search_term_string}\"},\"query-input\":{\"@type\":\"PropertyValueSpecification\",\"valueRequired\":true,\"valueName\":\"search_term_string\"}}],\"inLanguage\":\"fr-FR\"},{\"@type\":[\"Person\",\"Organization\"],\"@id\":\"https:\\\/\\\/www.ammamel.com\\\/fr\\\/#\\\/schema\\\/person\\\/e4947ec778736abb506432321b636130\",\"name\":\"M\u00e9lanie Mongelli\",\"image\":{\"@type\":\"ImageObject\",\"inLanguage\":\"fr-FR\",\"@id\":\"https:\\\/\\\/www.ammamel.com\\\/wp-content\\\/uploads\\\/2024\\\/01\\\/ammamel.png\",\"url\":\"https:\\\/\\\/www.ammamel.com\\\/wp-content\\\/uploads\\\/2024\\\/01\\\/ammamel.png\",\"contentUrl\":\"https:\\\/\\\/www.ammamel.com\\\/wp-content\\\/uploads\\\/2024\\\/01\\\/ammamel.png\",\"width\":600,\"height\":600,\"caption\":\"M\u00e9lanie Mongelli\"},\"logo\":{\"@id\":\"https:\\\/\\\/www.ammamel.com\\\/wp-content\\\/uploads\\\/2024\\\/01\\\/ammamel.png\"},\"sameAs\":[\"https:\\\/\\\/www.ammamel.com\"]}]}<\/script>\n<!-- \/ Yoast SEO plugin. -->","yoast_head_json":{"title":"Massage du visage FreeFlow - Ammamel","robots":{"index":"index","follow":"follow","max-snippet":"max-snippet:-1","max-image-preview":"max-image-preview:large","max-video-preview":"max-video-preview:-1"},"canonical":"https:\/\/www.ammamel.com\/fr\/massage-du-visage-freeflow\/","og_locale":"fr_FR","og_type":"article","og_title":"Massage du visage FreeFlow - Ammamel","og_description":"Lors de ce traitement facial enti\u00e8rement personalis\u00e9, je combine plusieurs techniques de massages et d\u2019esth\u00e9tique afin de r\u00e9pondre au mieux \u00e0 vos demandes, mais aussi aux besoins de votre visage. Soin particuli\u00e8rement recherch\u00e9 par les femmes, il est \u00e9galement demand\u00e9 par une client\u00e8le masculine. Nous souhaitons tous garder ou r\u00e9cup\u00e9rer [&hellip;]","og_url":"https:\/\/www.ammamel.com\/fr\/massage-du-visage-freeflow\/","og_site_name":"Ammamel","og_image":[{"width":2560,"height":1707,"url":"https:\/\/www.ammamel.com\/wp-content\/uploads\/2024\/01\/Ammamel-Kobido-55-scaled.jpg","type":"image\/jpeg"}],"twitter_card":"summary_large_image","twitter_misc":{"Est. reading time":"2 minutes"},"schema":{"@context":"https:\/\/schema.org","@graph":[{"@type":"WebPage","@id":"https:\/\/www.ammamel.com\/fr\/massage-du-visage-freeflow\/","url":"https:\/\/www.ammamel.com\/fr\/massage-du-visage-freeflow\/","name":"Massage du visage FreeFlow - Ammamel","isPartOf":{"@id":"https:\/\/www.ammamel.com\/fr\/#website"},"primaryImageOfPage":{"@id":"https:\/\/www.ammamel.com\/fr\/massage-du-visage-freeflow\/#primaryimage"},"image":{"@id":"https:\/\/www.ammamel.com\/fr\/massage-du-visage-freeflow\/#primaryimage"},"thumbnailUrl":"https:\/\/www.ammamel.com\/wp-content\/uploads\/2024\/01\/Ammamel-Kobido-55-scaled.jpg","datePublished":"2024-04-29T06:28:35+00:00","breadcrumb":{"@id":"https:\/\/www.ammamel.com\/fr\/massage-du-visage-freeflow\/#breadcrumb"},"inLanguage":"fr-FR","potentialAction":[{"@type":"ReadAction","target":["https:\/\/www.ammamel.com\/fr\/massage-du-visage-freeflow\/"]}]},{"@type":"ImageObject","inLanguage":"fr-FR","@id":"https:\/\/www.ammamel.com\/fr\/massage-du-visage-freeflow\/#primaryimage","url":"https:\/\/www.ammamel.com\/wp-content\/uploads\/2024\/01\/Ammamel-Kobido-55-scaled.jpg","contentUrl":"https:\/\/www.ammamel.com\/wp-content\/uploads\/2024\/01\/Ammamel-Kobido-55-scaled.jpg","width":2560,"height":1707},{"@type":"BreadcrumbList","@id":"https:\/\/www.ammamel.com\/fr\/massage-du-visage-freeflow\/#breadcrumb","itemListElement":[{"@type":"ListItem","position":1,"name":"Portada","item":"https:\/\/www.ammamel.com\/fr\/"},{"@type":"ListItem","position":2,"name":"Massage du visage FreeFlow"}]},{"@type":"WebSite","@id":"https:\/\/www.ammamel.com\/fr\/#website","url":"https:\/\/www.ammamel.com\/fr\/","name":"AmmaMel Massages","description":"Praticienne Bien \u00catre Holistique &amp; Shiatsu (Gironde)","publisher":{"@id":"https:\/\/www.ammamel.com\/fr\/#\/schema\/person\/e4947ec778736abb506432321b636130"},"potentialAction":[{"@type":"SearchAction","target":{"@type":"EntryPoint","urlTemplate":"https:\/\/www.ammamel.com\/fr\/?s={search_term_string}"},"query-input":{"@type":"PropertyValueSpecification","valueRequired":true,"valueName":"search_term_string"}}],"inLanguage":"fr-FR"},{"@type":["Person","Organization"],"@id":"https:\/\/www.ammamel.com\/fr\/#\/schema\/person\/e4947ec778736abb506432321b636130","name":"M\u00e9lanie Mongelli","image":{"@type":"ImageObject","inLanguage":"fr-FR","@id":"https:\/\/www.ammamel.com\/wp-content\/uploads\/2024\/01\/ammamel.png","url":"https:\/\/www.ammamel.com\/wp-content\/uploads\/2024\/01\/ammamel.png","contentUrl":"https:\/\/www.ammamel.com\/wp-content\/uploads\/2024\/01\/ammamel.png","width":600,"height":600,"caption":"M\u00e9lanie Mongelli"},"logo":{"@id":"https:\/\/www.ammamel.com\/wp-content\/uploads\/2024\/01\/ammamel.png"},"sameAs":["https:\/\/www.ammamel.com"]}]}},"_links":{"self":[{"href":"https:\/\/www.ammamel.com\/fr\/wp-json\/wp\/v2\/pages\/6971","targetHints":{"allow":["GET"]}}],"collection":[{"href":"https:\/\/www.ammamel.com\/fr\/wp-json\/wp\/v2\/pages"}],"about":[{"href":"https:\/\/www.ammamel.com\/fr\/wp-json\/wp\/v2\/types\/page"}],"author":[{"embeddable":true,"href":"https:\/\/www.ammamel.com\/fr\/wp-json\/wp\/v2\/users\/1"}],"replies":[{"embeddable":true,"href":"https:\/\/www.ammamel.com\/fr\/wp-json\/wp\/v2\/comments?post=6971"}],"version-history":[{"count":1,"href":"https:\/\/www.ammamel.com\/fr\/wp-json\/wp\/v2\/pages\/6971\/revisions"}],"predecessor-version":[{"id":6972,"href":"https:\/\/www.ammamel.com\/fr\/wp-json\/wp\/v2\/pages\/6971\/revisions\/6972"}],"wp:featuredmedia":[{"embeddable":true,"href":"https:\/\/www.ammamel.com\/fr\/wp-json\/wp\/v2\/media\/6773"}],"wp:attachment":[{"href":"https:\/\/www.ammamel.com\/fr\/wp-json\/wp\/v2\/media?parent=6971"}],"curies":[{"name":"wp","href":"https:\/\/api.w.org\/{rel}","templated":true}]}}