{"id":6958,"date":"2024-04-29T06:13:42","date_gmt":"2024-04-29T06:13:42","guid":{"rendered":"https:\/\/www.ammamel.com\/soins-du-visage\/"},"modified":"2024-12-01T06:20:11","modified_gmt":"2024-12-01T06:20:11","slug":"soins-du-visage","status":"publish","type":"page","link":"https:\/\/www.ammamel.com\/fr\/soins-du-visage\/","title":{"rendered":"Soins du visage"},"content":{"rendered":"\t\t<div data-elementor-type=\"wp-page\" data-elementor-id=\"6958\" class=\"elementor elementor-6958 elementor-6943\">\n\t\t\t\t\t\t<section class=\"elementor-section elementor-top-section elementor-element elementor-element-d2afee8 elementor-section-boxed elementor-section-height-default elementor-section-height-default\" data-id=\"d2afee8\" data-element_type=\"section\" data-e-type=\"section\">\n\t\t\t\t\t\t<div class=\"elementor-container elementor-column-gap-default\">\n\t\t\t\t\t<div class=\"elementor-column elementor-col-100 elementor-top-column elementor-element elementor-element-403a1e6\" data-id=\"403a1e6\" data-element_type=\"column\" data-e-type=\"column\">\n\t\t\t<div class=\"elementor-widget-wrap elementor-element-populated\">\n\t\t\t\t\t\t<div class=\"elementor-element elementor-element-686e176 elementor-widget elementor-widget-text-editor\" data-id=\"686e176\" data-element_type=\"widget\" data-e-type=\"widget\" data-widget_type=\"text-editor.default\">\n\t\t\t\t<div class=\"elementor-widget-container\">\n\t\t\t\t\t\t\t\t\t<p dir=\"ltr\">Chaque visage est unique, il en est notre identit\u00e9, le lieu de la reconnaissance mutuelle. Chaque ride est le t\u00e9moin de notre histoire et nos \u00e9motions, notre qualit\u00e9 de vie&#8230; et du temps qui passe.<\/p>\n<p dir=\"ltr\">Pour cela, c&#8217;est la partie de notre corps dont nous nous pr\u00e9occupons le plus et qui par cons\u00e9quent m\u00e9rite le plus de soin. Visage lumineux, peau \u00e9clatante, traits d\u00e9tendus et rides r\u00e9duites : les soins de visage \u00e0 travers les pratiques manuelles naturelles, holistiques et anti\u00e2ges permettent d&#8217;accompagner ce processus. <\/p>\n<p dir=\"ltr\">Vieillir bien, sans modifier notre essence.<\/p>\n\t\t\t\t\t\t\t\t<\/div>\n\t\t\t\t<\/div>\n\t\t\t\t\t<\/div>\n\t\t<\/div>\n\t\t\t\t\t<\/div>\n\t\t<\/section>\n\t\t\t\t<section class=\"elementor-section elementor-top-section elementor-element elementor-element-0d9d79c elementor-section-boxed elementor-section-height-default elementor-section-height-default\" data-id=\"0d9d79c\" data-element_type=\"section\" data-e-type=\"section\">\n\t\t\t\t\t\t<div class=\"elementor-container elementor-column-gap-default\">\n\t\t\t\t\t<div class=\"elementor-column elementor-col-100 elementor-top-column elementor-element elementor-element-d944d82\" data-id=\"d944d82\" data-element_type=\"column\" data-e-type=\"column\">\n\t\t\t<div class=\"elementor-widget-wrap\">\n\t\t\t\t\t\t\t<\/div>\n\t\t<\/div>\n\t\t\t\t\t<\/div>\n\t\t<\/section>\n\t\t\t\t<section class=\"elementor-section elementor-inner-section elementor-element elementor-element-9282d79 elementor-section-boxed elementor-section-height-default elementor-section-height-default\" data-id=\"9282d79\" data-element_type=\"section\" data-e-type=\"section\">\n\t\t\t\t\t\t<div class=\"elementor-container elementor-column-gap-default\">\n\t\t\t\t\t<div class=\"elementor-column elementor-col-50 elementor-inner-column elementor-element elementor-element-839be88\" data-id=\"839be88\" data-element_type=\"column\" data-e-type=\"column\" data-settings=\"{&quot;background_background&quot;:&quot;classic&quot;}\">\n\t\t\t<div class=\"elementor-widget-wrap elementor-element-populated\">\n\t\t\t\t\t\t<div class=\"elementor-element elementor-element-2aef4ba elementor-widget elementor-widget-heading\" data-id=\"2aef4ba\" data-element_type=\"widget\" data-e-type=\"widget\" data-widget_type=\"heading.default\">\n\t\t\t\t<div class=\"elementor-widget-container\">\n\t\t\t\t\t<h3 class=\"elementor-heading-title elementor-size-default\">Massage du visage Kobido<br><\/h3>\t\t\t\t<\/div>\n\t\t\t\t<\/div>\n\t\t\t\t<div class=\"elementor-element elementor-element-0e275db elementor-widget elementor-widget-text-editor\" data-id=\"0e275db\" data-element_type=\"widget\" data-e-type=\"widget\" data-widget_type=\"text-editor.default\">\n\t\t\t\t<div class=\"elementor-widget-container\">\n\t\t\t\t\t\t\t\t\t<p>Le Kobido, connu sous le nom de lifting naturel japonais, est un massage ancestral qui se pratique principalement sur le visage. Ses effets sont tels qu&#8217;il offre une seconde jeunesse \u00e0 la peau du visage.<\/p>\n\t\t\t\t\t\t\t\t<\/div>\n\t\t\t\t<\/div>\n\t\t\t\t<div class=\"elementor-element elementor-element-27fbdaf elementor-align-center elementor-widget elementor-widget-button\" data-id=\"27fbdaf\" data-element_type=\"widget\" data-e-type=\"widget\" data-widget_type=\"button.default\">\n\t\t\t\t<div class=\"elementor-widget-container\">\n\t\t\t\t\t\t\t\t\t<div class=\"elementor-button-wrapper\">\n\t\t\t\t\t<a class=\"elementor-button elementor-button-link elementor-size-md\" href=\"https:\/\/www.ammamel.com\/fr\/massage-facial-kobido\/\">\n\t\t\t\t\t\t<span class=\"elementor-button-content-wrapper\">\n\t\t\t\t\t\t\t\t\t<span class=\"elementor-button-text\">\u00bb Massage facial Kobido<\/span>\n\t\t\t\t\t<\/span>\n\t\t\t\t\t<\/a>\n\t\t\t\t<\/div>\n\t\t\t\t\t\t\t\t<\/div>\n\t\t\t\t<\/div>\n\t\t\t\t\t<\/div>\n\t\t<\/div>\n\t\t\t\t<div class=\"elementor-column elementor-col-50 elementor-inner-column elementor-element elementor-element-172f0bc\" data-id=\"172f0bc\" data-element_type=\"column\" data-e-type=\"column\" data-settings=\"{&quot;background_background&quot;:&quot;classic&quot;}\">\n\t\t\t<div class=\"elementor-widget-wrap elementor-element-populated\">\n\t\t\t\t\t\t<div class=\"elementor-element elementor-element-13af1db elementor-widget elementor-widget-heading\" data-id=\"13af1db\" data-element_type=\"widget\" data-e-type=\"widget\" data-widget_type=\"heading.default\">\n\t\t\t\t<div class=\"elementor-widget-container\">\n\t\t\t\t\t<h3 class=\"elementor-heading-title elementor-size-default\">FreeFlow Facial<br>(AmmaMel signature)<\/h3>\t\t\t\t<\/div>\n\t\t\t\t<\/div>\n\t\t\t\t<div class=\"elementor-element elementor-element-e9f2221 elementor-widget elementor-widget-text-editor\" data-id=\"e9f2221\" data-element_type=\"widget\" data-e-type=\"widget\" data-widget_type=\"text-editor.default\">\n\t\t\t\t<div class=\"elementor-widget-container\">\n\t\t\t\t\t\t\t\t\t<p>Lors de ce traitement facial enti\u00e8rement personalis\u00e9, je combine plusieurs techniques de massages et d\u2019esth\u00e9tique afin de r\u00e9pondre au mieux \u00e0 vos demandes, mais aussi aux besoins de votre visage.<\/p>\n\t\t\t\t\t\t\t\t<\/div>\n\t\t\t\t<\/div>\n\t\t\t\t<div class=\"elementor-element elementor-element-d5766ff elementor-align-center elementor-widget elementor-widget-button\" data-id=\"d5766ff\" data-element_type=\"widget\" data-e-type=\"widget\" data-widget_type=\"button.default\">\n\t\t\t\t<div class=\"elementor-widget-container\">\n\t\t\t\t\t\t\t\t\t<div class=\"elementor-button-wrapper\">\n\t\t\t\t\t<a class=\"elementor-button elementor-button-link elementor-size-md\" href=\"https:\/\/www.ammamel.com\/fr\/massage-du-visage-freeflow\/\">\n\t\t\t\t\t\t<span class=\"elementor-button-content-wrapper\">\n\t\t\t\t\t\t\t\t\t<span class=\"elementor-button-text\">\u00bb Massage du visage FreeFlow<\/span>\n\t\t\t\t\t<\/span>\n\t\t\t\t\t<\/a>\n\t\t\t\t<\/div>\n\t\t\t\t\t\t\t\t<\/div>\n\t\t\t\t<\/div>\n\t\t\t\t\t<\/div>\n\t\t<\/div>\n\t\t\t\t\t<\/div>\n\t\t<\/section>\n\t\t\t\t<\/div>\n\t\t","protected":false},"excerpt":{"rendered":"<p>Chaque visage est unique, il en est notre identit\u00e9, le lieu de la reconnaissance mutuelle. Chaque ride est le t\u00e9moin de notre histoire et nos \u00e9motions, notre qualit\u00e9 de vie&#8230; et du temps qui passe. Pour cela, c&#8217;est la partie de notre corps dont nous nous pr\u00e9occupons le plus et [&hellip;]<\/p>\n","protected":false},"author":1,"featured_media":0,"parent":0,"menu_order":0,"comment_status":"closed","ping_status":"closed","template":"","meta":{"inspiro_page_layout":"narrow","inspiro_hide_title":false,"footnotes":""},"class_list":["post-6958","page","type-page","status-publish","hentry"],"yoast_head":"<!-- This site is optimized with the Yoast SEO plugin v27.4 - https:\/\/yoast.com\/product\/yoast-seo-wordpress\/ -->\n<title>Soins du visage - Ammamel<\/title>\n<meta name=\"robots\" content=\"index, follow, max-snippet:-1, max-image-preview:large, max-video-preview:-1\" \/>\n<link rel=\"canonical\" href=\"https:\/\/www.ammamel.com\/fr\/soins-du-visage\/\" \/>\n<meta property=\"og:locale\" content=\"fr_FR\" \/>\n<meta property=\"og:type\" content=\"article\" \/>\n<meta property=\"og:title\" content=\"Soins du visage - Ammamel\" \/>\n<meta property=\"og:description\" content=\"Chaque visage est unique, il en est notre identit\u00e9, le lieu de la reconnaissance mutuelle. Chaque ride est le t\u00e9moin de notre histoire et nos \u00e9motions, notre qualit\u00e9 de vie&#8230; et du temps qui passe. Pour cela, c&#8217;est la partie de notre corps dont nous nous pr\u00e9occupons le plus et [&hellip;]\" \/>\n<meta property=\"og:url\" content=\"https:\/\/www.ammamel.com\/fr\/soins-du-visage\/\" \/>\n<meta property=\"og:site_name\" content=\"Ammamel\" \/>\n<meta property=\"article:modified_time\" content=\"2024-12-01T06:20:11+00:00\" \/>\n<meta property=\"og:image\" content=\"https:\/\/www.ammamel.com\/wp-content\/uploads\/2024\/01\/Ammamel-Kobido-55-scaled.jpg\" \/>\n\t<meta property=\"og:image:width\" content=\"2560\" \/>\n\t<meta property=\"og:image:height\" content=\"1707\" \/>\n\t<meta property=\"og:image:type\" content=\"image\/jpeg\" \/>\n<meta name=\"twitter:card\" content=\"summary_large_image\" \/>\n<meta name=\"twitter:label1\" content=\"Est. reading time\" \/>\n\t<meta name=\"twitter:data1\" content=\"1 minute\" \/>\n<script type=\"application\/ld+json\" class=\"yoast-schema-graph\">{\"@context\":\"https:\\\/\\\/schema.org\",\"@graph\":[{\"@type\":\"WebPage\",\"@id\":\"https:\\\/\\\/www.ammamel.com\\\/fr\\\/soins-du-visage\\\/\",\"url\":\"https:\\\/\\\/www.ammamel.com\\\/fr\\\/soins-du-visage\\\/\",\"name\":\"Soins du visage - Ammamel\",\"isPartOf\":{\"@id\":\"https:\\\/\\\/www.ammamel.com\\\/fr\\\/#website\"},\"datePublished\":\"2024-04-29T06:13:42+00:00\",\"dateModified\":\"2024-12-01T06:20:11+00:00\",\"breadcrumb\":{\"@id\":\"https:\\\/\\\/www.ammamel.com\\\/fr\\\/soins-du-visage\\\/#breadcrumb\"},\"inLanguage\":\"fr-FR\",\"potentialAction\":[{\"@type\":\"ReadAction\",\"target\":[\"https:\\\/\\\/www.ammamel.com\\\/fr\\\/soins-du-visage\\\/\"]}]},{\"@type\":\"BreadcrumbList\",\"@id\":\"https:\\\/\\\/www.ammamel.com\\\/fr\\\/soins-du-visage\\\/#breadcrumb\",\"itemListElement\":[{\"@type\":\"ListItem\",\"position\":1,\"name\":\"Portada\",\"item\":\"https:\\\/\\\/www.ammamel.com\\\/fr\\\/\"},{\"@type\":\"ListItem\",\"position\":2,\"name\":\"Soins du visage\"}]},{\"@type\":\"WebSite\",\"@id\":\"https:\\\/\\\/www.ammamel.com\\\/fr\\\/#website\",\"url\":\"https:\\\/\\\/www.ammamel.com\\\/fr\\\/\",\"name\":\"AmmaMel Massages\",\"description\":\"Praticienne Bien \u00catre Holistique &amp; Shiatsu (Gironde)\",\"publisher\":{\"@id\":\"https:\\\/\\\/www.ammamel.com\\\/fr\\\/#\\\/schema\\\/person\\\/e4947ec778736abb506432321b636130\"},\"potentialAction\":[{\"@type\":\"SearchAction\",\"target\":{\"@type\":\"EntryPoint\",\"urlTemplate\":\"https:\\\/\\\/www.ammamel.com\\\/fr\\\/?s={search_term_string}\"},\"query-input\":{\"@type\":\"PropertyValueSpecification\",\"valueRequired\":true,\"valueName\":\"search_term_string\"}}],\"inLanguage\":\"fr-FR\"},{\"@type\":[\"Person\",\"Organization\"],\"@id\":\"https:\\\/\\\/www.ammamel.com\\\/fr\\\/#\\\/schema\\\/person\\\/e4947ec778736abb506432321b636130\",\"name\":\"M\u00e9lanie Mongelli\",\"image\":{\"@type\":\"ImageObject\",\"inLanguage\":\"fr-FR\",\"@id\":\"https:\\\/\\\/www.ammamel.com\\\/wp-content\\\/uploads\\\/2024\\\/01\\\/ammamel.png\",\"url\":\"https:\\\/\\\/www.ammamel.com\\\/wp-content\\\/uploads\\\/2024\\\/01\\\/ammamel.png\",\"contentUrl\":\"https:\\\/\\\/www.ammamel.com\\\/wp-content\\\/uploads\\\/2024\\\/01\\\/ammamel.png\",\"width\":600,\"height\":600,\"caption\":\"M\u00e9lanie Mongelli\"},\"logo\":{\"@id\":\"https:\\\/\\\/www.ammamel.com\\\/wp-content\\\/uploads\\\/2024\\\/01\\\/ammamel.png\"},\"sameAs\":[\"https:\\\/\\\/www.ammamel.com\"]}]}<\/script>\n<!-- \/ Yoast SEO plugin. -->","yoast_head_json":{"title":"Soins du visage - Ammamel","robots":{"index":"index","follow":"follow","max-snippet":"max-snippet:-1","max-image-preview":"max-image-preview:large","max-video-preview":"max-video-preview:-1"},"canonical":"https:\/\/www.ammamel.com\/fr\/soins-du-visage\/","og_locale":"fr_FR","og_type":"article","og_title":"Soins du visage - Ammamel","og_description":"Chaque visage est unique, il en est notre identit\u00e9, le lieu de la reconnaissance mutuelle. Chaque ride est le t\u00e9moin de notre histoire et nos \u00e9motions, notre qualit\u00e9 de vie&#8230; et du temps qui passe. Pour cela, c&#8217;est la partie de notre corps dont nous nous pr\u00e9occupons le plus et [&hellip;]","og_url":"https:\/\/www.ammamel.com\/fr\/soins-du-visage\/","og_site_name":"Ammamel","article_modified_time":"2024-12-01T06:20:11+00:00","og_image":[{"width":2560,"height":1707,"url":"https:\/\/www.ammamel.com\/wp-content\/uploads\/2024\/01\/Ammamel-Kobido-55-scaled.jpg","type":"image\/jpeg"}],"twitter_card":"summary_large_image","twitter_misc":{"Est. reading time":"1 minute"},"schema":{"@context":"https:\/\/schema.org","@graph":[{"@type":"WebPage","@id":"https:\/\/www.ammamel.com\/fr\/soins-du-visage\/","url":"https:\/\/www.ammamel.com\/fr\/soins-du-visage\/","name":"Soins du visage - Ammamel","isPartOf":{"@id":"https:\/\/www.ammamel.com\/fr\/#website"},"datePublished":"2024-04-29T06:13:42+00:00","dateModified":"2024-12-01T06:20:11+00:00","breadcrumb":{"@id":"https:\/\/www.ammamel.com\/fr\/soins-du-visage\/#breadcrumb"},"inLanguage":"fr-FR","potentialAction":[{"@type":"ReadAction","target":["https:\/\/www.ammamel.com\/fr\/soins-du-visage\/"]}]},{"@type":"BreadcrumbList","@id":"https:\/\/www.ammamel.com\/fr\/soins-du-visage\/#breadcrumb","itemListElement":[{"@type":"ListItem","position":1,"name":"Portada","item":"https:\/\/www.ammamel.com\/fr\/"},{"@type":"ListItem","position":2,"name":"Soins du visage"}]},{"@type":"WebSite","@id":"https:\/\/www.ammamel.com\/fr\/#website","url":"https:\/\/www.ammamel.com\/fr\/","name":"AmmaMel Massages","description":"Praticienne Bien \u00catre Holistique &amp; Shiatsu (Gironde)","publisher":{"@id":"https:\/\/www.ammamel.com\/fr\/#\/schema\/person\/e4947ec778736abb506432321b636130"},"potentialAction":[{"@type":"SearchAction","target":{"@type":"EntryPoint","urlTemplate":"https:\/\/www.ammamel.com\/fr\/?s={search_term_string}"},"query-input":{"@type":"PropertyValueSpecification","valueRequired":true,"valueName":"search_term_string"}}],"inLanguage":"fr-FR"},{"@type":["Person","Organization"],"@id":"https:\/\/www.ammamel.com\/fr\/#\/schema\/person\/e4947ec778736abb506432321b636130","name":"M\u00e9lanie Mongelli","image":{"@type":"ImageObject","inLanguage":"fr-FR","@id":"https:\/\/www.ammamel.com\/wp-content\/uploads\/2024\/01\/ammamel.png","url":"https:\/\/www.ammamel.com\/wp-content\/uploads\/2024\/01\/ammamel.png","contentUrl":"https:\/\/www.ammamel.com\/wp-content\/uploads\/2024\/01\/ammamel.png","width":600,"height":600,"caption":"M\u00e9lanie Mongelli"},"logo":{"@id":"https:\/\/www.ammamel.com\/wp-content\/uploads\/2024\/01\/ammamel.png"},"sameAs":["https:\/\/www.ammamel.com"]}]}},"_links":{"self":[{"href":"https:\/\/www.ammamel.com\/fr\/wp-json\/wp\/v2\/pages\/6958","targetHints":{"allow":["GET"]}}],"collection":[{"href":"https:\/\/www.ammamel.com\/fr\/wp-json\/wp\/v2\/pages"}],"about":[{"href":"https:\/\/www.ammamel.com\/fr\/wp-json\/wp\/v2\/types\/page"}],"author":[{"embeddable":true,"href":"https:\/\/www.ammamel.com\/fr\/wp-json\/wp\/v2\/users\/1"}],"replies":[{"embeddable":true,"href":"https:\/\/www.ammamel.com\/fr\/wp-json\/wp\/v2\/comments?post=6958"}],"version-history":[{"count":7,"href":"https:\/\/www.ammamel.com\/fr\/wp-json\/wp\/v2\/pages\/6958\/revisions"}],"predecessor-version":[{"id":7126,"href":"https:\/\/www.ammamel.com\/fr\/wp-json\/wp\/v2\/pages\/6958\/revisions\/7126"}],"wp:attachment":[{"href":"https:\/\/www.ammamel.com\/fr\/wp-json\/wp\/v2\/media?parent=6958"}],"curies":[{"name":"wp","href":"https:\/\/api.w.org\/{rel}","templated":true}]}}