{"id":6934,"date":"2024-04-29T05:49:00","date_gmt":"2024-04-29T05:49:00","guid":{"rendered":"https:\/\/www.ammamel.com\/massage-facial-kobido\/"},"modified":"2024-12-06T11:49:01","modified_gmt":"2024-12-06T11:49:01","slug":"massage-facial-kobido","status":"publish","type":"page","link":"https:\/\/www.ammamel.com\/fr\/massage-facial-kobido\/","title":{"rendered":"Massage facial Kobido"},"content":{"rendered":"\n<p>Le Kobido, connu sous le nom de lifting naturel japonais, est un massage ancestral qui se pratique principalement sur le visage. Ses effets sont tels qu&#8217;il offre une seconde jeunesse \u00e0 la peau du visage.<\/p>\n\n\n\n<figure class=\"wp-block-video\"><video autoplay controls loop muted poster=\"https:\/\/www.ammamel.com\/wp-content\/uploads\/2024\/01\/Ammamel-Kobido-62-scaled.jpg\" src=\"https:\/\/www.ammamel.com\/wp-content\/uploads\/ammamel-kobido.mp4\" playsinline><\/video><\/figure>\n\n\n\n<hr class=\"wp-block-separator has-alpha-channel-opacity\"\/>\n\n\n\n<h3 class=\"wp-block-heading\">Les bienfaits du massage<\/h3>\n\n\n\n<ul class=\"wp-block-list\">\n<li>Combat la flaccidit\u00e9 de la peau<\/li>\n\n\n\n<li>R\u00e9duit les effets du stress<\/li>\n\n\n\n<li>Redonne de l&#8217;\u00e9clat \u00e0 la peau<\/li>\n\n\n\n<li>Augmente l&#8217;\u00e9lasticit\u00e9 de la peau<\/li>\n\n\n\n<li>Stimule la microcirculation lymphatique et sanguine<\/li>\n\n\n\n<li>R\u00e9duit les cernes et les poches sous les yeux<\/li>\n\n\n\n<li>R\u00e9duit la profondeur des rides<\/li>\n\n\n\n<li>Active la production de collag\u00e8ne<\/li>\n<\/ul>\n\n\n\n<figure class=\"wp-block-image size-large\"><img fetchpriority=\"high\" decoding=\"async\" width=\"1024\" height=\"683\" src=\"https:\/\/www.ammamel.com\/wp-content\/uploads\/2024\/01\/Ammamel-Kobido-62-1024x683.jpg\" alt=\"\" class=\"wp-image-6271\" srcset=\"https:\/\/www.ammamel.com\/wp-content\/uploads\/2024\/01\/Ammamel-Kobido-62-1024x683.jpg 1024w, https:\/\/www.ammamel.com\/wp-content\/uploads\/2024\/01\/Ammamel-Kobido-62-300x200.jpg 300w, https:\/\/www.ammamel.com\/wp-content\/uploads\/2024\/01\/Ammamel-Kobido-62-768x512.jpg 768w, https:\/\/www.ammamel.com\/wp-content\/uploads\/2024\/01\/Ammamel-Kobido-62-1536x1024.jpg 1536w, https:\/\/www.ammamel.com\/wp-content\/uploads\/2024\/01\/Ammamel-Kobido-62-2048x1365.jpg 2048w, https:\/\/www.ammamel.com\/wp-content\/uploads\/2024\/01\/Ammamel-Kobido-62-2000x1333.jpg 2000w, https:\/\/www.ammamel.com\/wp-content\/uploads\/2024\/01\/Ammamel-Kobido-62-1000x667.jpg 1000w, https:\/\/www.ammamel.com\/wp-content\/uploads\/2024\/01\/Ammamel-Kobido-62-1800x1200.jpg 1800w, https:\/\/www.ammamel.com\/wp-content\/uploads\/2024\/01\/Ammamel-Kobido-62-840x560.jpg 840w, https:\/\/www.ammamel.com\/wp-content\/uploads\/2024\/01\/Ammamel-Kobido-62-600x400.jpg 600w\" sizes=\"(max-width: 1024px) 100vw, 1024px\" \/><\/figure>\n\n\n\n<p>Le massage Kobido signifie &#8220;la voie antique de la beaut\u00e9&#8221;. Plus qu&#8217;un massage, il s&#8217;agit d&#8217;un art anti-\u00e2ge ancestral japonais dont les origines remontent \u00e0 la fin du XVe si\u00e8cle, cr\u00e9\u00e9 \u00e0 partir des techniques traditionnelles de massage <a href=\"https:\/\/www.ammamel.com\/fr\/amma-assis\/\">Amma<\/a> et <a href=\"https:\/\/www.ammamel.com\/fr\/zen-shiatsu\/\">Shiatsu<\/a>.<\/p>\n\n\n\n<p>Autrefois secret de beaut\u00e9 des imp\u00e9ratrices et des Geishas, je vous propose aujourd&#8217;hui l&#8217;exp\u00e9rience de ce massage liftant naturel.<\/p>\n\n\n\n<p>La pratique r\u00e9guli\u00e8re de cette technique prolonge et restaure la jeunesse du visage en lissant et tonifiant les muscles, en purifiant la peau et en lui redonnant de l&#8217;\u00e9clat.<\/p>\n\n\n\n<p>La s\u00e9ance d\u00e9bute par un contact relaxant qui vous permettra de vous d\u00e9connecter du quotidien, de rel\u00e2cher vos muscles et d&#8217;appr\u00e9cier profond\u00e9ment le massage. Ensuite, une danse d\u00e9licate de mes doigts sur la peau, avec des techniques pr\u00e9cises, du rythme et un toucher respectueux, stimule la circulation sanguine, draine et redessine les traits et l&#8217;ovale du visage.<\/p>\n\n\n\n<h3 class=\"wp-block-heading\">Contre-indications<\/h3>\n\n\n\n<p>Ce traitement est d\u00e9conseill\u00e9 aux personnes souffrant de cancer ou de probl\u00e8mes cardiaques. En cas de fi\u00e8vre, d&#8217;\u00e9ruption cutan\u00e9e, de cicatrices r\u00e9centes ou d&#8217;acn\u00e9 s\u00e9v\u00e8re, le traitement sera effectu\u00e9 plus d\u00e9licatement ou peut \u00eatre contre-indiqu\u00e9, en fonction de la gravit\u00e9 de l&#8217;affection.<\/p>\n\n\n\n<p>Il est \u00e9galement d\u00e9conseill\u00e9 de combiner un soin du visage japonais avec d&#8217;autres traitements de beaut\u00e9, tels que des injections de botox ou des traitements d&#8217;\u00e9lectrolyse, afin de laisser \u00e0 la peau du visage le temps de se reposer.<\/p>\n\n\n\n<p>Les hommes devront venir se faire raser le m\u00eame jour. <\/p>\n\n\n\n<hr class=\"wp-block-separator has-alpha-channel-opacity\"\/>\n\n\n\n<p>Si vous souhaitez obtenir plus d&#8217;informations ou r\u00e9server une session \u00e0 Parempuyre &#8211; Bordeaux (Gironde), vous pouvez nous contacter \u00e0 l&#8217;adresse <a href=\"https:\/\/wa.me\/33681083024\" target=\"_blank\" rel=\"noreferrer noopener\">0681083024<\/a> (\u00e9galement par WhatsApp) ou via le <a href=\"https:\/\/www.ammamel.com\/fr\/contact\/\">formulaire de contact<\/a>.<\/p>\n","protected":false},"excerpt":{"rendered":"<p>Le Kobido, connu sous le nom de lifting naturel japonais, est un massage ancestral qui se pratique principalement sur le visage. Ses effets sont tels qu&#8217;il offre une seconde jeunesse \u00e0 la peau du visage. Les bienfaits du massage Le massage Kobido signifie &#8220;la voie antique de la beaut\u00e9&#8221;. Plus [&hellip;]<\/p>\n","protected":false},"author":2,"featured_media":6773,"parent":0,"menu_order":0,"comment_status":"closed","ping_status":"closed","template":"","meta":{"inspiro_page_layout":"narrow","inspiro_hide_title":false,"footnotes":""},"class_list":["post-6934","page","type-page","status-publish","has-post-thumbnail","hentry"],"yoast_head":"<!-- This site is optimized with the Yoast SEO plugin v27.5 - https:\/\/yoast.com\/product\/yoast-seo-wordpress\/ -->\n<title>Massage facial Kobido - Ammamel<\/title>\n<meta name=\"robots\" content=\"index, follow, max-snippet:-1, max-image-preview:large, max-video-preview:-1\" \/>\n<link rel=\"canonical\" href=\"https:\/\/www.ammamel.com\/fr\/massage-facial-kobido\/\" \/>\n<meta property=\"og:locale\" content=\"fr_FR\" \/>\n<meta property=\"og:type\" content=\"article\" \/>\n<meta property=\"og:title\" content=\"Massage facial Kobido - Ammamel\" \/>\n<meta property=\"og:description\" content=\"Le Kobido, connu sous le nom de lifting naturel japonais, est un massage ancestral qui se pratique principalement sur le visage. Ses effets sont tels qu&#8217;il offre une seconde jeunesse \u00e0 la peau du visage. Les bienfaits du massage Le massage Kobido signifie &#8220;la voie antique de la beaut\u00e9&#8221;. Plus [&hellip;]\" \/>\n<meta property=\"og:url\" content=\"https:\/\/www.ammamel.com\/fr\/massage-facial-kobido\/\" \/>\n<meta property=\"og:site_name\" content=\"Ammamel\" \/>\n<meta property=\"article:modified_time\" content=\"2024-12-06T11:49:01+00:00\" \/>\n<meta property=\"og:image\" content=\"https:\/\/www.ammamel.com\/wp-content\/uploads\/2024\/01\/Ammamel-Kobido-55-scaled.jpg\" \/>\n\t<meta property=\"og:image:width\" content=\"2560\" \/>\n\t<meta property=\"og:image:height\" content=\"1707\" \/>\n\t<meta property=\"og:image:type\" content=\"image\/jpeg\" \/>\n<meta name=\"twitter:card\" content=\"summary_large_image\" \/>\n<meta name=\"twitter:label1\" content=\"Est. reading time\" \/>\n\t<meta name=\"twitter:data1\" content=\"2 minutes\" \/>\n<script type=\"application\/ld+json\" class=\"yoast-schema-graph\">{\"@context\":\"https:\\\/\\\/schema.org\",\"@graph\":[{\"@type\":\"WebPage\",\"@id\":\"https:\\\/\\\/www.ammamel.com\\\/fr\\\/massage-facial-kobido\\\/\",\"url\":\"https:\\\/\\\/www.ammamel.com\\\/fr\\\/massage-facial-kobido\\\/\",\"name\":\"Massage facial Kobido - Ammamel\",\"isPartOf\":{\"@id\":\"https:\\\/\\\/www.ammamel.com\\\/fr\\\/#website\"},\"primaryImageOfPage\":{\"@id\":\"https:\\\/\\\/www.ammamel.com\\\/fr\\\/massage-facial-kobido\\\/#primaryimage\"},\"image\":{\"@id\":\"https:\\\/\\\/www.ammamel.com\\\/fr\\\/massage-facial-kobido\\\/#primaryimage\"},\"thumbnailUrl\":\"https:\\\/\\\/www.ammamel.com\\\/wp-content\\\/uploads\\\/2024\\\/01\\\/Ammamel-Kobido-55-scaled.jpg\",\"datePublished\":\"2024-04-29T05:49:00+00:00\",\"dateModified\":\"2024-12-06T11:49:01+00:00\",\"breadcrumb\":{\"@id\":\"https:\\\/\\\/www.ammamel.com\\\/fr\\\/massage-facial-kobido\\\/#breadcrumb\"},\"inLanguage\":\"fr-FR\",\"potentialAction\":[{\"@type\":\"ReadAction\",\"target\":[\"https:\\\/\\\/www.ammamel.com\\\/fr\\\/massage-facial-kobido\\\/\"]}]},{\"@type\":\"ImageObject\",\"inLanguage\":\"fr-FR\",\"@id\":\"https:\\\/\\\/www.ammamel.com\\\/fr\\\/massage-facial-kobido\\\/#primaryimage\",\"url\":\"https:\\\/\\\/www.ammamel.com\\\/wp-content\\\/uploads\\\/2024\\\/01\\\/Ammamel-Kobido-55-scaled.jpg\",\"contentUrl\":\"https:\\\/\\\/www.ammamel.com\\\/wp-content\\\/uploads\\\/2024\\\/01\\\/Ammamel-Kobido-55-scaled.jpg\",\"width\":2560,\"height\":1707},{\"@type\":\"BreadcrumbList\",\"@id\":\"https:\\\/\\\/www.ammamel.com\\\/fr\\\/massage-facial-kobido\\\/#breadcrumb\",\"itemListElement\":[{\"@type\":\"ListItem\",\"position\":1,\"name\":\"Portada\",\"item\":\"https:\\\/\\\/www.ammamel.com\\\/fr\\\/\"},{\"@type\":\"ListItem\",\"position\":2,\"name\":\"Massage facial Kobido\"}]},{\"@type\":\"WebSite\",\"@id\":\"https:\\\/\\\/www.ammamel.com\\\/fr\\\/#website\",\"url\":\"https:\\\/\\\/www.ammamel.com\\\/fr\\\/\",\"name\":\"AmmaMel Massages\",\"description\":\"Praticienne Bien \u00catre Holistique &amp; Shiatsu (Gironde)\",\"publisher\":{\"@id\":\"https:\\\/\\\/www.ammamel.com\\\/fr\\\/#\\\/schema\\\/person\\\/e4947ec778736abb506432321b636130\"},\"potentialAction\":[{\"@type\":\"SearchAction\",\"target\":{\"@type\":\"EntryPoint\",\"urlTemplate\":\"https:\\\/\\\/www.ammamel.com\\\/fr\\\/?s={search_term_string}\"},\"query-input\":{\"@type\":\"PropertyValueSpecification\",\"valueRequired\":true,\"valueName\":\"search_term_string\"}}],\"inLanguage\":\"fr-FR\"},{\"@type\":[\"Person\",\"Organization\"],\"@id\":\"https:\\\/\\\/www.ammamel.com\\\/fr\\\/#\\\/schema\\\/person\\\/e4947ec778736abb506432321b636130\",\"name\":\"M\u00e9lanie Mongelli\",\"image\":{\"@type\":\"ImageObject\",\"inLanguage\":\"fr-FR\",\"@id\":\"https:\\\/\\\/www.ammamel.com\\\/wp-content\\\/uploads\\\/2024\\\/01\\\/ammamel.png\",\"url\":\"https:\\\/\\\/www.ammamel.com\\\/wp-content\\\/uploads\\\/2024\\\/01\\\/ammamel.png\",\"contentUrl\":\"https:\\\/\\\/www.ammamel.com\\\/wp-content\\\/uploads\\\/2024\\\/01\\\/ammamel.png\",\"width\":600,\"height\":600,\"caption\":\"M\u00e9lanie Mongelli\"},\"logo\":{\"@id\":\"https:\\\/\\\/www.ammamel.com\\\/wp-content\\\/uploads\\\/2024\\\/01\\\/ammamel.png\"},\"sameAs\":[\"https:\\\/\\\/www.ammamel.com\"]}]}<\/script>\n<!-- \/ Yoast SEO plugin. -->","yoast_head_json":{"title":"Massage facial Kobido - Ammamel","robots":{"index":"index","follow":"follow","max-snippet":"max-snippet:-1","max-image-preview":"max-image-preview:large","max-video-preview":"max-video-preview:-1"},"canonical":"https:\/\/www.ammamel.com\/fr\/massage-facial-kobido\/","og_locale":"fr_FR","og_type":"article","og_title":"Massage facial Kobido - Ammamel","og_description":"Le Kobido, connu sous le nom de lifting naturel japonais, est un massage ancestral qui se pratique principalement sur le visage. Ses effets sont tels qu&#8217;il offre une seconde jeunesse \u00e0 la peau du visage. Les bienfaits du massage Le massage Kobido signifie &#8220;la voie antique de la beaut\u00e9&#8221;. Plus [&hellip;]","og_url":"https:\/\/www.ammamel.com\/fr\/massage-facial-kobido\/","og_site_name":"Ammamel","article_modified_time":"2024-12-06T11:49:01+00:00","og_image":[{"width":2560,"height":1707,"url":"https:\/\/www.ammamel.com\/wp-content\/uploads\/2024\/01\/Ammamel-Kobido-55-scaled.jpg","type":"image\/jpeg"}],"twitter_card":"summary_large_image","twitter_misc":{"Est. reading time":"2 minutes"},"schema":{"@context":"https:\/\/schema.org","@graph":[{"@type":"WebPage","@id":"https:\/\/www.ammamel.com\/fr\/massage-facial-kobido\/","url":"https:\/\/www.ammamel.com\/fr\/massage-facial-kobido\/","name":"Massage facial Kobido - Ammamel","isPartOf":{"@id":"https:\/\/www.ammamel.com\/fr\/#website"},"primaryImageOfPage":{"@id":"https:\/\/www.ammamel.com\/fr\/massage-facial-kobido\/#primaryimage"},"image":{"@id":"https:\/\/www.ammamel.com\/fr\/massage-facial-kobido\/#primaryimage"},"thumbnailUrl":"https:\/\/www.ammamel.com\/wp-content\/uploads\/2024\/01\/Ammamel-Kobido-55-scaled.jpg","datePublished":"2024-04-29T05:49:00+00:00","dateModified":"2024-12-06T11:49:01+00:00","breadcrumb":{"@id":"https:\/\/www.ammamel.com\/fr\/massage-facial-kobido\/#breadcrumb"},"inLanguage":"fr-FR","potentialAction":[{"@type":"ReadAction","target":["https:\/\/www.ammamel.com\/fr\/massage-facial-kobido\/"]}]},{"@type":"ImageObject","inLanguage":"fr-FR","@id":"https:\/\/www.ammamel.com\/fr\/massage-facial-kobido\/#primaryimage","url":"https:\/\/www.ammamel.com\/wp-content\/uploads\/2024\/01\/Ammamel-Kobido-55-scaled.jpg","contentUrl":"https:\/\/www.ammamel.com\/wp-content\/uploads\/2024\/01\/Ammamel-Kobido-55-scaled.jpg","width":2560,"height":1707},{"@type":"BreadcrumbList","@id":"https:\/\/www.ammamel.com\/fr\/massage-facial-kobido\/#breadcrumb","itemListElement":[{"@type":"ListItem","position":1,"name":"Portada","item":"https:\/\/www.ammamel.com\/fr\/"},{"@type":"ListItem","position":2,"name":"Massage facial Kobido"}]},{"@type":"WebSite","@id":"https:\/\/www.ammamel.com\/fr\/#website","url":"https:\/\/www.ammamel.com\/fr\/","name":"AmmaMel Massages","description":"Praticienne Bien \u00catre Holistique &amp; Shiatsu (Gironde)","publisher":{"@id":"https:\/\/www.ammamel.com\/fr\/#\/schema\/person\/e4947ec778736abb506432321b636130"},"potentialAction":[{"@type":"SearchAction","target":{"@type":"EntryPoint","urlTemplate":"https:\/\/www.ammamel.com\/fr\/?s={search_term_string}"},"query-input":{"@type":"PropertyValueSpecification","valueRequired":true,"valueName":"search_term_string"}}],"inLanguage":"fr-FR"},{"@type":["Person","Organization"],"@id":"https:\/\/www.ammamel.com\/fr\/#\/schema\/person\/e4947ec778736abb506432321b636130","name":"M\u00e9lanie Mongelli","image":{"@type":"ImageObject","inLanguage":"fr-FR","@id":"https:\/\/www.ammamel.com\/wp-content\/uploads\/2024\/01\/ammamel.png","url":"https:\/\/www.ammamel.com\/wp-content\/uploads\/2024\/01\/ammamel.png","contentUrl":"https:\/\/www.ammamel.com\/wp-content\/uploads\/2024\/01\/ammamel.png","width":600,"height":600,"caption":"M\u00e9lanie Mongelli"},"logo":{"@id":"https:\/\/www.ammamel.com\/wp-content\/uploads\/2024\/01\/ammamel.png"},"sameAs":["https:\/\/www.ammamel.com"]}]}},"_links":{"self":[{"href":"https:\/\/www.ammamel.com\/fr\/wp-json\/wp\/v2\/pages\/6934","targetHints":{"allow":["GET"]}}],"collection":[{"href":"https:\/\/www.ammamel.com\/fr\/wp-json\/wp\/v2\/pages"}],"about":[{"href":"https:\/\/www.ammamel.com\/fr\/wp-json\/wp\/v2\/types\/page"}],"author":[{"embeddable":true,"href":"https:\/\/www.ammamel.com\/fr\/wp-json\/wp\/v2\/users\/2"}],"replies":[{"embeddable":true,"href":"https:\/\/www.ammamel.com\/fr\/wp-json\/wp\/v2\/comments?post=6934"}],"version-history":[{"count":4,"href":"https:\/\/www.ammamel.com\/fr\/wp-json\/wp\/v2\/pages\/6934\/revisions"}],"predecessor-version":[{"id":7132,"href":"https:\/\/www.ammamel.com\/fr\/wp-json\/wp\/v2\/pages\/6934\/revisions\/7132"}],"wp:featuredmedia":[{"embeddable":true,"href":"https:\/\/www.ammamel.com\/fr\/wp-json\/wp\/v2\/media\/6773"}],"wp:attachment":[{"href":"https:\/\/www.ammamel.com\/fr\/wp-json\/wp\/v2\/media?parent=6934"}],"curies":[{"name":"wp","href":"https:\/\/api.w.org\/{rel}","templated":true}]}}