{"id":6910,"date":"2024-04-26T04:33:09","date_gmt":"2024-04-26T04:33:09","guid":{"rendered":"https:\/\/www.ammamel.com\/offrir-un-massage-le-cadeau-ideal-pour-toutes-les-occasions\/"},"modified":"2025-11-12T11:01:20","modified_gmt":"2025-11-12T11:01:20","slug":"offrir-un-massage-le-cadeau-ideal-pour-toutes-les-occasions","status":"publish","type":"page","link":"https:\/\/www.ammamel.com\/fr\/offrir-un-massage-le-cadeau-ideal-pour-toutes-les-occasions\/","title":{"rendered":"Offrir un massage &#8211; Le cadeau id\u00e9al pour toutes les occasions"},"content":{"rendered":"\n<p>Vous cherchez une id\u00e9e cadeau pour une occasion sp\u00e9ciale \u2014 f\u00eate des m\u00e8res, anniversaire, No\u00ebl \u2014 ou simplement pour faire plaisir \u00e0 quelqu\u2019un qui compte pour vous ? Offrez un moment de bien-\u00eatre unique ! Un massage est une attention sinc\u00e8re et personnalis\u00e9e, une fa\u00e7on d\u00e9licate de montrer \u00e0 quel point vous tenez \u00e0 son \u00e9quilibre et \u00e0 sa d\u00e9tente.<\/p>\n\n\n\n<p>Offrez un moment de bien-\u00eatre unique avec nos cartes cadeaux massage, disponibles \u00e0 Parempuyre (Gironde \u2013 M\u00e9doc) et \u00e0 Auzerette \u2013 Tr\u00e9mouille (Cantal). Choisissez parmi le massage facial <a href=\"https:\/\/www.ammamel.com\/fr\/massage-facial-kobido\/\">Kobido<\/a>, <a href=\"https:\/\/www.ammamel.com\/fr\/zen-shiatsu\/\">Shiatsu<\/a>, <a href=\"https:\/\/www.ammamel.com\/fr\/amma-assis\/\">Amma assis<\/a> ou le massage sur mesure <a href=\"https:\/\/www.ammamel.com\/fr\/massage-corporel-freeflow\/\">FreeFlow<\/a>, selon les besoins de la personne \u00e0 qui vous l\u2019offrez.<\/p>\n\n\n\n<p>Nos cartes cadeaux sont disponibles sur place ou en version virtuelle (PDF), id\u00e9ale si vous \u00eates loin ou ne pouvez pas vous d\u00e9placer. <\/p>\n\n\n\n<div class=\"wp-block-buttons is-content-justification-center is-layout-flex wp-container-core-buttons-is-layout-a89b3969 wp-block-buttons-is-layout-flex\">\n<div class=\"wp-block-button\"><a class=\"wp-block-button__link has-background-color-color has-header-gradient-background-color has-text-color has-background wp-element-button\" href=\"https:\/\/www.ammamel.com\/fr\/contact\/\">Contactez-moi pour offrir votre carte cadeau<\/a><\/div>\n<\/div>\n\n\n\n<figure class=\"wp-block-image aligncenter size-full\"><img fetchpriority=\"high\" decoding=\"async\" width=\"963\" height=\"963\" src=\"https:\/\/www.ammamel.com\/wp-content\/uploads\/2024\/07\/imagen.png\" alt=\"\" class=\"wp-image-7092\" srcset=\"https:\/\/www.ammamel.com\/wp-content\/uploads\/2024\/07\/imagen.png 963w, https:\/\/www.ammamel.com\/wp-content\/uploads\/2024\/07\/imagen-300x300.png 300w, https:\/\/www.ammamel.com\/wp-content\/uploads\/2024\/07\/imagen-150x150.png 150w, https:\/\/www.ammamel.com\/wp-content\/uploads\/2024\/07\/imagen-768x768.png 768w, https:\/\/www.ammamel.com\/wp-content\/uploads\/2024\/07\/imagen-280x280.png 280w, https:\/\/www.ammamel.com\/wp-content\/uploads\/2024\/07\/imagen-560x560.png 560w, https:\/\/www.ammamel.com\/wp-content\/uploads\/2024\/07\/imagen-600x600.png 600w, https:\/\/www.ammamel.com\/wp-content\/uploads\/2024\/07\/imagen-800x800.png 800w\" sizes=\"(max-width: 963px) 100vw, 963px\" \/><\/figure>\n\n\n\n<p>Les cartes cadeaux bien-\u00eatre s\u2019adaptent aux envies et aux besoins de la personne \u00e0 qui vous les offrez. Vous ne savez pas quel massage choisir ? Je vous guide volontiers pour trouver le soin le plus adapt\u00e9 : Kobido facial, Shiatsu, Amma assis ou massage FreeFlow sur mesure..<\/p>\n\n\n\n<p>Offrez un cadeau unique et inoubliable : un moment de d\u00e9tente profonde, de reconnexion et de douceur. Faites plaisir \u00e0 la personne qui vous est ch\u00e8re en lui offrant une v\u00e9ritable parenth\u00e8se de bien-\u00eatre.<\/p>\n\n\n\n<div class=\"wp-block-buttons is-content-justification-center is-layout-flex wp-container-core-buttons-is-layout-a89b3969 wp-block-buttons-is-layout-flex\">\n<div class=\"wp-block-button\"><a class=\"wp-block-button__link has-background-color-color has-text-color has-background wp-element-button\" href=\"https:\/\/www.ammamel.com\/fr\/contact\/\" style=\"background-color:#8d00a9\">Offrir un massage en cadeau<\/a><\/div>\n<\/div>\n\n\n\n<p><\/p>\n\n\n\n<p><\/p>\n","protected":false},"excerpt":{"rendered":"<p>Vous cherchez une id\u00e9e cadeau pour une occasion sp\u00e9ciale \u2014 f\u00eate des m\u00e8res, anniversaire, No\u00ebl \u2014 ou simplement pour faire plaisir \u00e0 quelqu\u2019un qui compte pour vous ? Offrez un moment de bien-\u00eatre unique ! Un massage est une attention sinc\u00e8re et personnalis\u00e9e, une fa\u00e7on d\u00e9licate de montrer \u00e0 quel [&hellip;]<\/p>\n","protected":false},"author":2,"featured_media":0,"parent":0,"menu_order":0,"comment_status":"closed","ping_status":"closed","template":"","meta":{"inspiro_page_layout":"narrow","inspiro_hide_title":false,"footnotes":""},"class_list":["post-6910","page","type-page","status-publish","hentry"],"yoast_head":"<!-- This site is optimized with the Yoast SEO plugin v27.4 - https:\/\/yoast.com\/product\/yoast-seo-wordpress\/ -->\n<title>Offrir un massage - Le cadeau id\u00e9al pour toutes les occasions - Ammamel<\/title>\n<meta name=\"robots\" content=\"index, follow, max-snippet:-1, max-image-preview:large, max-video-preview:-1\" \/>\n<link rel=\"canonical\" href=\"https:\/\/www.ammamel.com\/fr\/offrir-un-massage-le-cadeau-ideal-pour-toutes-les-occasions\/\" \/>\n<meta property=\"og:locale\" content=\"fr_FR\" \/>\n<meta property=\"og:type\" content=\"article\" \/>\n<meta property=\"og:title\" content=\"Offrir un massage - Le cadeau id\u00e9al pour toutes les occasions - Ammamel\" \/>\n<meta property=\"og:description\" content=\"Vous cherchez une id\u00e9e cadeau pour une occasion sp\u00e9ciale \u2014 f\u00eate des m\u00e8res, anniversaire, No\u00ebl \u2014 ou simplement pour faire plaisir \u00e0 quelqu\u2019un qui compte pour vous ? Offrez un moment de bien-\u00eatre unique ! Un massage est une attention sinc\u00e8re et personnalis\u00e9e, une fa\u00e7on d\u00e9licate de montrer \u00e0 quel [&hellip;]\" \/>\n<meta property=\"og:url\" content=\"https:\/\/www.ammamel.com\/fr\/offrir-un-massage-le-cadeau-ideal-pour-toutes-les-occasions\/\" \/>\n<meta property=\"og:site_name\" content=\"Ammamel\" \/>\n<meta property=\"article:modified_time\" content=\"2025-11-12T11:01:20+00:00\" \/>\n<meta property=\"og:image\" content=\"https:\/\/www.ammamel.com\/wp-content\/uploads\/2024\/07\/imagen.png\" \/>\n\t<meta property=\"og:image:width\" content=\"963\" \/>\n\t<meta property=\"og:image:height\" content=\"963\" \/>\n\t<meta property=\"og:image:type\" content=\"image\/png\" \/>\n<meta name=\"twitter:card\" content=\"summary_large_image\" \/>\n<meta name=\"twitter:label1\" content=\"Est. reading time\" \/>\n\t<meta name=\"twitter:data1\" content=\"2 minutes\" \/>\n<script type=\"application\/ld+json\" class=\"yoast-schema-graph\">{\"@context\":\"https:\\\/\\\/schema.org\",\"@graph\":[{\"@type\":\"WebPage\",\"@id\":\"https:\\\/\\\/www.ammamel.com\\\/fr\\\/offrir-un-massage-le-cadeau-ideal-pour-toutes-les-occasions\\\/\",\"url\":\"https:\\\/\\\/www.ammamel.com\\\/fr\\\/offrir-un-massage-le-cadeau-ideal-pour-toutes-les-occasions\\\/\",\"name\":\"Offrir un massage - Le cadeau id\u00e9al pour toutes les occasions - Ammamel\",\"isPartOf\":{\"@id\":\"https:\\\/\\\/www.ammamel.com\\\/fr\\\/#website\"},\"primaryImageOfPage\":{\"@id\":\"https:\\\/\\\/www.ammamel.com\\\/fr\\\/offrir-un-massage-le-cadeau-ideal-pour-toutes-les-occasions\\\/#primaryimage\"},\"image\":{\"@id\":\"https:\\\/\\\/www.ammamel.com\\\/fr\\\/offrir-un-massage-le-cadeau-ideal-pour-toutes-les-occasions\\\/#primaryimage\"},\"thumbnailUrl\":\"https:\\\/\\\/www.ammamel.com\\\/wp-content\\\/uploads\\\/2024\\\/07\\\/imagen.png\",\"datePublished\":\"2024-04-26T04:33:09+00:00\",\"dateModified\":\"2025-11-12T11:01:20+00:00\",\"breadcrumb\":{\"@id\":\"https:\\\/\\\/www.ammamel.com\\\/fr\\\/offrir-un-massage-le-cadeau-ideal-pour-toutes-les-occasions\\\/#breadcrumb\"},\"inLanguage\":\"fr-FR\",\"potentialAction\":[{\"@type\":\"ReadAction\",\"target\":[\"https:\\\/\\\/www.ammamel.com\\\/fr\\\/offrir-un-massage-le-cadeau-ideal-pour-toutes-les-occasions\\\/\"]}]},{\"@type\":\"ImageObject\",\"inLanguage\":\"fr-FR\",\"@id\":\"https:\\\/\\\/www.ammamel.com\\\/fr\\\/offrir-un-massage-le-cadeau-ideal-pour-toutes-les-occasions\\\/#primaryimage\",\"url\":\"https:\\\/\\\/www.ammamel.com\\\/wp-content\\\/uploads\\\/2024\\\/07\\\/imagen.png\",\"contentUrl\":\"https:\\\/\\\/www.ammamel.com\\\/wp-content\\\/uploads\\\/2024\\\/07\\\/imagen.png\"},{\"@type\":\"BreadcrumbList\",\"@id\":\"https:\\\/\\\/www.ammamel.com\\\/fr\\\/offrir-un-massage-le-cadeau-ideal-pour-toutes-les-occasions\\\/#breadcrumb\",\"itemListElement\":[{\"@type\":\"ListItem\",\"position\":1,\"name\":\"Portada\",\"item\":\"https:\\\/\\\/www.ammamel.com\\\/fr\\\/\"},{\"@type\":\"ListItem\",\"position\":2,\"name\":\"Offrir un massage &#8211; Le cadeau id\u00e9al pour toutes les occasions\"}]},{\"@type\":\"WebSite\",\"@id\":\"https:\\\/\\\/www.ammamel.com\\\/fr\\\/#website\",\"url\":\"https:\\\/\\\/www.ammamel.com\\\/fr\\\/\",\"name\":\"AmmaMel Massages\",\"description\":\"Praticienne Bien \u00catre Holistique &amp; Shiatsu (Gironde)\",\"publisher\":{\"@id\":\"https:\\\/\\\/www.ammamel.com\\\/fr\\\/#\\\/schema\\\/person\\\/e4947ec778736abb506432321b636130\"},\"potentialAction\":[{\"@type\":\"SearchAction\",\"target\":{\"@type\":\"EntryPoint\",\"urlTemplate\":\"https:\\\/\\\/www.ammamel.com\\\/fr\\\/?s={search_term_string}\"},\"query-input\":{\"@type\":\"PropertyValueSpecification\",\"valueRequired\":true,\"valueName\":\"search_term_string\"}}],\"inLanguage\":\"fr-FR\"},{\"@type\":[\"Person\",\"Organization\"],\"@id\":\"https:\\\/\\\/www.ammamel.com\\\/fr\\\/#\\\/schema\\\/person\\\/e4947ec778736abb506432321b636130\",\"name\":\"M\u00e9lanie Mongelli\",\"image\":{\"@type\":\"ImageObject\",\"inLanguage\":\"fr-FR\",\"@id\":\"https:\\\/\\\/www.ammamel.com\\\/wp-content\\\/uploads\\\/2024\\\/01\\\/ammamel.png\",\"url\":\"https:\\\/\\\/www.ammamel.com\\\/wp-content\\\/uploads\\\/2024\\\/01\\\/ammamel.png\",\"contentUrl\":\"https:\\\/\\\/www.ammamel.com\\\/wp-content\\\/uploads\\\/2024\\\/01\\\/ammamel.png\",\"width\":600,\"height\":600,\"caption\":\"M\u00e9lanie Mongelli\"},\"logo\":{\"@id\":\"https:\\\/\\\/www.ammamel.com\\\/wp-content\\\/uploads\\\/2024\\\/01\\\/ammamel.png\"},\"sameAs\":[\"https:\\\/\\\/www.ammamel.com\"]}]}<\/script>\n<!-- \/ Yoast SEO plugin. -->","yoast_head_json":{"title":"Offrir un massage - Le cadeau id\u00e9al pour toutes les occasions - Ammamel","robots":{"index":"index","follow":"follow","max-snippet":"max-snippet:-1","max-image-preview":"max-image-preview:large","max-video-preview":"max-video-preview:-1"},"canonical":"https:\/\/www.ammamel.com\/fr\/offrir-un-massage-le-cadeau-ideal-pour-toutes-les-occasions\/","og_locale":"fr_FR","og_type":"article","og_title":"Offrir un massage - Le cadeau id\u00e9al pour toutes les occasions - Ammamel","og_description":"Vous cherchez une id\u00e9e cadeau pour une occasion sp\u00e9ciale \u2014 f\u00eate des m\u00e8res, anniversaire, No\u00ebl \u2014 ou simplement pour faire plaisir \u00e0 quelqu\u2019un qui compte pour vous ? Offrez un moment de bien-\u00eatre unique ! Un massage est une attention sinc\u00e8re et personnalis\u00e9e, une fa\u00e7on d\u00e9licate de montrer \u00e0 quel [&hellip;]","og_url":"https:\/\/www.ammamel.com\/fr\/offrir-un-massage-le-cadeau-ideal-pour-toutes-les-occasions\/","og_site_name":"Ammamel","article_modified_time":"2025-11-12T11:01:20+00:00","og_image":[{"width":963,"height":963,"url":"https:\/\/www.ammamel.com\/wp-content\/uploads\/2024\/07\/imagen.png","type":"image\/png"}],"twitter_card":"summary_large_image","twitter_misc":{"Est. reading time":"2 minutes"},"schema":{"@context":"https:\/\/schema.org","@graph":[{"@type":"WebPage","@id":"https:\/\/www.ammamel.com\/fr\/offrir-un-massage-le-cadeau-ideal-pour-toutes-les-occasions\/","url":"https:\/\/www.ammamel.com\/fr\/offrir-un-massage-le-cadeau-ideal-pour-toutes-les-occasions\/","name":"Offrir un massage - Le cadeau id\u00e9al pour toutes les occasions - Ammamel","isPartOf":{"@id":"https:\/\/www.ammamel.com\/fr\/#website"},"primaryImageOfPage":{"@id":"https:\/\/www.ammamel.com\/fr\/offrir-un-massage-le-cadeau-ideal-pour-toutes-les-occasions\/#primaryimage"},"image":{"@id":"https:\/\/www.ammamel.com\/fr\/offrir-un-massage-le-cadeau-ideal-pour-toutes-les-occasions\/#primaryimage"},"thumbnailUrl":"https:\/\/www.ammamel.com\/wp-content\/uploads\/2024\/07\/imagen.png","datePublished":"2024-04-26T04:33:09+00:00","dateModified":"2025-11-12T11:01:20+00:00","breadcrumb":{"@id":"https:\/\/www.ammamel.com\/fr\/offrir-un-massage-le-cadeau-ideal-pour-toutes-les-occasions\/#breadcrumb"},"inLanguage":"fr-FR","potentialAction":[{"@type":"ReadAction","target":["https:\/\/www.ammamel.com\/fr\/offrir-un-massage-le-cadeau-ideal-pour-toutes-les-occasions\/"]}]},{"@type":"ImageObject","inLanguage":"fr-FR","@id":"https:\/\/www.ammamel.com\/fr\/offrir-un-massage-le-cadeau-ideal-pour-toutes-les-occasions\/#primaryimage","url":"https:\/\/www.ammamel.com\/wp-content\/uploads\/2024\/07\/imagen.png","contentUrl":"https:\/\/www.ammamel.com\/wp-content\/uploads\/2024\/07\/imagen.png"},{"@type":"BreadcrumbList","@id":"https:\/\/www.ammamel.com\/fr\/offrir-un-massage-le-cadeau-ideal-pour-toutes-les-occasions\/#breadcrumb","itemListElement":[{"@type":"ListItem","position":1,"name":"Portada","item":"https:\/\/www.ammamel.com\/fr\/"},{"@type":"ListItem","position":2,"name":"Offrir un massage &#8211; Le cadeau id\u00e9al pour toutes les occasions"}]},{"@type":"WebSite","@id":"https:\/\/www.ammamel.com\/fr\/#website","url":"https:\/\/www.ammamel.com\/fr\/","name":"AmmaMel Massages","description":"Praticienne Bien \u00catre Holistique &amp; Shiatsu (Gironde)","publisher":{"@id":"https:\/\/www.ammamel.com\/fr\/#\/schema\/person\/e4947ec778736abb506432321b636130"},"potentialAction":[{"@type":"SearchAction","target":{"@type":"EntryPoint","urlTemplate":"https:\/\/www.ammamel.com\/fr\/?s={search_term_string}"},"query-input":{"@type":"PropertyValueSpecification","valueRequired":true,"valueName":"search_term_string"}}],"inLanguage":"fr-FR"},{"@type":["Person","Organization"],"@id":"https:\/\/www.ammamel.com\/fr\/#\/schema\/person\/e4947ec778736abb506432321b636130","name":"M\u00e9lanie Mongelli","image":{"@type":"ImageObject","inLanguage":"fr-FR","@id":"https:\/\/www.ammamel.com\/wp-content\/uploads\/2024\/01\/ammamel.png","url":"https:\/\/www.ammamel.com\/wp-content\/uploads\/2024\/01\/ammamel.png","contentUrl":"https:\/\/www.ammamel.com\/wp-content\/uploads\/2024\/01\/ammamel.png","width":600,"height":600,"caption":"M\u00e9lanie Mongelli"},"logo":{"@id":"https:\/\/www.ammamel.com\/wp-content\/uploads\/2024\/01\/ammamel.png"},"sameAs":["https:\/\/www.ammamel.com"]}]}},"_links":{"self":[{"href":"https:\/\/www.ammamel.com\/fr\/wp-json\/wp\/v2\/pages\/6910","targetHints":{"allow":["GET"]}}],"collection":[{"href":"https:\/\/www.ammamel.com\/fr\/wp-json\/wp\/v2\/pages"}],"about":[{"href":"https:\/\/www.ammamel.com\/fr\/wp-json\/wp\/v2\/types\/page"}],"author":[{"embeddable":true,"href":"https:\/\/www.ammamel.com\/fr\/wp-json\/wp\/v2\/users\/2"}],"replies":[{"embeddable":true,"href":"https:\/\/www.ammamel.com\/fr\/wp-json\/wp\/v2\/comments?post=6910"}],"version-history":[{"count":4,"href":"https:\/\/www.ammamel.com\/fr\/wp-json\/wp\/v2\/pages\/6910\/revisions"}],"predecessor-version":[{"id":7146,"href":"https:\/\/www.ammamel.com\/fr\/wp-json\/wp\/v2\/pages\/6910\/revisions\/7146"}],"wp:attachment":[{"href":"https:\/\/www.ammamel.com\/fr\/wp-json\/wp\/v2\/media?parent=6910"}],"curies":[{"name":"wp","href":"https:\/\/api.w.org\/{rel}","templated":true}]}}