{"id":6906,"date":"2024-04-26T04:18:51","date_gmt":"2024-04-26T04:18:51","guid":{"rendered":"https:\/\/www.ammamel.com\/amma-assis\/"},"modified":"2024-04-26T04:18:52","modified_gmt":"2024-04-26T04:18:52","slug":"amma-assis","status":"publish","type":"page","link":"https:\/\/www.ammamel.com\/fr\/amma-assis\/","title":{"rendered":"Amma assis"},"content":{"rendered":"\n<p>Le massage assis Amma vient du traditionnel Amma (ou Amna) qui signifie &#8220;apaiser avec les mains&#8221; en japonais. Il s&#8217;agit de la forme de massage la plus ancienne au Japon, qui \u00e9tait pratiqu\u00e9e par les aveugles. Le massage Amma sur chaise a \u00e9t\u00e9 mis au point par <a href=\"https:\/\/www.massage-amma-assis.fr\/david-palmer\/\">David Palmer<\/a> dans les ann\u00e9es 1980 pour soulager les douleurs des ing\u00e9nieurs de la Silicon Valley (\u00c9tats-Unis) et am\u00e9liorer leur productivit\u00e9.<\/p>\n\n<p>Il s&#8217;agit d&#8217;une technique pr\u00e9ventive et corrective bas\u00e9e sur les principes de la m\u00e9decine chinoise ancestrale d&#8217;acupression et de man\u0153uvres de relaxation. Elle soulage rapidement les douleurs physiques, r\u00e9tablit l&#8217;\u00e9quilibre \u00e9motionnel et dynamise la personne.<\/p>\n\n<hr class=\"wp-block-separator has-css-opacity\"\/>\n\n<figure class=\"wp-block-image aligncenter\"><img fetchpriority=\"high\" decoding=\"async\" width=\"1024\" height=\"576\" src=\"https:\/\/www.ammamel.com\/wp-content\/uploads\/2018\/09\/20180913_165510-1024x576.jpg\" alt=\"\" class=\"wp-image-485\" srcset=\"https:\/\/www.ammamel.com\/wp-content\/uploads\/2018\/09\/20180913_165510-1024x576.jpg 1024w, https:\/\/www.ammamel.com\/wp-content\/uploads\/2018\/09\/20180913_165510-300x169.jpg 300w, https:\/\/www.ammamel.com\/wp-content\/uploads\/2018\/09\/20180913_165510-768x432.jpg 768w\" sizes=\"(max-width: 1024px) 100vw, 1024px\" \/><\/figure>\n\n<hr class=\"wp-block-separator has-css-opacity\"\/>\n\n<p>Il se pratique sur la personne habill\u00e9e et assise confortablement sur une chaise ergonomique.<\/p>\n\n<p>La s\u00e9ance dure 30 minutes et consiste en une s\u00e9rie de mouvements pr\u00e9cis suivant les m\u00e9ridiens et les points d&#8217;acupuncture (avec \u00e9tirements, pressions, percussions et vibrations) sur le dos, la nuque, la t\u00eate, les \u00e9paules et les bras.<\/p>\n\n<p>C\u2019est un massage id\u00e9al \u00e0 proposer en entreprise ou lors d\u2019\u00e9v\u00e8nements publiques ou priv\u00e9s. Sa dur\u00e9e peut \u00eatre alors adapt\u00e9e selon les nec\u00e9sit\u00e9s. (Voir Amma Assis en entreprise). Sa dur\u00e9e peut \u00eatre adapt\u00e9e en fonction des besoins. (Voir Amma assis en entreprise).<\/p>\n\n<h2 class=\"wp-block-heading\">Les bienfaits du massage<\/h2>\n\n<ul class=\"wp-block-list\">\n<li>Am\u00e9liore la circulation de l&#8217;\u00e9nergie<\/li>\n\n\n\n<li>Favorise un sommeil r\u00e9cup\u00e9rateur<\/li>\n\n\n\n<li>Am\u00e9lioration de l&#8217;\u00e9limination des toxines<\/li>\n\n\n\n<li>Soulage la douleur<\/li>\n\n\n\n<li>R\u00e9duit la tension musculaire<\/li>\n\n\n\n<li>R\u00e9duit le stress et la tension mentale<\/li>\n\n\n\n<li>Accro\u00eet la conscience de son corps et de ses \u00e9motions<\/li>\n<\/ul>\n\n<hr class=\"wp-block-separator has-css-opacity\"\/>\n\n<figure class=\"wp-block-video\"><video height=\"720\" style=\"aspect-ratio: 1280 \/ 720;\" width=\"1280\" controls=\"\" src=\"https:\/\/www.ammamel.com\/wp-content\/uploads\/2018\/09\/20180913_165523-2.mp4\"><\/video><\/figure>\n\n<hr class=\"wp-block-separator has-css-opacity\"\/>\n\n<h3 class=\"wp-block-heading\">En entreprise<\/h3>\n\n<p>Ce massage court est tr\u00e8s efficace et am\u00e9liore le bien-\u00eatre au travail. Les principaux avantages de proposer ce massage en entreprise : <\/p>\n\n<ul class=\"wp-block-list\">\n<li>Vous avez besoin de peu d\u2019espace (salle de r\u00e9union par exemple) et d\u2019aucun mat\u00e9riel, hormis la chaise ergonomique<\/li>\n\n\n\n<li>Pas besoin de se d\u00e9shabiller<\/li>\n\n\n\n<li>Rapide et flexible : entre 10 et 20 minutes<\/li>\n\n\n\n<li>Il peut \u00eatre pratiqu\u00e9 pendant une pause sans prendre de temps sur la journ\u00e9e de travail.<\/li>\n\n\n\n<li>Efficace : en peu de temps le massage procure une d\u00e9tente musculaire et mentale notable<\/li>\n\n\n\n<li>Laisse la personne revitalis\u00e9e afin qu&#8217;elle puisse continuer \u00e0 travailler imm\u00e9diatement<\/li>\n\n\n\n<li>Id\u00e9al pour le stress au travail, les mauvaises postures du dos, surtout en position assise<\/li>\n\n\n\n<li>Favorise de bonnes conditions de travail<\/li>\n\n\n\n<li>Peu de contre-indications<\/li>\n\n\n\n<li>Planification rapide et efficace, optimisant le temps pass\u00e9 sur le massage<\/li>\n<\/ul>\n\n<h3 class=\"wp-block-heading\">En \u00e9v\u00e9nement<\/h3>\n\n<p>Foires, expositions, \u00e9v\u00e9nements sportifs, restaurants, magasins, centres commerciaux&#8230;<br\/>Repr\u00e9senter une marque, une offre ou un moment aupr\u00e8s des clients est une fa\u00e7on originale d&#8217;allier plaisir et travail.<\/p>\n\n<p>Si vous souhaitez obtenir plus d&#8217;informations et offrir ce cadeau \u00e0 vos employ\u00e9s et \u00e0 votre entreprise, vous pouvez nous contacter \u00e0 l&#8217;adresse 643697981 (\u00e9galement par whatsapp) ou via le <a href=\"https:\/\/www.ammamel.com\/fr\/contact\/\">formulaire de contact<\/a>.<\/p>\n\n<figure class=\"wp-block-video\"><video height=\"352\" style=\"aspect-ratio: 640 \/ 352;\" width=\"640\" controls=\"\" src=\"https:\/\/www.ammamel.com\/wp-content\/uploads\/2018\/10\/Video_20181003143214946_by_videomaker.mp4\"><\/video><\/figure>\n","protected":false},"excerpt":{"rendered":"<p>Le massage assis Amma vient du traditionnel Amma (ou Amna) qui signifie &#8220;apaiser avec les mains&#8221; en japonais. Il s&#8217;agit de la forme de massage la plus ancienne au Japon, qui \u00e9tait pratiqu\u00e9e par les aveugles. Le massage Amma sur chaise a \u00e9t\u00e9 mis au point par David Palmer dans [&hellip;]<\/p>\n","protected":false},"author":2,"featured_media":6501,"parent":0,"menu_order":0,"comment_status":"closed","ping_status":"closed","template":"","meta":{"inspiro_page_layout":"narrow","inspiro_hide_title":false,"footnotes":""},"class_list":["post-6906","page","type-page","status-publish","has-post-thumbnail","hentry"],"yoast_head":"<!-- This site is optimized with the Yoast SEO plugin v27.5 - https:\/\/yoast.com\/product\/yoast-seo-wordpress\/ -->\n<title>Amma assis - Ammamel<\/title>\n<meta name=\"description\" content=\"Massage Amma assis sur une chaise \u00e0 Alicante. Pour particuliers et entreprises. L&#039;Amma apaise et d\u00e9tend le dos, le cou, les \u00e9paules, les bras et la t\u00eate. Recommand\u00e9 pour ceux qui travaillent assis plusieurs heures par jour.\" \/>\n<meta name=\"robots\" content=\"index, follow, max-snippet:-1, max-image-preview:large, max-video-preview:-1\" \/>\n<link rel=\"canonical\" href=\"https:\/\/www.ammamel.com\/fr\/amma-assis\/\" \/>\n<meta property=\"og:locale\" content=\"fr_FR\" \/>\n<meta property=\"og:type\" content=\"article\" \/>\n<meta property=\"og:title\" content=\"Amma assis - Ammamel\" \/>\n<meta property=\"og:description\" content=\"Massage Amma assis sur une chaise \u00e0 Alicante. Pour particuliers et entreprises. L&#039;Amma apaise et d\u00e9tend le dos, le cou, les \u00e9paules, les bras et la t\u00eate. Recommand\u00e9 pour ceux qui travaillent assis plusieurs heures par jour.\" \/>\n<meta property=\"og:url\" content=\"https:\/\/www.ammamel.com\/fr\/amma-assis\/\" \/>\n<meta property=\"og:site_name\" content=\"Ammamel\" \/>\n<meta property=\"article:modified_time\" content=\"2024-04-26T04:18:52+00:00\" \/>\n<meta property=\"og:image\" content=\"https:\/\/www.ammamel.com\/wp-content\/uploads\/2018\/09\/20180913_165946.jpg\" \/>\n\t<meta property=\"og:image:width\" content=\"4032\" \/>\n\t<meta property=\"og:image:height\" content=\"3024\" \/>\n\t<meta property=\"og:image:type\" content=\"image\/jpeg\" \/>\n<meta name=\"twitter:card\" content=\"summary_large_image\" \/>\n<meta name=\"twitter:label1\" content=\"Est. reading time\" \/>\n\t<meta name=\"twitter:data1\" content=\"2 minutes\" \/>\n<script type=\"application\/ld+json\" class=\"yoast-schema-graph\">{\"@context\":\"https:\\\/\\\/schema.org\",\"@graph\":[{\"@type\":\"WebPage\",\"@id\":\"https:\\\/\\\/www.ammamel.com\\\/fr\\\/amma-assis\\\/\",\"url\":\"https:\\\/\\\/www.ammamel.com\\\/fr\\\/amma-assis\\\/\",\"name\":\"Amma assis - Ammamel\",\"isPartOf\":{\"@id\":\"https:\\\/\\\/www.ammamel.com\\\/fr\\\/#website\"},\"primaryImageOfPage\":{\"@id\":\"https:\\\/\\\/www.ammamel.com\\\/fr\\\/amma-assis\\\/#primaryimage\"},\"image\":{\"@id\":\"https:\\\/\\\/www.ammamel.com\\\/fr\\\/amma-assis\\\/#primaryimage\"},\"thumbnailUrl\":\"https:\\\/\\\/www.ammamel.com\\\/wp-content\\\/uploads\\\/2018\\\/09\\\/20180913_165946.jpg\",\"datePublished\":\"2024-04-26T04:18:51+00:00\",\"dateModified\":\"2024-04-26T04:18:52+00:00\",\"description\":\"Massage Amma assis sur une chaise \u00e0 Alicante. Pour particuliers et entreprises. L'Amma apaise et d\u00e9tend le dos, le cou, les \u00e9paules, les bras et la t\u00eate. Recommand\u00e9 pour ceux qui travaillent assis plusieurs heures par jour.\",\"breadcrumb\":{\"@id\":\"https:\\\/\\\/www.ammamel.com\\\/fr\\\/amma-assis\\\/#breadcrumb\"},\"inLanguage\":\"fr-FR\",\"potentialAction\":[{\"@type\":\"ReadAction\",\"target\":[\"https:\\\/\\\/www.ammamel.com\\\/fr\\\/amma-assis\\\/\"]}]},{\"@type\":\"ImageObject\",\"inLanguage\":\"fr-FR\",\"@id\":\"https:\\\/\\\/www.ammamel.com\\\/fr\\\/amma-assis\\\/#primaryimage\",\"url\":\"https:\\\/\\\/www.ammamel.com\\\/wp-content\\\/uploads\\\/2018\\\/09\\\/20180913_165946.jpg\",\"contentUrl\":\"https:\\\/\\\/www.ammamel.com\\\/wp-content\\\/uploads\\\/2018\\\/09\\\/20180913_165946.jpg\",\"width\":4032,\"height\":3024},{\"@type\":\"BreadcrumbList\",\"@id\":\"https:\\\/\\\/www.ammamel.com\\\/fr\\\/amma-assis\\\/#breadcrumb\",\"itemListElement\":[{\"@type\":\"ListItem\",\"position\":1,\"name\":\"Portada\",\"item\":\"https:\\\/\\\/www.ammamel.com\\\/fr\\\/\"},{\"@type\":\"ListItem\",\"position\":2,\"name\":\"Amma assis\"}]},{\"@type\":\"WebSite\",\"@id\":\"https:\\\/\\\/www.ammamel.com\\\/fr\\\/#website\",\"url\":\"https:\\\/\\\/www.ammamel.com\\\/fr\\\/\",\"name\":\"AmmaMel Massages\",\"description\":\"Praticienne Bien \u00catre Holistique &amp; Shiatsu (Gironde)\",\"publisher\":{\"@id\":\"https:\\\/\\\/www.ammamel.com\\\/fr\\\/#\\\/schema\\\/person\\\/e4947ec778736abb506432321b636130\"},\"potentialAction\":[{\"@type\":\"SearchAction\",\"target\":{\"@type\":\"EntryPoint\",\"urlTemplate\":\"https:\\\/\\\/www.ammamel.com\\\/fr\\\/?s={search_term_string}\"},\"query-input\":{\"@type\":\"PropertyValueSpecification\",\"valueRequired\":true,\"valueName\":\"search_term_string\"}}],\"inLanguage\":\"fr-FR\"},{\"@type\":[\"Person\",\"Organization\"],\"@id\":\"https:\\\/\\\/www.ammamel.com\\\/fr\\\/#\\\/schema\\\/person\\\/e4947ec778736abb506432321b636130\",\"name\":\"M\u00e9lanie Mongelli\",\"image\":{\"@type\":\"ImageObject\",\"inLanguage\":\"fr-FR\",\"@id\":\"https:\\\/\\\/www.ammamel.com\\\/wp-content\\\/uploads\\\/2024\\\/01\\\/ammamel.png\",\"url\":\"https:\\\/\\\/www.ammamel.com\\\/wp-content\\\/uploads\\\/2024\\\/01\\\/ammamel.png\",\"contentUrl\":\"https:\\\/\\\/www.ammamel.com\\\/wp-content\\\/uploads\\\/2024\\\/01\\\/ammamel.png\",\"width\":600,\"height\":600,\"caption\":\"M\u00e9lanie Mongelli\"},\"logo\":{\"@id\":\"https:\\\/\\\/www.ammamel.com\\\/wp-content\\\/uploads\\\/2024\\\/01\\\/ammamel.png\"},\"sameAs\":[\"https:\\\/\\\/www.ammamel.com\"]}]}<\/script>\n<!-- \/ Yoast SEO plugin. -->","yoast_head_json":{"title":"Amma assis - Ammamel","description":"Massage Amma assis sur une chaise \u00e0 Alicante. Pour particuliers et entreprises. L'Amma apaise et d\u00e9tend le dos, le cou, les \u00e9paules, les bras et la t\u00eate. Recommand\u00e9 pour ceux qui travaillent assis plusieurs heures par jour.","robots":{"index":"index","follow":"follow","max-snippet":"max-snippet:-1","max-image-preview":"max-image-preview:large","max-video-preview":"max-video-preview:-1"},"canonical":"https:\/\/www.ammamel.com\/fr\/amma-assis\/","og_locale":"fr_FR","og_type":"article","og_title":"Amma assis - Ammamel","og_description":"Massage Amma assis sur une chaise \u00e0 Alicante. Pour particuliers et entreprises. L'Amma apaise et d\u00e9tend le dos, le cou, les \u00e9paules, les bras et la t\u00eate. Recommand\u00e9 pour ceux qui travaillent assis plusieurs heures par jour.","og_url":"https:\/\/www.ammamel.com\/fr\/amma-assis\/","og_site_name":"Ammamel","article_modified_time":"2024-04-26T04:18:52+00:00","og_image":[{"width":4032,"height":3024,"url":"https:\/\/www.ammamel.com\/wp-content\/uploads\/2018\/09\/20180913_165946.jpg","type":"image\/jpeg"}],"twitter_card":"summary_large_image","twitter_misc":{"Est. reading time":"2 minutes"},"schema":{"@context":"https:\/\/schema.org","@graph":[{"@type":"WebPage","@id":"https:\/\/www.ammamel.com\/fr\/amma-assis\/","url":"https:\/\/www.ammamel.com\/fr\/amma-assis\/","name":"Amma assis - Ammamel","isPartOf":{"@id":"https:\/\/www.ammamel.com\/fr\/#website"},"primaryImageOfPage":{"@id":"https:\/\/www.ammamel.com\/fr\/amma-assis\/#primaryimage"},"image":{"@id":"https:\/\/www.ammamel.com\/fr\/amma-assis\/#primaryimage"},"thumbnailUrl":"https:\/\/www.ammamel.com\/wp-content\/uploads\/2018\/09\/20180913_165946.jpg","datePublished":"2024-04-26T04:18:51+00:00","dateModified":"2024-04-26T04:18:52+00:00","description":"Massage Amma assis sur une chaise \u00e0 Alicante. Pour particuliers et entreprises. L'Amma apaise et d\u00e9tend le dos, le cou, les \u00e9paules, les bras et la t\u00eate. Recommand\u00e9 pour ceux qui travaillent assis plusieurs heures par jour.","breadcrumb":{"@id":"https:\/\/www.ammamel.com\/fr\/amma-assis\/#breadcrumb"},"inLanguage":"fr-FR","potentialAction":[{"@type":"ReadAction","target":["https:\/\/www.ammamel.com\/fr\/amma-assis\/"]}]},{"@type":"ImageObject","inLanguage":"fr-FR","@id":"https:\/\/www.ammamel.com\/fr\/amma-assis\/#primaryimage","url":"https:\/\/www.ammamel.com\/wp-content\/uploads\/2018\/09\/20180913_165946.jpg","contentUrl":"https:\/\/www.ammamel.com\/wp-content\/uploads\/2018\/09\/20180913_165946.jpg","width":4032,"height":3024},{"@type":"BreadcrumbList","@id":"https:\/\/www.ammamel.com\/fr\/amma-assis\/#breadcrumb","itemListElement":[{"@type":"ListItem","position":1,"name":"Portada","item":"https:\/\/www.ammamel.com\/fr\/"},{"@type":"ListItem","position":2,"name":"Amma assis"}]},{"@type":"WebSite","@id":"https:\/\/www.ammamel.com\/fr\/#website","url":"https:\/\/www.ammamel.com\/fr\/","name":"AmmaMel Massages","description":"Praticienne Bien \u00catre Holistique &amp; Shiatsu (Gironde)","publisher":{"@id":"https:\/\/www.ammamel.com\/fr\/#\/schema\/person\/e4947ec778736abb506432321b636130"},"potentialAction":[{"@type":"SearchAction","target":{"@type":"EntryPoint","urlTemplate":"https:\/\/www.ammamel.com\/fr\/?s={search_term_string}"},"query-input":{"@type":"PropertyValueSpecification","valueRequired":true,"valueName":"search_term_string"}}],"inLanguage":"fr-FR"},{"@type":["Person","Organization"],"@id":"https:\/\/www.ammamel.com\/fr\/#\/schema\/person\/e4947ec778736abb506432321b636130","name":"M\u00e9lanie Mongelli","image":{"@type":"ImageObject","inLanguage":"fr-FR","@id":"https:\/\/www.ammamel.com\/wp-content\/uploads\/2024\/01\/ammamel.png","url":"https:\/\/www.ammamel.com\/wp-content\/uploads\/2024\/01\/ammamel.png","contentUrl":"https:\/\/www.ammamel.com\/wp-content\/uploads\/2024\/01\/ammamel.png","width":600,"height":600,"caption":"M\u00e9lanie Mongelli"},"logo":{"@id":"https:\/\/www.ammamel.com\/wp-content\/uploads\/2024\/01\/ammamel.png"},"sameAs":["https:\/\/www.ammamel.com"]}]}},"_links":{"self":[{"href":"https:\/\/www.ammamel.com\/fr\/wp-json\/wp\/v2\/pages\/6906","targetHints":{"allow":["GET"]}}],"collection":[{"href":"https:\/\/www.ammamel.com\/fr\/wp-json\/wp\/v2\/pages"}],"about":[{"href":"https:\/\/www.ammamel.com\/fr\/wp-json\/wp\/v2\/types\/page"}],"author":[{"embeddable":true,"href":"https:\/\/www.ammamel.com\/fr\/wp-json\/wp\/v2\/users\/2"}],"replies":[{"embeddable":true,"href":"https:\/\/www.ammamel.com\/fr\/wp-json\/wp\/v2\/comments?post=6906"}],"version-history":[{"count":1,"href":"https:\/\/www.ammamel.com\/fr\/wp-json\/wp\/v2\/pages\/6906\/revisions"}],"predecessor-version":[{"id":6907,"href":"https:\/\/www.ammamel.com\/fr\/wp-json\/wp\/v2\/pages\/6906\/revisions\/6907"}],"wp:featuredmedia":[{"embeddable":true,"href":"https:\/\/www.ammamel.com\/fr\/wp-json\/wp\/v2\/media\/6501"}],"wp:attachment":[{"href":"https:\/\/www.ammamel.com\/fr\/wp-json\/wp\/v2\/media?parent=6906"}],"curies":[{"name":"wp","href":"https:\/\/api.w.org\/{rel}","templated":true}]}}