{"id":6889,"date":"2024-04-24T03:56:24","date_gmt":"2024-04-24T03:56:24","guid":{"rendered":"https:\/\/www.ammamel.com\/zen-shiatsu\/"},"modified":"2024-07-18T11:11:26","modified_gmt":"2024-07-18T11:11:26","slug":"zen-shiatsu","status":"publish","type":"page","link":"https:\/\/www.ammamel.com\/fr\/zen-shiatsu\/","title":{"rendered":"Zen Shiatsu"},"content":{"rendered":"\n<p>Le <em>Shiatsu<\/em> est une forme unique de travail corporel holistique qui procure la satisfaction du toucher et une exp\u00e9rience profonde d&#8217;\u00e9quilibrage \u00e9nerg\u00e9tique. Il s&#8217;appuie sur des milliers d&#8217;ann\u00e9es de philosophie orientale, de m\u00e9decine traditionnelle chinoise (MTC) et d&#8217;autres m\u00e9thodes de gu\u00e9rison. Le shiatsu travaille directement les m\u00e9ridiens du corps qui canalisent l&#8217;\u00e9nergie Ki&#8230; l&#8217;essence de notre vie.<\/p>\n\n\n\n<figure class=\"wp-block-video\"><video height=\"1920\" style=\"aspect-ratio: 1080 \/ 1920;\" width=\"1080\" autoplay loop muted src=\"https:\/\/www.ammamel.com\/wp-content\/uploads\/2024\/07\/Zen-Shiatsu-2.webm\"><\/video><\/figure>\n\n\n\n<p>Nous ressentons cette \u00e9nergie sous forme de mouvement, de communication, de respiration, de digestion, de pens\u00e9es, de sentiments et de spiritualit\u00e9. Tout blocage ou stagnation de l&#8217;\u00e9nergie dans les m\u00e9ridiens peut entra\u00eener des maladies physiques, psychologiques et \u00e9motionnelles. Le shiatsu zen aide \u00e0 \u00e9quilibrer l&#8217;\u00e9nergie \u00e0 tous les niveaux, gr\u00e2ce \u00e0 un traitement musculo-squelettique cliniquement th\u00e9rapeutique et profond\u00e9ment relaxant.<\/p>\n\n\n\n<p>Le <em>Shiatsu<\/em> que je pratique est le <em>Zen Shiatsu<\/em> (d\u00e9velopp\u00e9 par <a href=\"https:\/\/en.wikipedia.org\/wiki\/Shizuto_Masunaga\">Ma\u00eetre Masunaga<\/a>) et consiste en des \u00e9tirements et des mobilisations, des pressions avec mes mains, mes doigts ou mes avant-bras, travaillant les <strong>m\u00e9ridiens<\/strong> de notre corps et certains <strong>points d&#8217;\u00e9nergie<\/strong> de la <a href=\"https:\/\/www.ammamel.com\/beneficios-del-zen-shiatsu\">m\u00e9decine traditionnelle chinoise<\/a>.<\/p>\n\n\n\n<p>Dans certains cas, de mani\u00e8re compl\u00e9mentaire, je peux travailler le <em>fascia en biodynamie<\/em> : cela signifie que j&#8217;accompagne de mani\u00e8re tr\u00e8s subtile le mouvement interne de notre organisme dans l&#8217;autor\u00e9gulation du corps et son autogu\u00e9rison. Le travail du <a href=\"https:\/\/elbikramyogui.net\/2013\/08\/07\/fascia-fascinante\/\">fascia<\/a> (tissu conjonctif) permet de soulager des douleurs plus profondes (\u00e9motionnelles ou physiques).<\/p>\n\n\n\n<h3 class=\"wp-block-heading\">La s\u00e9ance de Shiatsu<\/h3>\n\n\n\n<p>La session dure 60 minutes. Le shiatsu zen se pratique de mani\u00e8re traditionnelle, sur un futon directement pos\u00e9 sur le sol (matelas). La personne doit venir avec des v\u00eatements confortables, qui couvrent tout le corps, et qui permettent des mouvements amples (par exemple un legging ou un surv\u00eatement avec un tee-shirt). Elle commence par un diagnostic \u00e9nerg\u00e9tique du <em>Hara<\/em> (abdomen) et un \u00e9change oral au cours duquel le patient explique ses besoins. Chaque s\u00e9ance est adapt\u00e9e \u00e0 la personne et \u00e0 son \u00e9tat au moment de la rencontre.<\/p>\n\n\n\n<figure class=\"wp-block-image aligncenter\"><img fetchpriority=\"high\" decoding=\"async\" width=\"1024\" height=\"752\" src=\"https:\/\/www.ammamel.com\/wp-content\/uploads\/2018\/05\/20180531_190339-1024x752.jpg\" alt=\"\" class=\"wp-image-194\" srcset=\"https:\/\/www.ammamel.com\/wp-content\/uploads\/2018\/05\/20180531_190339-1024x752.jpg 1024w, https:\/\/www.ammamel.com\/wp-content\/uploads\/2018\/05\/20180531_190339-300x220.jpg 300w, https:\/\/www.ammamel.com\/wp-content\/uploads\/2018\/05\/20180531_190339-768x564.jpg 768w\" sizes=\"(max-width: 1024px) 100vw, 1024px\" \/><\/figure>\n\n\n\n<p>Vous pouvez r\u00e9server votre s\u00e9ance de Zen Shiatsu \u00e0 Parempuyre &#8211; Bordeaux (Gironde) ou dans les environs en me contactant via le <a href=\"https:\/\/www.ammamel.com\/contacto\/\">formulaire de contact<\/a> ou par t\u00e9l\u00e9phone \u00e0 <a href=\"https:\/\/web.whatsapp.com\/send?phone=33681083024&amp;text=Bonjour,%20je%20souhaiterais%20prendre%20un%20rendez-vous\">0681083024<\/a>.<\/p>\n","protected":false},"excerpt":{"rendered":"<p>Le Shiatsu est une forme unique de travail corporel holistique qui procure la satisfaction du toucher et une exp\u00e9rience profonde d&#8217;\u00e9quilibrage \u00e9nerg\u00e9tique. Il s&#8217;appuie sur des milliers d&#8217;ann\u00e9es de philosophie orientale, de m\u00e9decine traditionnelle chinoise (MTC) et d&#8217;autres m\u00e9thodes de gu\u00e9rison. Le shiatsu travaille directement les m\u00e9ridiens du corps qui [&hellip;]<\/p>\n","protected":false},"author":1,"featured_media":6453,"parent":0,"menu_order":0,"comment_status":"closed","ping_status":"closed","template":"","meta":{"inspiro_page_layout":"narrow","inspiro_hide_title":false,"footnotes":""},"class_list":["post-6889","page","type-page","status-publish","has-post-thumbnail","hentry"],"yoast_head":"<!-- This site is optimized with the Yoast SEO plugin v27.5 - https:\/\/yoast.com\/product\/yoast-seo-wordpress\/ -->\n<title>Zen Shiatsu - Ammamel<\/title>\n<meta name=\"robots\" content=\"index, follow, max-snippet:-1, max-image-preview:large, max-video-preview:-1\" \/>\n<link rel=\"canonical\" href=\"https:\/\/www.ammamel.com\/fr\/zen-shiatsu\/\" \/>\n<meta property=\"og:locale\" content=\"fr_FR\" \/>\n<meta property=\"og:type\" content=\"article\" \/>\n<meta property=\"og:title\" content=\"Zen Shiatsu - Ammamel\" \/>\n<meta property=\"og:description\" content=\"Le Shiatsu est une forme unique de travail corporel holistique qui procure la satisfaction du toucher et une exp\u00e9rience profonde d&#8217;\u00e9quilibrage \u00e9nerg\u00e9tique. Il s&#8217;appuie sur des milliers d&#8217;ann\u00e9es de philosophie orientale, de m\u00e9decine traditionnelle chinoise (MTC) et d&#8217;autres m\u00e9thodes de gu\u00e9rison. Le shiatsu travaille directement les m\u00e9ridiens du corps qui [&hellip;]\" \/>\n<meta property=\"og:url\" content=\"https:\/\/www.ammamel.com\/fr\/zen-shiatsu\/\" \/>\n<meta property=\"og:site_name\" content=\"Ammamel\" \/>\n<meta property=\"article:modified_time\" content=\"2024-07-18T11:11:26+00:00\" \/>\n<meta property=\"og:image\" content=\"https:\/\/www.ammamel.com\/wp-content\/uploads\/2018\/07\/titre-mains-.jpg\" \/>\n\t<meta property=\"og:image:width\" content=\"3531\" \/>\n\t<meta property=\"og:image:height\" content=\"1998\" \/>\n\t<meta property=\"og:image:type\" content=\"image\/jpeg\" \/>\n<meta name=\"twitter:card\" content=\"summary_large_image\" \/>\n<meta name=\"twitter:label1\" content=\"Est. reading time\" \/>\n\t<meta name=\"twitter:data1\" content=\"2 minutes\" \/>\n<script type=\"application\/ld+json\" class=\"yoast-schema-graph\">{\"@context\":\"https:\\\/\\\/schema.org\",\"@graph\":[{\"@type\":\"WebPage\",\"@id\":\"https:\\\/\\\/www.ammamel.com\\\/fr\\\/zen-shiatsu\\\/\",\"url\":\"https:\\\/\\\/www.ammamel.com\\\/fr\\\/zen-shiatsu\\\/\",\"name\":\"Zen Shiatsu - Ammamel\",\"isPartOf\":{\"@id\":\"https:\\\/\\\/www.ammamel.com\\\/fr\\\/#website\"},\"primaryImageOfPage\":{\"@id\":\"https:\\\/\\\/www.ammamel.com\\\/fr\\\/zen-shiatsu\\\/#primaryimage\"},\"image\":{\"@id\":\"https:\\\/\\\/www.ammamel.com\\\/fr\\\/zen-shiatsu\\\/#primaryimage\"},\"thumbnailUrl\":\"https:\\\/\\\/www.ammamel.com\\\/wp-content\\\/uploads\\\/2018\\\/07\\\/titre-mains-.jpg\",\"datePublished\":\"2024-04-24T03:56:24+00:00\",\"dateModified\":\"2024-07-18T11:11:26+00:00\",\"breadcrumb\":{\"@id\":\"https:\\\/\\\/www.ammamel.com\\\/fr\\\/zen-shiatsu\\\/#breadcrumb\"},\"inLanguage\":\"fr-FR\",\"potentialAction\":[{\"@type\":\"ReadAction\",\"target\":[\"https:\\\/\\\/www.ammamel.com\\\/fr\\\/zen-shiatsu\\\/\"]}]},{\"@type\":\"ImageObject\",\"inLanguage\":\"fr-FR\",\"@id\":\"https:\\\/\\\/www.ammamel.com\\\/fr\\\/zen-shiatsu\\\/#primaryimage\",\"url\":\"https:\\\/\\\/www.ammamel.com\\\/wp-content\\\/uploads\\\/2018\\\/07\\\/titre-mains-.jpg\",\"contentUrl\":\"https:\\\/\\\/www.ammamel.com\\\/wp-content\\\/uploads\\\/2018\\\/07\\\/titre-mains-.jpg\",\"width\":3531,\"height\":1998},{\"@type\":\"BreadcrumbList\",\"@id\":\"https:\\\/\\\/www.ammamel.com\\\/fr\\\/zen-shiatsu\\\/#breadcrumb\",\"itemListElement\":[{\"@type\":\"ListItem\",\"position\":1,\"name\":\"Portada\",\"item\":\"https:\\\/\\\/www.ammamel.com\\\/fr\\\/\"},{\"@type\":\"ListItem\",\"position\":2,\"name\":\"Zen Shiatsu\"}]},{\"@type\":\"WebSite\",\"@id\":\"https:\\\/\\\/www.ammamel.com\\\/fr\\\/#website\",\"url\":\"https:\\\/\\\/www.ammamel.com\\\/fr\\\/\",\"name\":\"AmmaMel Massages\",\"description\":\"Praticienne Bien \u00catre Holistique &amp; Shiatsu (Gironde)\",\"publisher\":{\"@id\":\"https:\\\/\\\/www.ammamel.com\\\/fr\\\/#\\\/schema\\\/person\\\/e4947ec778736abb506432321b636130\"},\"potentialAction\":[{\"@type\":\"SearchAction\",\"target\":{\"@type\":\"EntryPoint\",\"urlTemplate\":\"https:\\\/\\\/www.ammamel.com\\\/fr\\\/?s={search_term_string}\"},\"query-input\":{\"@type\":\"PropertyValueSpecification\",\"valueRequired\":true,\"valueName\":\"search_term_string\"}}],\"inLanguage\":\"fr-FR\"},{\"@type\":[\"Person\",\"Organization\"],\"@id\":\"https:\\\/\\\/www.ammamel.com\\\/fr\\\/#\\\/schema\\\/person\\\/e4947ec778736abb506432321b636130\",\"name\":\"M\u00e9lanie Mongelli\",\"image\":{\"@type\":\"ImageObject\",\"inLanguage\":\"fr-FR\",\"@id\":\"https:\\\/\\\/www.ammamel.com\\\/wp-content\\\/uploads\\\/2024\\\/01\\\/ammamel.png\",\"url\":\"https:\\\/\\\/www.ammamel.com\\\/wp-content\\\/uploads\\\/2024\\\/01\\\/ammamel.png\",\"contentUrl\":\"https:\\\/\\\/www.ammamel.com\\\/wp-content\\\/uploads\\\/2024\\\/01\\\/ammamel.png\",\"width\":600,\"height\":600,\"caption\":\"M\u00e9lanie Mongelli\"},\"logo\":{\"@id\":\"https:\\\/\\\/www.ammamel.com\\\/wp-content\\\/uploads\\\/2024\\\/01\\\/ammamel.png\"},\"sameAs\":[\"https:\\\/\\\/www.ammamel.com\"]}]}<\/script>\n<!-- \/ Yoast SEO plugin. -->","yoast_head_json":{"title":"Zen Shiatsu - Ammamel","robots":{"index":"index","follow":"follow","max-snippet":"max-snippet:-1","max-image-preview":"max-image-preview:large","max-video-preview":"max-video-preview:-1"},"canonical":"https:\/\/www.ammamel.com\/fr\/zen-shiatsu\/","og_locale":"fr_FR","og_type":"article","og_title":"Zen Shiatsu - Ammamel","og_description":"Le Shiatsu est une forme unique de travail corporel holistique qui procure la satisfaction du toucher et une exp\u00e9rience profonde d&#8217;\u00e9quilibrage \u00e9nerg\u00e9tique. Il s&#8217;appuie sur des milliers d&#8217;ann\u00e9es de philosophie orientale, de m\u00e9decine traditionnelle chinoise (MTC) et d&#8217;autres m\u00e9thodes de gu\u00e9rison. Le shiatsu travaille directement les m\u00e9ridiens du corps qui [&hellip;]","og_url":"https:\/\/www.ammamel.com\/fr\/zen-shiatsu\/","og_site_name":"Ammamel","article_modified_time":"2024-07-18T11:11:26+00:00","og_image":[{"width":3531,"height":1998,"url":"https:\/\/www.ammamel.com\/wp-content\/uploads\/2018\/07\/titre-mains-.jpg","type":"image\/jpeg"}],"twitter_card":"summary_large_image","twitter_misc":{"Est. reading time":"2 minutes"},"schema":{"@context":"https:\/\/schema.org","@graph":[{"@type":"WebPage","@id":"https:\/\/www.ammamel.com\/fr\/zen-shiatsu\/","url":"https:\/\/www.ammamel.com\/fr\/zen-shiatsu\/","name":"Zen Shiatsu - Ammamel","isPartOf":{"@id":"https:\/\/www.ammamel.com\/fr\/#website"},"primaryImageOfPage":{"@id":"https:\/\/www.ammamel.com\/fr\/zen-shiatsu\/#primaryimage"},"image":{"@id":"https:\/\/www.ammamel.com\/fr\/zen-shiatsu\/#primaryimage"},"thumbnailUrl":"https:\/\/www.ammamel.com\/wp-content\/uploads\/2018\/07\/titre-mains-.jpg","datePublished":"2024-04-24T03:56:24+00:00","dateModified":"2024-07-18T11:11:26+00:00","breadcrumb":{"@id":"https:\/\/www.ammamel.com\/fr\/zen-shiatsu\/#breadcrumb"},"inLanguage":"fr-FR","potentialAction":[{"@type":"ReadAction","target":["https:\/\/www.ammamel.com\/fr\/zen-shiatsu\/"]}]},{"@type":"ImageObject","inLanguage":"fr-FR","@id":"https:\/\/www.ammamel.com\/fr\/zen-shiatsu\/#primaryimage","url":"https:\/\/www.ammamel.com\/wp-content\/uploads\/2018\/07\/titre-mains-.jpg","contentUrl":"https:\/\/www.ammamel.com\/wp-content\/uploads\/2018\/07\/titre-mains-.jpg","width":3531,"height":1998},{"@type":"BreadcrumbList","@id":"https:\/\/www.ammamel.com\/fr\/zen-shiatsu\/#breadcrumb","itemListElement":[{"@type":"ListItem","position":1,"name":"Portada","item":"https:\/\/www.ammamel.com\/fr\/"},{"@type":"ListItem","position":2,"name":"Zen Shiatsu"}]},{"@type":"WebSite","@id":"https:\/\/www.ammamel.com\/fr\/#website","url":"https:\/\/www.ammamel.com\/fr\/","name":"AmmaMel Massages","description":"Praticienne Bien \u00catre Holistique &amp; Shiatsu (Gironde)","publisher":{"@id":"https:\/\/www.ammamel.com\/fr\/#\/schema\/person\/e4947ec778736abb506432321b636130"},"potentialAction":[{"@type":"SearchAction","target":{"@type":"EntryPoint","urlTemplate":"https:\/\/www.ammamel.com\/fr\/?s={search_term_string}"},"query-input":{"@type":"PropertyValueSpecification","valueRequired":true,"valueName":"search_term_string"}}],"inLanguage":"fr-FR"},{"@type":["Person","Organization"],"@id":"https:\/\/www.ammamel.com\/fr\/#\/schema\/person\/e4947ec778736abb506432321b636130","name":"M\u00e9lanie Mongelli","image":{"@type":"ImageObject","inLanguage":"fr-FR","@id":"https:\/\/www.ammamel.com\/wp-content\/uploads\/2024\/01\/ammamel.png","url":"https:\/\/www.ammamel.com\/wp-content\/uploads\/2024\/01\/ammamel.png","contentUrl":"https:\/\/www.ammamel.com\/wp-content\/uploads\/2024\/01\/ammamel.png","width":600,"height":600,"caption":"M\u00e9lanie Mongelli"},"logo":{"@id":"https:\/\/www.ammamel.com\/wp-content\/uploads\/2024\/01\/ammamel.png"},"sameAs":["https:\/\/www.ammamel.com"]}]}},"_links":{"self":[{"href":"https:\/\/www.ammamel.com\/fr\/wp-json\/wp\/v2\/pages\/6889","targetHints":{"allow":["GET"]}}],"collection":[{"href":"https:\/\/www.ammamel.com\/fr\/wp-json\/wp\/v2\/pages"}],"about":[{"href":"https:\/\/www.ammamel.com\/fr\/wp-json\/wp\/v2\/types\/page"}],"author":[{"embeddable":true,"href":"https:\/\/www.ammamel.com\/fr\/wp-json\/wp\/v2\/users\/1"}],"replies":[{"embeddable":true,"href":"https:\/\/www.ammamel.com\/fr\/wp-json\/wp\/v2\/comments?post=6889"}],"version-history":[{"count":3,"href":"https:\/\/www.ammamel.com\/fr\/wp-json\/wp\/v2\/pages\/6889\/revisions"}],"predecessor-version":[{"id":7112,"href":"https:\/\/www.ammamel.com\/fr\/wp-json\/wp\/v2\/pages\/6889\/revisions\/7112"}],"wp:featuredmedia":[{"embeddable":true,"href":"https:\/\/www.ammamel.com\/fr\/wp-json\/wp\/v2\/media\/6453"}],"wp:attachment":[{"href":"https:\/\/www.ammamel.com\/fr\/wp-json\/wp\/v2\/media?parent=6889"}],"curies":[{"name":"wp","href":"https:\/\/api.w.org\/{rel}","templated":true}]}}