{"id":6871,"date":"2024-04-23T04:29:57","date_gmt":"2024-04-23T04:29:57","guid":{"rendered":"https:\/\/www.ammamel.com\/massage-corporel-freeflow\/"},"modified":"2024-05-06T11:24:23","modified_gmt":"2024-05-06T11:24:23","slug":"massage-corporel-freeflow","status":"publish","type":"page","link":"https:\/\/www.ammamel.com\/fr\/massage-corporel-freeflow\/","title":{"rendered":"Massage corporel FreeFlow"},"content":{"rendered":"\t\t<div data-elementor-type=\"wp-page\" data-elementor-id=\"6871\" class=\"elementor elementor-6871 elementor-129\">\n\t\t\t\t\t\t<section class=\"elementor-section elementor-top-section elementor-element elementor-element-bc4959c elementor-section-boxed elementor-section-height-default elementor-section-height-default\" data-id=\"bc4959c\" data-element_type=\"section\" data-e-type=\"section\">\n\t\t\t\t\t\t<div class=\"elementor-container elementor-column-gap-default\">\n\t\t\t\t\t<div class=\"elementor-column elementor-col-100 elementor-top-column elementor-element elementor-element-6cca8b4\" data-id=\"6cca8b4\" data-element_type=\"column\" data-e-type=\"column\">\n\t\t\t<div class=\"elementor-widget-wrap elementor-element-populated\">\n\t\t\t\t\t\t<div class=\"elementor-element elementor-element-f8cd15c elementor-widget elementor-widget-text-editor\" data-id=\"f8cd15c\" data-element_type=\"widget\" data-e-type=\"widget\" data-widget_type=\"text-editor.default\">\n\t\t\t\t<div class=\"elementor-widget-container\">\n\t\t\t\t\t\t\t\t\t<p>Le massage corporel FreeFlow, qu&#8217;est-ce que c&#8217;est ? Il s&#8217;agit d&#8217;un massage alliant des \u00e9tapes pr\u00e9cises de massages d\u00e9contracturants (tels que Deep Tissue, techniques ost\u00e9opathiques&#8230;), relaxants avec des techniques de massage su\u00e9dois et d&#8217;autres massages orientaux tels que Shiatsu, Amma et Kobido, jusqu&#8217;\u00e0 un travail des fascias en biodynamie, qui est subtil, mais qui permet d&#8217;atteindre des douleurs et des blocages profonds.<\/p>\n<p>&#8220;FreeFlow&#8221; signifie qu&#8217;il est adapt\u00e9 \u00e0 l&#8217;\u00e9tat physique et mental de la personne au moment de la rencontre, en respectant ses besoins. Je donne une grande importance au fait de laisser couler et de permettre \u00e0 une communion de se cr\u00e9er entre les deux \u00e9nergies, dans le moment pr\u00e9sent.<\/p>\n<blockquote>\n<p><b><i>Pour chaque personne et chaque moment, un massage unique est cr\u00e9\u00e9.<\/i><\/b><\/p>\n<\/blockquote>\n<p>Le massage se pratique sur une table de massage avec de l\u2019huile naturelle v\u00e9g\u00e9tale. Je propose des s\u00e9ances de 60 ou 90 minutes.<\/p>\n<p>Le massage FreeFlow peut se r\u00e9aliser sur tout le corps except\u00e9 les zones sexuelles. (\u00e0 aucun moment, il ne s\u2019agit d\u2019un massage tantrique ou \u00e9rotique).<\/p>\n\t\t\t\t\t\t\t\t<\/div>\n\t\t\t\t<\/div>\n\t\t\t\t\t<\/div>\n\t\t<\/div>\n\t\t\t\t\t<\/div>\n\t\t<\/section>\n\t\t\t\t<section class=\"elementor-section elementor-top-section elementor-element elementor-element-a6bd345 elementor-section-boxed elementor-section-height-default elementor-section-height-default\" data-id=\"a6bd345\" data-element_type=\"section\" data-e-type=\"section\">\n\t\t\t\t\t\t<div class=\"elementor-container elementor-column-gap-default\">\n\t\t\t\t\t<div class=\"elementor-column elementor-col-100 elementor-top-column elementor-element elementor-element-121fb63\" data-id=\"121fb63\" data-element_type=\"column\" data-e-type=\"column\">\n\t\t\t<div class=\"elementor-widget-wrap elementor-element-populated\">\n\t\t\t\t\t\t<div class=\"elementor-element elementor-element-369b52f elementor-widget elementor-widget-video\" data-id=\"369b52f\" data-element_type=\"widget\" data-e-type=\"widget\" data-settings=\"{&quot;video_type&quot;:&quot;hosted&quot;,&quot;controls&quot;:&quot;yes&quot;}\" data-widget_type=\"video.default\">\n\t\t\t\t<div class=\"elementor-widget-container\">\n\t\t\t\t\t\t\t<div class=\"e-hosted-video elementor-wrapper elementor-open-inline\">\n\t\t\t\t\t<video class=\"elementor-video\" src=\"https:\/\/www.ammamel.com\/wp-content\/uploads\/2024\/04\/AMMAMEL-MASAJE-CORPORAL.mp4\" controls=\"\" preload=\"metadata\" controlsList=\"nodownload\"><\/video>\n\t\t\t\t<\/div>\n\t\t\t\t\t\t<\/div>\n\t\t\t\t<\/div>\n\t\t\t\t\t<\/div>\n\t\t<\/div>\n\t\t\t\t\t<\/div>\n\t\t<\/section>\n\t\t\t\t<section class=\"elementor-section elementor-top-section elementor-element elementor-element-e909a34 elementor-section-boxed elementor-section-height-default elementor-section-height-default\" data-id=\"e909a34\" data-element_type=\"section\" data-e-type=\"section\">\n\t\t\t\t\t\t<div class=\"elementor-container elementor-column-gap-default\">\n\t\t\t\t\t<div class=\"elementor-column elementor-col-100 elementor-top-column elementor-element elementor-element-cf565d0\" data-id=\"cf565d0\" data-element_type=\"column\" data-e-type=\"column\">\n\t\t\t<div class=\"elementor-widget-wrap elementor-element-populated\">\n\t\t\t\t\t\t<div class=\"elementor-element elementor-element-74cd4c1 elementor-widget elementor-widget-text-editor\" data-id=\"74cd4c1\" data-element_type=\"widget\" data-e-type=\"widget\" data-widget_type=\"text-editor.default\">\n\t\t\t\t<div class=\"elementor-widget-container\">\n\t\t\t\t\t\t\t\t\t<h3>Les bienfaits du massage corporel FreeFlow<\/h3>\n<ul>\n<li>Relaxation : en p\u00e9riode de stress, de nervosit\u00e9, d&#8217;irritabilit\u00e9, d&#8217;insomnie&#8230;<\/li>\n<li>Analg\u00e9sique : contractions musculaires, lumbago, mal de dos&#8230;<\/li>\n<li>Bien-\u00eatre : sentiment d&#8217;\u00eatre soign\u00e9 et accompagn\u00e9 : un moment d\u00e9di\u00e9 \u00e0 soi.<\/li>\n<li>Circulatoire : Augmente la microcirculation sanguine et lymphatique (cellulite, probl\u00e8mes de circulation dus \u00e0 la s\u00e9dentarit\u00e9&#8230;).<\/li>\n<li>Esth\u00e9tique : Am\u00e9liore l&#8217;\u00e9lasticit\u00e9 et l&#8217;aspect visuel de la peau. \u00c9limine les cellules mortes superficielles et am\u00e9liore l&#8217;\u00e9tat des peaux s\u00e8ches gr\u00e2ce \u00e0 l&#8217;absorption des huiles.<\/li>\n<\/ul>\n<p>Dans l\u2019accompagnement \u00e0 la d\u00e9tente et au bien-\u00eatre, en aidant \u00e0 la r\u00e9cup\u00e9ration et le maintien de la sant\u00e9, le massage corporel FreeFlow devient, sans le pr\u00e9tendre, un acte th\u00e9rapeutique, remplissant ainsi plusieurs des fonctions : soins, pr\u00e9vention, traitement et promotion de la sant\u00e9.<\/p>\n<hr class=\"wp-block-separator has-css-opacity\">\n<p>Si vous souhaitez obtenir plus d&#8217;informations ou r\u00e9server une session \u00e0 Parempuyre &#8211; Bordeaux (Gironde), vous pouvez nous contacter \u00e0 l&#8217;adresse <a href=\"https:\/\/wa.me\/33681083024\" target=\"_blank\" rel=\"noreferrer noopener\">0681083024<\/a> (\u00e9galement par WhatsApp) ou via le <a href=\"https:\/\/www.ammamel.com\/contacto\/\">formulaire de contact<\/a>.<\/p>\n\t\t\t\t\t\t\t\t<\/div>\n\t\t\t\t<\/div>\n\t\t\t\t\t<\/div>\n\t\t<\/div>\n\t\t\t\t\t<\/div>\n\t\t<\/section>\n\t\t\t\t<\/div>\n\t\t","protected":false},"excerpt":{"rendered":"<p>Le massage corporel FreeFlow, qu&#8217;est-ce que c&#8217;est ? Il s&#8217;agit d&#8217;un massage alliant des \u00e9tapes pr\u00e9cises de massages d\u00e9contracturants (tels que Deep Tissue, techniques ost\u00e9opathiques&#8230;), relaxants avec des techniques de massage su\u00e9dois et d&#8217;autres massages orientaux tels que Shiatsu, Amma et Kobido, jusqu&#8217;\u00e0 un travail des fascias en biodynamie, qui [&hellip;]<\/p>\n","protected":false},"author":2,"featured_media":7061,"parent":0,"menu_order":0,"comment_status":"closed","ping_status":"closed","template":"","meta":{"inspiro_page_layout":"narrow","inspiro_hide_title":false,"footnotes":""},"class_list":["post-6871","page","type-page","status-publish","has-post-thumbnail","hentry"],"yoast_head":"<!-- This site is optimized with the Yoast SEO plugin v27.4 - https:\/\/yoast.com\/product\/yoast-seo-wordpress\/ -->\n<title>Massage corporel FreeFlow - Ammamel<\/title>\n<meta name=\"description\" content=\"Le massage se d\u00e9roule au rythme de la musique, je me laisse aller, cr\u00e9ant une danse avec mes mains sur le corps de la personne. Ce sentiment d&#039;harmonie et de fluidit\u00e9 favorise la d\u00e9tente physique et mentale.\" \/>\n<meta name=\"robots\" content=\"index, follow, max-snippet:-1, max-image-preview:large, max-video-preview:-1\" \/>\n<link rel=\"canonical\" href=\"https:\/\/www.ammamel.com\/fr\/massage-corporel-freeflow\/\" \/>\n<meta property=\"og:locale\" content=\"fr_FR\" \/>\n<meta property=\"og:type\" content=\"article\" \/>\n<meta property=\"og:title\" content=\"Massage corporel FreeFlow - Ammamel\" \/>\n<meta property=\"og:description\" content=\"Le massage se d\u00e9roule au rythme de la musique, je me laisse aller, cr\u00e9ant une danse avec mes mains sur le corps de la personne. Ce sentiment d&#039;harmonie et de fluidit\u00e9 favorise la d\u00e9tente physique et mentale.\" \/>\n<meta property=\"og:url\" content=\"https:\/\/www.ammamel.com\/fr\/massage-corporel-freeflow\/\" \/>\n<meta property=\"og:site_name\" content=\"Ammamel\" \/>\n<meta property=\"article:modified_time\" content=\"2024-05-06T11:24:23+00:00\" \/>\n<meta property=\"og:image\" content=\"https:\/\/www.ammamel.com\/wp-content\/uploads\/2024\/05\/AMMAMEL-Corporal-HQ-85-scaled.jpg\" \/>\n\t<meta property=\"og:image:width\" content=\"2560\" \/>\n\t<meta property=\"og:image:height\" content=\"1707\" \/>\n\t<meta property=\"og:image:type\" content=\"image\/jpeg\" \/>\n<meta name=\"twitter:card\" content=\"summary_large_image\" \/>\n<meta name=\"twitter:label1\" content=\"Est. reading time\" \/>\n\t<meta name=\"twitter:data1\" content=\"2 minutes\" \/>\n<script type=\"application\/ld+json\" class=\"yoast-schema-graph\">{\"@context\":\"https:\\\/\\\/schema.org\",\"@graph\":[{\"@type\":\"WebPage\",\"@id\":\"https:\\\/\\\/www.ammamel.com\\\/fr\\\/massage-corporel-freeflow\\\/\",\"url\":\"https:\\\/\\\/www.ammamel.com\\\/fr\\\/massage-corporel-freeflow\\\/\",\"name\":\"Massage corporel FreeFlow - Ammamel\",\"isPartOf\":{\"@id\":\"https:\\\/\\\/www.ammamel.com\\\/fr\\\/#website\"},\"primaryImageOfPage\":{\"@id\":\"https:\\\/\\\/www.ammamel.com\\\/fr\\\/massage-corporel-freeflow\\\/#primaryimage\"},\"image\":{\"@id\":\"https:\\\/\\\/www.ammamel.com\\\/fr\\\/massage-corporel-freeflow\\\/#primaryimage\"},\"thumbnailUrl\":\"https:\\\/\\\/www.ammamel.com\\\/wp-content\\\/uploads\\\/2024\\\/05\\\/AMMAMEL-Corporal-HQ-85-scaled.jpg\",\"datePublished\":\"2024-04-23T04:29:57+00:00\",\"dateModified\":\"2024-05-06T11:24:23+00:00\",\"description\":\"Le massage se d\u00e9roule au rythme de la musique, je me laisse aller, cr\u00e9ant une danse avec mes mains sur le corps de la personne. Ce sentiment d'harmonie et de fluidit\u00e9 favorise la d\u00e9tente physique et mentale.\",\"breadcrumb\":{\"@id\":\"https:\\\/\\\/www.ammamel.com\\\/fr\\\/massage-corporel-freeflow\\\/#breadcrumb\"},\"inLanguage\":\"fr-FR\",\"potentialAction\":[{\"@type\":\"ReadAction\",\"target\":[\"https:\\\/\\\/www.ammamel.com\\\/fr\\\/massage-corporel-freeflow\\\/\"]}]},{\"@type\":\"ImageObject\",\"inLanguage\":\"fr-FR\",\"@id\":\"https:\\\/\\\/www.ammamel.com\\\/fr\\\/massage-corporel-freeflow\\\/#primaryimage\",\"url\":\"https:\\\/\\\/www.ammamel.com\\\/wp-content\\\/uploads\\\/2024\\\/05\\\/AMMAMEL-Corporal-HQ-85-scaled.jpg\",\"contentUrl\":\"https:\\\/\\\/www.ammamel.com\\\/wp-content\\\/uploads\\\/2024\\\/05\\\/AMMAMEL-Corporal-HQ-85-scaled.jpg\",\"width\":2560,\"height\":1707},{\"@type\":\"BreadcrumbList\",\"@id\":\"https:\\\/\\\/www.ammamel.com\\\/fr\\\/massage-corporel-freeflow\\\/#breadcrumb\",\"itemListElement\":[{\"@type\":\"ListItem\",\"position\":1,\"name\":\"Portada\",\"item\":\"https:\\\/\\\/www.ammamel.com\\\/fr\\\/\"},{\"@type\":\"ListItem\",\"position\":2,\"name\":\"Massage corporel FreeFlow\"}]},{\"@type\":\"WebSite\",\"@id\":\"https:\\\/\\\/www.ammamel.com\\\/fr\\\/#website\",\"url\":\"https:\\\/\\\/www.ammamel.com\\\/fr\\\/\",\"name\":\"AmmaMel Massages\",\"description\":\"Praticienne Bien \u00catre Holistique &amp; Shiatsu (Gironde)\",\"publisher\":{\"@id\":\"https:\\\/\\\/www.ammamel.com\\\/fr\\\/#\\\/schema\\\/person\\\/e4947ec778736abb506432321b636130\"},\"potentialAction\":[{\"@type\":\"SearchAction\",\"target\":{\"@type\":\"EntryPoint\",\"urlTemplate\":\"https:\\\/\\\/www.ammamel.com\\\/fr\\\/?s={search_term_string}\"},\"query-input\":{\"@type\":\"PropertyValueSpecification\",\"valueRequired\":true,\"valueName\":\"search_term_string\"}}],\"inLanguage\":\"fr-FR\"},{\"@type\":[\"Person\",\"Organization\"],\"@id\":\"https:\\\/\\\/www.ammamel.com\\\/fr\\\/#\\\/schema\\\/person\\\/e4947ec778736abb506432321b636130\",\"name\":\"M\u00e9lanie Mongelli\",\"image\":{\"@type\":\"ImageObject\",\"inLanguage\":\"fr-FR\",\"@id\":\"https:\\\/\\\/www.ammamel.com\\\/wp-content\\\/uploads\\\/2024\\\/01\\\/ammamel.png\",\"url\":\"https:\\\/\\\/www.ammamel.com\\\/wp-content\\\/uploads\\\/2024\\\/01\\\/ammamel.png\",\"contentUrl\":\"https:\\\/\\\/www.ammamel.com\\\/wp-content\\\/uploads\\\/2024\\\/01\\\/ammamel.png\",\"width\":600,\"height\":600,\"caption\":\"M\u00e9lanie Mongelli\"},\"logo\":{\"@id\":\"https:\\\/\\\/www.ammamel.com\\\/wp-content\\\/uploads\\\/2024\\\/01\\\/ammamel.png\"},\"sameAs\":[\"https:\\\/\\\/www.ammamel.com\"]}]}<\/script>\n<!-- \/ Yoast SEO plugin. -->","yoast_head_json":{"title":"Massage corporel FreeFlow - Ammamel","description":"Le massage se d\u00e9roule au rythme de la musique, je me laisse aller, cr\u00e9ant une danse avec mes mains sur le corps de la personne. Ce sentiment d'harmonie et de fluidit\u00e9 favorise la d\u00e9tente physique et mentale.","robots":{"index":"index","follow":"follow","max-snippet":"max-snippet:-1","max-image-preview":"max-image-preview:large","max-video-preview":"max-video-preview:-1"},"canonical":"https:\/\/www.ammamel.com\/fr\/massage-corporel-freeflow\/","og_locale":"fr_FR","og_type":"article","og_title":"Massage corporel FreeFlow - Ammamel","og_description":"Le massage se d\u00e9roule au rythme de la musique, je me laisse aller, cr\u00e9ant une danse avec mes mains sur le corps de la personne. Ce sentiment d'harmonie et de fluidit\u00e9 favorise la d\u00e9tente physique et mentale.","og_url":"https:\/\/www.ammamel.com\/fr\/massage-corporel-freeflow\/","og_site_name":"Ammamel","article_modified_time":"2024-05-06T11:24:23+00:00","og_image":[{"width":2560,"height":1707,"url":"https:\/\/www.ammamel.com\/wp-content\/uploads\/2024\/05\/AMMAMEL-Corporal-HQ-85-scaled.jpg","type":"image\/jpeg"}],"twitter_card":"summary_large_image","twitter_misc":{"Est. reading time":"2 minutes"},"schema":{"@context":"https:\/\/schema.org","@graph":[{"@type":"WebPage","@id":"https:\/\/www.ammamel.com\/fr\/massage-corporel-freeflow\/","url":"https:\/\/www.ammamel.com\/fr\/massage-corporel-freeflow\/","name":"Massage corporel FreeFlow - Ammamel","isPartOf":{"@id":"https:\/\/www.ammamel.com\/fr\/#website"},"primaryImageOfPage":{"@id":"https:\/\/www.ammamel.com\/fr\/massage-corporel-freeflow\/#primaryimage"},"image":{"@id":"https:\/\/www.ammamel.com\/fr\/massage-corporel-freeflow\/#primaryimage"},"thumbnailUrl":"https:\/\/www.ammamel.com\/wp-content\/uploads\/2024\/05\/AMMAMEL-Corporal-HQ-85-scaled.jpg","datePublished":"2024-04-23T04:29:57+00:00","dateModified":"2024-05-06T11:24:23+00:00","description":"Le massage se d\u00e9roule au rythme de la musique, je me laisse aller, cr\u00e9ant une danse avec mes mains sur le corps de la personne. Ce sentiment d'harmonie et de fluidit\u00e9 favorise la d\u00e9tente physique et mentale.","breadcrumb":{"@id":"https:\/\/www.ammamel.com\/fr\/massage-corporel-freeflow\/#breadcrumb"},"inLanguage":"fr-FR","potentialAction":[{"@type":"ReadAction","target":["https:\/\/www.ammamel.com\/fr\/massage-corporel-freeflow\/"]}]},{"@type":"ImageObject","inLanguage":"fr-FR","@id":"https:\/\/www.ammamel.com\/fr\/massage-corporel-freeflow\/#primaryimage","url":"https:\/\/www.ammamel.com\/wp-content\/uploads\/2024\/05\/AMMAMEL-Corporal-HQ-85-scaled.jpg","contentUrl":"https:\/\/www.ammamel.com\/wp-content\/uploads\/2024\/05\/AMMAMEL-Corporal-HQ-85-scaled.jpg","width":2560,"height":1707},{"@type":"BreadcrumbList","@id":"https:\/\/www.ammamel.com\/fr\/massage-corporel-freeflow\/#breadcrumb","itemListElement":[{"@type":"ListItem","position":1,"name":"Portada","item":"https:\/\/www.ammamel.com\/fr\/"},{"@type":"ListItem","position":2,"name":"Massage corporel FreeFlow"}]},{"@type":"WebSite","@id":"https:\/\/www.ammamel.com\/fr\/#website","url":"https:\/\/www.ammamel.com\/fr\/","name":"AmmaMel Massages","description":"Praticienne Bien \u00catre Holistique &amp; Shiatsu (Gironde)","publisher":{"@id":"https:\/\/www.ammamel.com\/fr\/#\/schema\/person\/e4947ec778736abb506432321b636130"},"potentialAction":[{"@type":"SearchAction","target":{"@type":"EntryPoint","urlTemplate":"https:\/\/www.ammamel.com\/fr\/?s={search_term_string}"},"query-input":{"@type":"PropertyValueSpecification","valueRequired":true,"valueName":"search_term_string"}}],"inLanguage":"fr-FR"},{"@type":["Person","Organization"],"@id":"https:\/\/www.ammamel.com\/fr\/#\/schema\/person\/e4947ec778736abb506432321b636130","name":"M\u00e9lanie Mongelli","image":{"@type":"ImageObject","inLanguage":"fr-FR","@id":"https:\/\/www.ammamel.com\/wp-content\/uploads\/2024\/01\/ammamel.png","url":"https:\/\/www.ammamel.com\/wp-content\/uploads\/2024\/01\/ammamel.png","contentUrl":"https:\/\/www.ammamel.com\/wp-content\/uploads\/2024\/01\/ammamel.png","width":600,"height":600,"caption":"M\u00e9lanie Mongelli"},"logo":{"@id":"https:\/\/www.ammamel.com\/wp-content\/uploads\/2024\/01\/ammamel.png"},"sameAs":["https:\/\/www.ammamel.com"]}]}},"_links":{"self":[{"href":"https:\/\/www.ammamel.com\/fr\/wp-json\/wp\/v2\/pages\/6871","targetHints":{"allow":["GET"]}}],"collection":[{"href":"https:\/\/www.ammamel.com\/fr\/wp-json\/wp\/v2\/pages"}],"about":[{"href":"https:\/\/www.ammamel.com\/fr\/wp-json\/wp\/v2\/types\/page"}],"author":[{"embeddable":true,"href":"https:\/\/www.ammamel.com\/fr\/wp-json\/wp\/v2\/users\/2"}],"replies":[{"embeddable":true,"href":"https:\/\/www.ammamel.com\/fr\/wp-json\/wp\/v2\/comments?post=6871"}],"version-history":[{"count":1,"href":"https:\/\/www.ammamel.com\/fr\/wp-json\/wp\/v2\/pages\/6871\/revisions"}],"predecessor-version":[{"id":6872,"href":"https:\/\/www.ammamel.com\/fr\/wp-json\/wp\/v2\/pages\/6871\/revisions\/6872"}],"wp:featuredmedia":[{"embeddable":true,"href":"https:\/\/www.ammamel.com\/fr\/wp-json\/wp\/v2\/media\/7061"}],"wp:attachment":[{"href":"https:\/\/www.ammamel.com\/fr\/wp-json\/wp\/v2\/media?parent=6871"}],"curies":[{"name":"wp","href":"https:\/\/api.w.org\/{rel}","templated":true}]}}