{"id":6854,"date":"2024-04-23T03:53:03","date_gmt":"2024-04-23T03:53:03","guid":{"rendered":"https:\/\/www.ammamel.com\/massages\/"},"modified":"2024-07-18T10:21:57","modified_gmt":"2024-07-18T10:21:57","slug":"massages","status":"publish","type":"page","link":"https:\/\/www.ammamel.com\/fr\/massages\/","title":{"rendered":"Massages"},"content":{"rendered":"\t\t<div data-elementor-type=\"wp-page\" data-elementor-id=\"6854\" class=\"elementor elementor-6854 elementor-6256\">\n\t\t\t\t\t\t<section class=\"elementor-section elementor-top-section elementor-element elementor-element-1a67c77 elementor-section-boxed elementor-section-height-default elementor-section-height-default\" data-id=\"1a67c77\" data-element_type=\"section\" data-e-type=\"section\" data-settings=\"{&quot;background_background&quot;:&quot;classic&quot;}\">\n\t\t\t\t\t\t\t<div class=\"elementor-background-overlay\"><\/div>\n\t\t\t\t\t\t\t<div class=\"elementor-container elementor-column-gap-default\">\n\t\t\t\t\t<div class=\"elementor-column elementor-col-100 elementor-top-column elementor-element elementor-element-6112c72\" data-id=\"6112c72\" data-element_type=\"column\" data-e-type=\"column\">\n\t\t\t<div class=\"elementor-widget-wrap elementor-element-populated\">\n\t\t\t\t\t\t<div class=\"elementor-element elementor-element-84abd58 elementor-widget elementor-widget-text-editor\" data-id=\"84abd58\" data-element_type=\"widget\" data-e-type=\"widget\" data-widget_type=\"text-editor.default\">\n\t\t\t\t<div class=\"elementor-widget-container\">\n\t\t\t\t\t\t\t\t\t<p>Le massage est une pratique mill\u00e9naire qui a \u00e9volu\u00e9 au fil du temps pour devenir une forme populaire de th\u00e9rapie et de bien-\u00eatre.<\/p>\n<p>Le toucher bienveillant est en effet une mani\u00e8re holistique et agr\u00e9able de rel\u00e2cher les tensions musculaires, mais aussi de tranquilliser le mental, et harmoniser notre \u00e9tat \u00e9motionnel. <\/p>\n<p>De la femme enceinte ou jeune maman au sportif de haut niveau, nous avons tous besoin de prendre soin de nous-m\u00eames.<\/p>\n\t\t\t\t\t\t\t\t<\/div>\n\t\t\t\t<\/div>\n\t\t\t\t<section class=\"elementor-section elementor-inner-section elementor-element elementor-element-902467d elementor-section-boxed elementor-section-height-default elementor-section-height-default\" data-id=\"902467d\" data-element_type=\"section\" data-e-type=\"section\">\n\t\t\t\t\t\t<div class=\"elementor-container elementor-column-gap-default\">\n\t\t\t\t\t<div class=\"elementor-column elementor-col-50 elementor-inner-column elementor-element elementor-element-221690e\" data-id=\"221690e\" data-element_type=\"column\" data-e-type=\"column\" data-settings=\"{&quot;background_background&quot;:&quot;classic&quot;}\">\n\t\t\t<div class=\"elementor-widget-wrap elementor-element-populated\">\n\t\t\t\t\t\t<div class=\"elementor-element elementor-element-9bb9ecf elementor-widget elementor-widget-heading\" data-id=\"9bb9ecf\" data-element_type=\"widget\" data-e-type=\"widget\" data-widget_type=\"heading.default\">\n\t\t\t\t<div class=\"elementor-widget-container\">\n\t\t\t\t\t<h3 class=\"elementor-heading-title elementor-size-default\">Massages corporels<\/h3>\t\t\t\t<\/div>\n\t\t\t\t<\/div>\n\t\t\t\t<div class=\"elementor-element elementor-element-fabbf9a elementor-widget elementor-widget-heading\" data-id=\"fabbf9a\" data-element_type=\"widget\" data-e-type=\"widget\" data-widget_type=\"heading.default\">\n\t\t\t\t<div class=\"elementor-widget-container\">\n\t\t\t\t\t<h4 class=\"elementor-heading-title elementor-size-default\"><a href=\"https:\/\/www.ammamel.com\/masaje-corporal-freeflow\/\">Massage FreeFlow<\/a><\/h4>\t\t\t\t<\/div>\n\t\t\t\t<\/div>\n\t\t\t\t<div class=\"elementor-element elementor-element-dd47f7d elementor-widget elementor-widget-text-editor\" data-id=\"dd47f7d\" data-element_type=\"widget\" data-e-type=\"widget\" data-widget_type=\"text-editor.default\">\n\t\t\t\t<div class=\"elementor-widget-container\">\n\t\t\t\t\t\t\t\t\t<p>Un massage holistique, alliance de techniques pr\u00e9cises et de l\u00e2cher prise, dans lequel les besoins de la personne sont \u00e9cout\u00e9s et respect\u00e9s pour une d\u00e9tente physique et mentale compl\u00e8te.<\/p>\n\t\t\t\t\t\t\t\t<\/div>\n\t\t\t\t<\/div>\n\t\t\t\t<div class=\"elementor-element elementor-element-49f87ad elementor-widget elementor-widget-heading\" data-id=\"49f87ad\" data-element_type=\"widget\" data-e-type=\"widget\" data-widget_type=\"heading.default\">\n\t\t\t\t<div class=\"elementor-widget-container\">\n\t\t\t\t\t<h4 class=\"elementor-heading-title elementor-size-default\"><a href=\"https:\/\/www.ammamel.com\/zen-shiatsu\/\">Zen Shiatsu<\/a><\/h4>\t\t\t\t<\/div>\n\t\t\t\t<\/div>\n\t\t\t\t<div class=\"elementor-element elementor-element-57293a1 elementor-widget elementor-widget-text-editor\" data-id=\"57293a1\" data-element_type=\"widget\" data-e-type=\"widget\" data-widget_type=\"text-editor.default\">\n\t\t\t\t<div class=\"elementor-widget-container\">\n\t\t\t\t\t\t\t\t\t<p>Le Zen Shiatsu est une forme unique de travail corporel qui procure la satisfaction du toucher ainsi qu&#8217;une profonde exp\u00e9rience de l&#8217;\u00e9quilibre \u00e9nerg\u00e9tique. Il est bas\u00e9 sur des milliers d\u2019ann\u00e9es de philosophie et de m\u00e9thodes de gu\u00e9rison orientales. <\/p>\n\t\t\t\t\t\t\t\t<\/div>\n\t\t\t\t<\/div>\n\t\t\t\t<div class=\"elementor-element elementor-element-9b3bcee elementor-widget elementor-widget-heading\" data-id=\"9b3bcee\" data-element_type=\"widget\" data-e-type=\"widget\" data-widget_type=\"heading.default\">\n\t\t\t\t<div class=\"elementor-widget-container\">\n\t\t\t\t\t<h4 class=\"elementor-heading-title elementor-size-default\"><a href=\"https:\/\/www.ammamel.com\/masaje-amma-sentado\/\">Amma assis<\/a><\/h4>\t\t\t\t<\/div>\n\t\t\t\t<\/div>\n\t\t\t\t<div class=\"elementor-element elementor-element-3991590 elementor-widget elementor-widget-text-editor\" data-id=\"3991590\" data-element_type=\"widget\" data-e-type=\"widget\" data-widget_type=\"text-editor.default\">\n\t\t\t\t<div class=\"elementor-widget-container\">\n\t\t\t\t\t\t\t\t\t<p>Le <a href=\"https:\/\/www.ammamel.com\/masaje-amma-sentado\/\">massage Amma assis<\/a> est une solution pour lutter contre le stress, les tensions nerveuses et pour r\u00e9duire les tensions musculo-squelettiques. Il est particuli\u00e8rement indiqu\u00e9 pour les maux de dos dus \u00e0 une mauvaise posture : pour les personnes qui travaillent en position assise devant un ordinateur, portent de lourdes charges, conduisent des v\u00e9hicules, etc.<\/p>\n\t\t\t\t\t\t\t\t<\/div>\n\t\t\t\t<\/div>\n\t\t\t\t<div class=\"elementor-element elementor-element-40f642c elementor-align-center elementor-widget elementor-widget-button\" data-id=\"40f642c\" data-element_type=\"widget\" data-e-type=\"widget\" data-widget_type=\"button.default\">\n\t\t\t\t<div class=\"elementor-widget-container\">\n\t\t\t\t\t\t\t\t\t<div class=\"elementor-button-wrapper\">\n\t\t\t\t\t<a class=\"elementor-button elementor-button-link elementor-size-md\" href=\"https:\/\/www.ammamel.com\/menu\/\">\n\t\t\t\t\t\t<span class=\"elementor-button-content-wrapper\">\n\t\t\t\t\t\t\t\t\t<span class=\"elementor-button-text\">Massages corporels<\/span>\n\t\t\t\t\t<\/span>\n\t\t\t\t\t<\/a>\n\t\t\t\t<\/div>\n\t\t\t\t\t\t\t\t<\/div>\n\t\t\t\t<\/div>\n\t\t\t\t\t<\/div>\n\t\t<\/div>\n\t\t\t\t<div class=\"elementor-column elementor-col-50 elementor-inner-column elementor-element elementor-element-76c0bbc\" data-id=\"76c0bbc\" data-element_type=\"column\" data-e-type=\"column\" data-settings=\"{&quot;background_background&quot;:&quot;classic&quot;}\">\n\t\t\t<div class=\"elementor-widget-wrap elementor-element-populated\">\n\t\t\t\t\t\t<div class=\"elementor-element elementor-element-ddb85fd elementor-widget elementor-widget-heading\" data-id=\"ddb85fd\" data-element_type=\"widget\" data-e-type=\"widget\" data-widget_type=\"heading.default\">\n\t\t\t\t<div class=\"elementor-widget-container\">\n\t\t\t\t\t<h3 class=\"elementor-heading-title elementor-size-default\">Massages du visage<\/h3>\t\t\t\t<\/div>\n\t\t\t\t<\/div>\n\t\t\t\t<div class=\"elementor-element elementor-element-baadafa elementor-widget elementor-widget-heading\" data-id=\"baadafa\" data-element_type=\"widget\" data-e-type=\"widget\" data-widget_type=\"heading.default\">\n\t\t\t\t<div class=\"elementor-widget-container\">\n\t\t\t\t\t<h4 class=\"elementor-heading-title elementor-size-default\"><a href=\"https:\/\/www.ammamel.com\/masaje-facial-kobido\/\">Massage du visage Kobido<\/a><\/h4>\t\t\t\t<\/div>\n\t\t\t\t<\/div>\n\t\t\t\t<div class=\"elementor-element elementor-element-e983b2b elementor-widget elementor-widget-text-editor\" data-id=\"e983b2b\" data-element_type=\"widget\" data-e-type=\"widget\" data-widget_type=\"text-editor.default\">\n\t\t\t\t<div class=\"elementor-widget-container\">\n\t\t\t\t\t\t\t\t\t<p>Kobido, le massage du visage anti-\u00e2ge par excellence. C&#8217;est un massage liftant naturel qui stimule les muscles et les tissus du visage de la surface jusqu&#8217;en profondeur.<\/p>\n\t\t\t\t\t\t\t\t<\/div>\n\t\t\t\t<\/div>\n\t\t\t\t<div class=\"elementor-element elementor-element-00b6dbf elementor-widget elementor-widget-heading\" data-id=\"00b6dbf\" data-element_type=\"widget\" data-e-type=\"widget\" data-widget_type=\"heading.default\">\n\t\t\t\t<div class=\"elementor-widget-container\">\n\t\t\t\t\t<span class=\"elementor-heading-title elementor-size-default\">Massage du visage FreeFlow\n<\/span>\t\t\t\t<\/div>\n\t\t\t\t<\/div>\n\t\t\t\t<div class=\"elementor-element elementor-element-b9009e2 elementor-widget elementor-widget-text-editor\" data-id=\"b9009e2\" data-element_type=\"widget\" data-e-type=\"widget\" data-widget_type=\"text-editor.default\">\n\t\t\t\t<div class=\"elementor-widget-container\">\n\t\t\t\t\t\t\t\t\t<p>Un massage du visage adapt\u00e9 \u00e0 vous<\/p>\n\t\t\t\t\t\t\t\t<\/div>\n\t\t\t\t<\/div>\n\t\t\t\t<div class=\"elementor-element elementor-element-b921015 elementor-align-center elementor-widget elementor-widget-button\" data-id=\"b921015\" data-element_type=\"widget\" data-e-type=\"widget\" data-widget_type=\"button.default\">\n\t\t\t\t<div class=\"elementor-widget-container\">\n\t\t\t\t\t\t\t\t\t<div class=\"elementor-button-wrapper\">\n\t\t\t\t\t<a class=\"elementor-button elementor-button-link elementor-size-md\" href=\"https:\/\/www.ammamel.com\/menu\/\">\n\t\t\t\t\t\t<span class=\"elementor-button-content-wrapper\">\n\t\t\t\t\t\t\t\t\t<span class=\"elementor-button-text\">Massages du visage<\/span>\n\t\t\t\t\t<\/span>\n\t\t\t\t\t<\/a>\n\t\t\t\t<\/div>\n\t\t\t\t\t\t\t\t<\/div>\n\t\t\t\t<\/div>\n\t\t\t\t\t<\/div>\n\t\t<\/div>\n\t\t\t\t\t<\/div>\n\t\t<\/section>\n\t\t\t\t\t<\/div>\n\t\t<\/div>\n\t\t\t\t\t<\/div>\n\t\t<\/section>\n\t\t\t\t<\/div>\n\t\t","protected":false},"excerpt":{"rendered":"<p>Le massage est une pratique mill\u00e9naire qui a \u00e9volu\u00e9 au fil du temps pour devenir une forme populaire de th\u00e9rapie et de bien-\u00eatre. Le toucher bienveillant est en effet une mani\u00e8re holistique et agr\u00e9able de rel\u00e2cher les tensions musculaires, mais aussi de tranquilliser le mental, et harmoniser notre \u00e9tat \u00e9motionnel. [&hellip;]<\/p>\n","protected":false},"author":1,"featured_media":0,"parent":0,"menu_order":0,"comment_status":"closed","ping_status":"closed","template":"","meta":{"inspiro_page_layout":"narrow","inspiro_hide_title":false,"footnotes":""},"class_list":["post-6854","page","type-page","status-publish","hentry"],"yoast_head":"<!-- This site is optimized with the Yoast SEO plugin v27.5 - https:\/\/yoast.com\/product\/yoast-seo-wordpress\/ -->\n<title>Massages - Ammamel<\/title>\n<meta name=\"robots\" content=\"index, follow, max-snippet:-1, max-image-preview:large, max-video-preview:-1\" \/>\n<link rel=\"canonical\" href=\"https:\/\/www.ammamel.com\/fr\/massages\/\" \/>\n<meta property=\"og:locale\" content=\"fr_FR\" \/>\n<meta property=\"og:type\" content=\"article\" \/>\n<meta property=\"og:title\" content=\"Massages - Ammamel\" \/>\n<meta property=\"og:description\" content=\"Le massage est une pratique mill\u00e9naire qui a \u00e9volu\u00e9 au fil du temps pour devenir une forme populaire de th\u00e9rapie et de bien-\u00eatre. Le toucher bienveillant est en effet une mani\u00e8re holistique et agr\u00e9able de rel\u00e2cher les tensions musculaires, mais aussi de tranquilliser le mental, et harmoniser notre \u00e9tat \u00e9motionnel. [&hellip;]\" \/>\n<meta property=\"og:url\" content=\"https:\/\/www.ammamel.com\/fr\/massages\/\" \/>\n<meta property=\"og:site_name\" content=\"Ammamel\" \/>\n<meta property=\"article:modified_time\" content=\"2024-07-18T10:21:57+00:00\" \/>\n<meta property=\"og:image\" content=\"https:\/\/www.ammamel.com\/wp-content\/uploads\/2024\/01\/Ammamel-Kobido-55-scaled.jpg\" \/>\n\t<meta property=\"og:image:width\" content=\"2560\" \/>\n\t<meta property=\"og:image:height\" content=\"1707\" \/>\n\t<meta property=\"og:image:type\" content=\"image\/jpeg\" \/>\n<meta name=\"twitter:card\" content=\"summary_large_image\" \/>\n<meta name=\"twitter:label1\" content=\"Est. reading time\" \/>\n\t<meta name=\"twitter:data1\" content=\"2 minutes\" \/>\n<script type=\"application\/ld+json\" class=\"yoast-schema-graph\">{\"@context\":\"https:\\\/\\\/schema.org\",\"@graph\":[{\"@type\":\"WebPage\",\"@id\":\"https:\\\/\\\/www.ammamel.com\\\/fr\\\/massages\\\/\",\"url\":\"https:\\\/\\\/www.ammamel.com\\\/fr\\\/massages\\\/\",\"name\":\"Massages - Ammamel\",\"isPartOf\":{\"@id\":\"https:\\\/\\\/www.ammamel.com\\\/fr\\\/#website\"},\"datePublished\":\"2024-04-23T03:53:03+00:00\",\"dateModified\":\"2024-07-18T10:21:57+00:00\",\"breadcrumb\":{\"@id\":\"https:\\\/\\\/www.ammamel.com\\\/fr\\\/massages\\\/#breadcrumb\"},\"inLanguage\":\"fr-FR\",\"potentialAction\":[{\"@type\":\"ReadAction\",\"target\":[\"https:\\\/\\\/www.ammamel.com\\\/fr\\\/massages\\\/\"]}]},{\"@type\":\"BreadcrumbList\",\"@id\":\"https:\\\/\\\/www.ammamel.com\\\/fr\\\/massages\\\/#breadcrumb\",\"itemListElement\":[{\"@type\":\"ListItem\",\"position\":1,\"name\":\"Portada\",\"item\":\"https:\\\/\\\/www.ammamel.com\\\/fr\\\/\"},{\"@type\":\"ListItem\",\"position\":2,\"name\":\"Massages\"}]},{\"@type\":\"WebSite\",\"@id\":\"https:\\\/\\\/www.ammamel.com\\\/fr\\\/#website\",\"url\":\"https:\\\/\\\/www.ammamel.com\\\/fr\\\/\",\"name\":\"AmmaMel Massages\",\"description\":\"Praticienne Bien \u00catre Holistique &amp; Shiatsu (Gironde)\",\"publisher\":{\"@id\":\"https:\\\/\\\/www.ammamel.com\\\/fr\\\/#\\\/schema\\\/person\\\/e4947ec778736abb506432321b636130\"},\"potentialAction\":[{\"@type\":\"SearchAction\",\"target\":{\"@type\":\"EntryPoint\",\"urlTemplate\":\"https:\\\/\\\/www.ammamel.com\\\/fr\\\/?s={search_term_string}\"},\"query-input\":{\"@type\":\"PropertyValueSpecification\",\"valueRequired\":true,\"valueName\":\"search_term_string\"}}],\"inLanguage\":\"fr-FR\"},{\"@type\":[\"Person\",\"Organization\"],\"@id\":\"https:\\\/\\\/www.ammamel.com\\\/fr\\\/#\\\/schema\\\/person\\\/e4947ec778736abb506432321b636130\",\"name\":\"M\u00e9lanie Mongelli\",\"image\":{\"@type\":\"ImageObject\",\"inLanguage\":\"fr-FR\",\"@id\":\"https:\\\/\\\/www.ammamel.com\\\/wp-content\\\/uploads\\\/2024\\\/01\\\/ammamel.png\",\"url\":\"https:\\\/\\\/www.ammamel.com\\\/wp-content\\\/uploads\\\/2024\\\/01\\\/ammamel.png\",\"contentUrl\":\"https:\\\/\\\/www.ammamel.com\\\/wp-content\\\/uploads\\\/2024\\\/01\\\/ammamel.png\",\"width\":600,\"height\":600,\"caption\":\"M\u00e9lanie Mongelli\"},\"logo\":{\"@id\":\"https:\\\/\\\/www.ammamel.com\\\/wp-content\\\/uploads\\\/2024\\\/01\\\/ammamel.png\"},\"sameAs\":[\"https:\\\/\\\/www.ammamel.com\"]}]}<\/script>\n<!-- \/ Yoast SEO plugin. -->","yoast_head_json":{"title":"Massages - Ammamel","robots":{"index":"index","follow":"follow","max-snippet":"max-snippet:-1","max-image-preview":"max-image-preview:large","max-video-preview":"max-video-preview:-1"},"canonical":"https:\/\/www.ammamel.com\/fr\/massages\/","og_locale":"fr_FR","og_type":"article","og_title":"Massages - Ammamel","og_description":"Le massage est une pratique mill\u00e9naire qui a \u00e9volu\u00e9 au fil du temps pour devenir une forme populaire de th\u00e9rapie et de bien-\u00eatre. Le toucher bienveillant est en effet une mani\u00e8re holistique et agr\u00e9able de rel\u00e2cher les tensions musculaires, mais aussi de tranquilliser le mental, et harmoniser notre \u00e9tat \u00e9motionnel. [&hellip;]","og_url":"https:\/\/www.ammamel.com\/fr\/massages\/","og_site_name":"Ammamel","article_modified_time":"2024-07-18T10:21:57+00:00","og_image":[{"width":2560,"height":1707,"url":"https:\/\/www.ammamel.com\/wp-content\/uploads\/2024\/01\/Ammamel-Kobido-55-scaled.jpg","type":"image\/jpeg"}],"twitter_card":"summary_large_image","twitter_misc":{"Est. reading time":"2 minutes"},"schema":{"@context":"https:\/\/schema.org","@graph":[{"@type":"WebPage","@id":"https:\/\/www.ammamel.com\/fr\/massages\/","url":"https:\/\/www.ammamel.com\/fr\/massages\/","name":"Massages - Ammamel","isPartOf":{"@id":"https:\/\/www.ammamel.com\/fr\/#website"},"datePublished":"2024-04-23T03:53:03+00:00","dateModified":"2024-07-18T10:21:57+00:00","breadcrumb":{"@id":"https:\/\/www.ammamel.com\/fr\/massages\/#breadcrumb"},"inLanguage":"fr-FR","potentialAction":[{"@type":"ReadAction","target":["https:\/\/www.ammamel.com\/fr\/massages\/"]}]},{"@type":"BreadcrumbList","@id":"https:\/\/www.ammamel.com\/fr\/massages\/#breadcrumb","itemListElement":[{"@type":"ListItem","position":1,"name":"Portada","item":"https:\/\/www.ammamel.com\/fr\/"},{"@type":"ListItem","position":2,"name":"Massages"}]},{"@type":"WebSite","@id":"https:\/\/www.ammamel.com\/fr\/#website","url":"https:\/\/www.ammamel.com\/fr\/","name":"AmmaMel Massages","description":"Praticienne Bien \u00catre Holistique &amp; Shiatsu (Gironde)","publisher":{"@id":"https:\/\/www.ammamel.com\/fr\/#\/schema\/person\/e4947ec778736abb506432321b636130"},"potentialAction":[{"@type":"SearchAction","target":{"@type":"EntryPoint","urlTemplate":"https:\/\/www.ammamel.com\/fr\/?s={search_term_string}"},"query-input":{"@type":"PropertyValueSpecification","valueRequired":true,"valueName":"search_term_string"}}],"inLanguage":"fr-FR"},{"@type":["Person","Organization"],"@id":"https:\/\/www.ammamel.com\/fr\/#\/schema\/person\/e4947ec778736abb506432321b636130","name":"M\u00e9lanie Mongelli","image":{"@type":"ImageObject","inLanguage":"fr-FR","@id":"https:\/\/www.ammamel.com\/wp-content\/uploads\/2024\/01\/ammamel.png","url":"https:\/\/www.ammamel.com\/wp-content\/uploads\/2024\/01\/ammamel.png","contentUrl":"https:\/\/www.ammamel.com\/wp-content\/uploads\/2024\/01\/ammamel.png","width":600,"height":600,"caption":"M\u00e9lanie Mongelli"},"logo":{"@id":"https:\/\/www.ammamel.com\/wp-content\/uploads\/2024\/01\/ammamel.png"},"sameAs":["https:\/\/www.ammamel.com"]}]}},"_links":{"self":[{"href":"https:\/\/www.ammamel.com\/fr\/wp-json\/wp\/v2\/pages\/6854","targetHints":{"allow":["GET"]}}],"collection":[{"href":"https:\/\/www.ammamel.com\/fr\/wp-json\/wp\/v2\/pages"}],"about":[{"href":"https:\/\/www.ammamel.com\/fr\/wp-json\/wp\/v2\/types\/page"}],"author":[{"embeddable":true,"href":"https:\/\/www.ammamel.com\/fr\/wp-json\/wp\/v2\/users\/1"}],"replies":[{"embeddable":true,"href":"https:\/\/www.ammamel.com\/fr\/wp-json\/wp\/v2\/comments?post=6854"}],"version-history":[{"count":4,"href":"https:\/\/www.ammamel.com\/fr\/wp-json\/wp\/v2\/pages\/6854\/revisions"}],"predecessor-version":[{"id":7087,"href":"https:\/\/www.ammamel.com\/fr\/wp-json\/wp\/v2\/pages\/6854\/revisions\/7087"}],"wp:attachment":[{"href":"https:\/\/www.ammamel.com\/fr\/wp-json\/wp\/v2\/media?parent=6854"}],"curies":[{"name":"wp","href":"https:\/\/api.w.org\/{rel}","templated":true}]}}