{"id":896,"date":"2023-04-27T14:54:21","date_gmt":"2023-04-27T14:54:21","guid":{"rendered":"https:\/\/www.ammamel.com\/?page_id=896"},"modified":"2023-04-27T15:04:35","modified_gmt":"2023-04-27T15:04:35","slug":"masaje-deep-tissue","status":"publish","type":"page","link":"https:\/\/www.ammamel.com\/es\/masaje-deep-tissue\/","title":{"rendered":"Masaje Deep Tissue"},"content":{"rendered":"\n<p>El masaje <em>Deep Tissue<\/em> es una t\u00e9cnica terap\u00e9utica que se centra en los tejidos profundos del cuerpo. Utilizando una presi\u00f3n intensa y lenta, se aplica una fricci\u00f3n profunda y enfocada para trabajar en las capas musculares y de tejido conectivo. Es un masaje descontracturante que llega a los puntos de tensi\u00f3n m\u00e1s profundos, y puede ser especialmente beneficioso para las personas que experimentan dolor cr\u00f3nico o rigidez muscular.<\/p>\n\n\n\n<p>Esta t\u00e9cnica se origin\u00f3 en los a\u00f1os 40 y ha evolucionado con el tiempo para convertirse en uno de los masajes m\u00e1s populares entre los deportistas y las personas que buscan un masaje terap\u00e9utico. Se emplean las manos, nudillos, codos y antebrazos para trabajar en los tejidos profundos del cuerpo y liberar la tensi\u00f3n y los nudos que pueden estar causando dolor o incomodidad.<\/p>\n\n\n\n<figure class=\"wp-block-image aligncenter size-full is-resized\"><img fetchpriority=\"high\" decoding=\"async\" src=\"https:\/\/www.ammamel.com\/wp-content\/uploads\/2023\/04\/deep-tissue.png\" alt=\"\" class=\"wp-image-904\" width=\"406\" height=\"439\" srcset=\"https:\/\/www.ammamel.com\/wp-content\/uploads\/2023\/04\/deep-tissue.png 740w, https:\/\/www.ammamel.com\/wp-content\/uploads\/2023\/04\/deep-tissue-277x300.png 277w\" sizes=\"(max-width: 406px) 100vw, 406px\" \/><\/figure>\n\n\n\n<p><\/p>\n\n\n\n<p>La sesi\u00f3n de masaje Deep Tissue dura una hora y media y est\u00e1 dise\u00f1ada para aliviar la tensi\u00f3n muscular y la rigidez, as\u00ed como para reducir el dolor cr\u00f3nico y mejorar la circulaci\u00f3n. Tambi\u00e9n puede ayudar en la recuperaci\u00f3n de lesiones y mejorar la postura.<\/p>\n\n\n\n<p>El masaje Deep Tissue es perfecto para personas que buscan un masaje terap\u00e9utico intenso y profundo. La sesi\u00f3n se personalizar\u00e1 en funci\u00f3n de tus necesidades.<\/p>\n\n\n\n<p>\u00bfPor qu\u00e9 no pruebas una sesi\u00f3n de masaje Deep Tissue hoy y experimentas los beneficios del masaje en tejido profundo?<\/p>\n\n\n\n<div class=\"wp-block-buttons is-content-justification-center is-layout-flex wp-container-core-buttons-is-layout-a89b3969 wp-block-buttons-is-layout-flex\">\n<div class=\"wp-block-button\"><a class=\"wp-block-button__link has-background-color-color has-header-gradient-background-color has-text-color has-background wp-element-button\" href=\"https:\/\/www.ammamel.com\/contacto\/\">Cont\u00e1ctanos<\/a><\/div>\n<\/div>\n\n\n\n<p><\/p>\n\n\n\n<p><\/p>\n","protected":false},"excerpt":{"rendered":"<p>El masaje Deep Tissue es una t\u00e9cnica terap\u00e9utica que se centra en los tejidos profundos del cuerpo. Utilizando una presi\u00f3n intensa y lenta, se aplica una fricci\u00f3n profunda y enfocada para trabajar en las capas musculares y de tejido conectivo. Es un masaje descontracturante que llega a los puntos de [&hellip;]<\/p>\n","protected":false},"author":2,"featured_media":0,"parent":0,"menu_order":0,"comment_status":"closed","ping_status":"closed","template":"","meta":{"inspiro_page_layout":"narrow","inspiro_hide_title":false,"footnotes":""},"class_list":["post-896","page","type-page","status-publish","hentry"],"yoast_head":"<!-- This site is optimized with the Yoast SEO plugin v27.5 - https:\/\/yoast.com\/product\/yoast-seo-wordpress\/ -->\n<title>Masaje Deep Tissue - Ammamel<\/title>\n<meta name=\"robots\" content=\"index, follow, max-snippet:-1, max-image-preview:large, max-video-preview:-1\" \/>\n<link rel=\"canonical\" href=\"https:\/\/www.ammamel.com\/es\/masaje-deep-tissue\/\" \/>\n<meta property=\"og:locale\" content=\"es_ES\" \/>\n<meta property=\"og:type\" content=\"article\" \/>\n<meta property=\"og:title\" content=\"Masaje Deep Tissue - Ammamel\" \/>\n<meta property=\"og:description\" content=\"El masaje Deep Tissue es una t\u00e9cnica terap\u00e9utica que se centra en los tejidos profundos del cuerpo. Utilizando una presi\u00f3n intensa y lenta, se aplica una fricci\u00f3n profunda y enfocada para trabajar en las capas musculares y de tejido conectivo. Es un masaje descontracturante que llega a los puntos de [&hellip;]\" \/>\n<meta property=\"og:url\" content=\"https:\/\/www.ammamel.com\/es\/masaje-deep-tissue\/\" \/>\n<meta property=\"og:site_name\" content=\"Ammamel\" \/>\n<meta property=\"article:modified_time\" content=\"2023-04-27T15:04:35+00:00\" \/>\n<meta property=\"og:image\" content=\"https:\/\/www.ammamel.com\/wp-content\/uploads\/2023\/04\/deep-tissue.png\" \/>\n<meta name=\"twitter:card\" content=\"summary_large_image\" \/>\n<script type=\"application\/ld+json\" class=\"yoast-schema-graph\">{\"@context\":\"https:\\\/\\\/schema.org\",\"@graph\":[{\"@type\":\"WebPage\",\"@id\":\"https:\\\/\\\/www.ammamel.com\\\/es\\\/masaje-deep-tissue\\\/\",\"url\":\"https:\\\/\\\/www.ammamel.com\\\/es\\\/masaje-deep-tissue\\\/\",\"name\":\"Masaje Deep Tissue - Ammamel\",\"isPartOf\":{\"@id\":\"https:\\\/\\\/www.ammamel.com\\\/es\\\/#website\"},\"primaryImageOfPage\":{\"@id\":\"https:\\\/\\\/www.ammamel.com\\\/es\\\/masaje-deep-tissue\\\/#primaryimage\"},\"image\":{\"@id\":\"https:\\\/\\\/www.ammamel.com\\\/es\\\/masaje-deep-tissue\\\/#primaryimage\"},\"thumbnailUrl\":\"https:\\\/\\\/www.ammamel.com\\\/wp-content\\\/uploads\\\/2023\\\/04\\\/deep-tissue.png\",\"datePublished\":\"2023-04-27T14:54:21+00:00\",\"dateModified\":\"2023-04-27T15:04:35+00:00\",\"breadcrumb\":{\"@id\":\"https:\\\/\\\/www.ammamel.com\\\/es\\\/masaje-deep-tissue\\\/#breadcrumb\"},\"inLanguage\":\"es\",\"potentialAction\":[{\"@type\":\"ReadAction\",\"target\":[\"https:\\\/\\\/www.ammamel.com\\\/es\\\/masaje-deep-tissue\\\/\"]}]},{\"@type\":\"ImageObject\",\"inLanguage\":\"es\",\"@id\":\"https:\\\/\\\/www.ammamel.com\\\/es\\\/masaje-deep-tissue\\\/#primaryimage\",\"url\":\"https:\\\/\\\/www.ammamel.com\\\/wp-content\\\/uploads\\\/2023\\\/04\\\/deep-tissue.png\",\"contentUrl\":\"https:\\\/\\\/www.ammamel.com\\\/wp-content\\\/uploads\\\/2023\\\/04\\\/deep-tissue.png\"},{\"@type\":\"BreadcrumbList\",\"@id\":\"https:\\\/\\\/www.ammamel.com\\\/es\\\/masaje-deep-tissue\\\/#breadcrumb\",\"itemListElement\":[{\"@type\":\"ListItem\",\"position\":1,\"name\":\"Portada\",\"item\":\"https:\\\/\\\/www.ammamel.com\\\/es\\\/\"},{\"@type\":\"ListItem\",\"position\":2,\"name\":\"Masaje Deep Tissue\"}]},{\"@type\":\"WebSite\",\"@id\":\"https:\\\/\\\/www.ammamel.com\\\/es\\\/#website\",\"url\":\"https:\\\/\\\/www.ammamel.com\\\/es\\\/\",\"name\":\"AmmaMel Massages\",\"description\":\"Shiatsu, Masaje Facial Kobido, Masaje Free-flow y Deep Tissue en Sant Joan d&#039;Alacant - Alicante\",\"publisher\":{\"@id\":\"https:\\\/\\\/www.ammamel.com\\\/es\\\/#\\\/schema\\\/person\\\/e4947ec778736abb506432321b636130\"},\"potentialAction\":[{\"@type\":\"SearchAction\",\"target\":{\"@type\":\"EntryPoint\",\"urlTemplate\":\"https:\\\/\\\/www.ammamel.com\\\/es\\\/?s={search_term_string}\"},\"query-input\":{\"@type\":\"PropertyValueSpecification\",\"valueRequired\":true,\"valueName\":\"search_term_string\"}}],\"inLanguage\":\"es\"},{\"@type\":[\"Person\",\"Organization\"],\"@id\":\"https:\\\/\\\/www.ammamel.com\\\/es\\\/#\\\/schema\\\/person\\\/e4947ec778736abb506432321b636130\",\"name\":\"M\u00e9lanie Mongelli\",\"image\":{\"@type\":\"ImageObject\",\"inLanguage\":\"es\",\"@id\":\"https:\\\/\\\/www.ammamel.com\\\/wp-content\\\/uploads\\\/2024\\\/01\\\/ammamel.png\",\"url\":\"https:\\\/\\\/www.ammamel.com\\\/wp-content\\\/uploads\\\/2024\\\/01\\\/ammamel.png\",\"contentUrl\":\"https:\\\/\\\/www.ammamel.com\\\/wp-content\\\/uploads\\\/2024\\\/01\\\/ammamel.png\",\"width\":600,\"height\":600,\"caption\":\"M\u00e9lanie Mongelli\"},\"logo\":{\"@id\":\"https:\\\/\\\/www.ammamel.com\\\/wp-content\\\/uploads\\\/2024\\\/01\\\/ammamel.png\"},\"sameAs\":[\"https:\\\/\\\/www.ammamel.com\"]}]}<\/script>\n<!-- \/ Yoast SEO plugin. -->","yoast_head_json":{"title":"Masaje Deep Tissue - Ammamel","robots":{"index":"index","follow":"follow","max-snippet":"max-snippet:-1","max-image-preview":"max-image-preview:large","max-video-preview":"max-video-preview:-1"},"canonical":"https:\/\/www.ammamel.com\/es\/masaje-deep-tissue\/","og_locale":"es_ES","og_type":"article","og_title":"Masaje Deep Tissue - Ammamel","og_description":"El masaje Deep Tissue es una t\u00e9cnica terap\u00e9utica que se centra en los tejidos profundos del cuerpo. Utilizando una presi\u00f3n intensa y lenta, se aplica una fricci\u00f3n profunda y enfocada para trabajar en las capas musculares y de tejido conectivo. Es un masaje descontracturante que llega a los puntos de [&hellip;]","og_url":"https:\/\/www.ammamel.com\/es\/masaje-deep-tissue\/","og_site_name":"Ammamel","article_modified_time":"2023-04-27T15:04:35+00:00","og_image":[{"url":"https:\/\/www.ammamel.com\/wp-content\/uploads\/2023\/04\/deep-tissue.png","type":"","width":"","height":""}],"twitter_card":"summary_large_image","schema":{"@context":"https:\/\/schema.org","@graph":[{"@type":"WebPage","@id":"https:\/\/www.ammamel.com\/es\/masaje-deep-tissue\/","url":"https:\/\/www.ammamel.com\/es\/masaje-deep-tissue\/","name":"Masaje Deep Tissue - Ammamel","isPartOf":{"@id":"https:\/\/www.ammamel.com\/es\/#website"},"primaryImageOfPage":{"@id":"https:\/\/www.ammamel.com\/es\/masaje-deep-tissue\/#primaryimage"},"image":{"@id":"https:\/\/www.ammamel.com\/es\/masaje-deep-tissue\/#primaryimage"},"thumbnailUrl":"https:\/\/www.ammamel.com\/wp-content\/uploads\/2023\/04\/deep-tissue.png","datePublished":"2023-04-27T14:54:21+00:00","dateModified":"2023-04-27T15:04:35+00:00","breadcrumb":{"@id":"https:\/\/www.ammamel.com\/es\/masaje-deep-tissue\/#breadcrumb"},"inLanguage":"es","potentialAction":[{"@type":"ReadAction","target":["https:\/\/www.ammamel.com\/es\/masaje-deep-tissue\/"]}]},{"@type":"ImageObject","inLanguage":"es","@id":"https:\/\/www.ammamel.com\/es\/masaje-deep-tissue\/#primaryimage","url":"https:\/\/www.ammamel.com\/wp-content\/uploads\/2023\/04\/deep-tissue.png","contentUrl":"https:\/\/www.ammamel.com\/wp-content\/uploads\/2023\/04\/deep-tissue.png"},{"@type":"BreadcrumbList","@id":"https:\/\/www.ammamel.com\/es\/masaje-deep-tissue\/#breadcrumb","itemListElement":[{"@type":"ListItem","position":1,"name":"Portada","item":"https:\/\/www.ammamel.com\/es\/"},{"@type":"ListItem","position":2,"name":"Masaje Deep Tissue"}]},{"@type":"WebSite","@id":"https:\/\/www.ammamel.com\/es\/#website","url":"https:\/\/www.ammamel.com\/es\/","name":"AmmaMel Massages","description":"Shiatsu, Masaje Facial Kobido, Masaje Free-flow y Deep Tissue en Sant Joan d&#039;Alacant - Alicante","publisher":{"@id":"https:\/\/www.ammamel.com\/es\/#\/schema\/person\/e4947ec778736abb506432321b636130"},"potentialAction":[{"@type":"SearchAction","target":{"@type":"EntryPoint","urlTemplate":"https:\/\/www.ammamel.com\/es\/?s={search_term_string}"},"query-input":{"@type":"PropertyValueSpecification","valueRequired":true,"valueName":"search_term_string"}}],"inLanguage":"es"},{"@type":["Person","Organization"],"@id":"https:\/\/www.ammamel.com\/es\/#\/schema\/person\/e4947ec778736abb506432321b636130","name":"M\u00e9lanie Mongelli","image":{"@type":"ImageObject","inLanguage":"es","@id":"https:\/\/www.ammamel.com\/wp-content\/uploads\/2024\/01\/ammamel.png","url":"https:\/\/www.ammamel.com\/wp-content\/uploads\/2024\/01\/ammamel.png","contentUrl":"https:\/\/www.ammamel.com\/wp-content\/uploads\/2024\/01\/ammamel.png","width":600,"height":600,"caption":"M\u00e9lanie Mongelli"},"logo":{"@id":"https:\/\/www.ammamel.com\/wp-content\/uploads\/2024\/01\/ammamel.png"},"sameAs":["https:\/\/www.ammamel.com"]}]}},"_links":{"self":[{"href":"https:\/\/www.ammamel.com\/es\/wp-json\/wp\/v2\/pages\/896","targetHints":{"allow":["GET"]}}],"collection":[{"href":"https:\/\/www.ammamel.com\/es\/wp-json\/wp\/v2\/pages"}],"about":[{"href":"https:\/\/www.ammamel.com\/es\/wp-json\/wp\/v2\/types\/page"}],"author":[{"embeddable":true,"href":"https:\/\/www.ammamel.com\/es\/wp-json\/wp\/v2\/users\/2"}],"replies":[{"embeddable":true,"href":"https:\/\/www.ammamel.com\/es\/wp-json\/wp\/v2\/comments?post=896"}],"version-history":[{"count":5,"href":"https:\/\/www.ammamel.com\/es\/wp-json\/wp\/v2\/pages\/896\/revisions"}],"predecessor-version":[{"id":908,"href":"https:\/\/www.ammamel.com\/es\/wp-json\/wp\/v2\/pages\/896\/revisions\/908"}],"wp:attachment":[{"href":"https:\/\/www.ammamel.com\/es\/wp-json\/wp\/v2\/media?parent=896"}],"curies":[{"name":"wp","href":"https:\/\/api.w.org\/{rel}","templated":true}]}}