{"id":882,"date":"2023-04-27T14:22:47","date_gmt":"2023-04-27T14:22:47","guid":{"rendered":"https:\/\/www.ammamel.com\/?page_id=882"},"modified":"2024-07-18T10:29:09","modified_gmt":"2024-07-18T10:29:09","slug":"regala-un-masaje-el-regalo-perfecto-para-cualquier-ocasion","status":"publish","type":"page","link":"https:\/\/www.ammamel.com\/es\/regala-un-masaje-el-regalo-perfecto-para-cualquier-ocasion\/","title":{"rendered":"Regala un masaje &#8211; El regalo perfecto para cualquier ocasi\u00f3n"},"content":{"rendered":"\n<p>\u00bfEst\u00e1s buscando un regalo para una ocasi\u00f3n particular (D\u00eda de la Madre, un cumplea\u00f1os, Navidad&#8230;)? \u00bfO quiz\u00e1s para alguien especial en tu vida: un amigo o amiga, madre, mujer\u2026? Un masaje es una manera \u00fanica y personal de demostrar cu\u00e1nto te importa el bienestar de esa persona.<\/p>\n\n\n\n<p>Te ofrecemos una variedad de masajes personalizados, como el <a href=\"https:\/\/www.ammamel.com\/masaje-corporal-freeflow\/\">masaje relajante<\/a>, <a href=\"https:\/\/www.ammamel.com\/zen-shiatsu\/\">Shiatsu<\/a>, <a href=\"https:\/\/www.ammamel.com\/masaje-facial-kobido\/\">masaje facial Kobido<\/a> y masaje Deep Tissue. Cada uno de ellos est\u00e1 dise\u00f1ado para aliviar la tensi\u00f3n y el estr\u00e9s, y ofrecer una experiencia relajante y rejuvenecedora.<\/p>\n\n\n\n<div class=\"wp-block-buttons is-content-justification-center is-layout-flex wp-container-core-buttons-is-layout-a89b3969 wp-block-buttons-is-layout-flex\">\n<div class=\"wp-block-button\"><a class=\"wp-block-button__link has-background-color-color has-header-gradient-background-color has-text-color has-background wp-element-button\" href=\"https:\/\/www.ammamel.com\/contacto\/\">Contacta para ofrecer tu tarjeta regalo<\/a><\/div>\n<\/div>\n\n\n\n<figure class=\"wp-block-image aligncenter size-full\"><img fetchpriority=\"high\" decoding=\"async\" width=\"963\" height=\"963\" src=\"https:\/\/www.ammamel.com\/wp-content\/uploads\/2024\/07\/imagen.png\" alt=\"\" class=\"wp-image-7094\" srcset=\"https:\/\/www.ammamel.com\/wp-content\/uploads\/2024\/07\/imagen.png 963w, https:\/\/www.ammamel.com\/wp-content\/uploads\/2024\/07\/imagen-300x300.png 300w, https:\/\/www.ammamel.com\/wp-content\/uploads\/2024\/07\/imagen-150x150.png 150w, https:\/\/www.ammamel.com\/wp-content\/uploads\/2024\/07\/imagen-768x768.png 768w, https:\/\/www.ammamel.com\/wp-content\/uploads\/2024\/07\/imagen-280x280.png 280w, https:\/\/www.ammamel.com\/wp-content\/uploads\/2024\/07\/imagen-560x560.png 560w, https:\/\/www.ammamel.com\/wp-content\/uploads\/2024\/07\/imagen-600x600.png 600w, https:\/\/www.ammamel.com\/wp-content\/uploads\/2024\/07\/imagen-800x800.png 800w\" sizes=\"(max-width: 963px) 100vw, 963px\" \/><\/figure>\n\n\n\n<p><\/p>\n\n\n\n<p>Nuestros bonos de regalo te permiten personalizar la experiencia para que se adapte a las necesidades de la persona a la que se lo est\u00e1s regalando. Adem\u00e1s, si no est\u00e1s seguro de qu\u00e9 tipo de masaje es el m\u00e1s adecuado para esa persona especial, estaremos encantados de ayudarte a elegir el mejor para ella o \u00e9l.<\/p>\n\n\n\n<p>Regala algo \u00fanico y memorable con un bono de regalo para un masaje. \u00a1Haz que la persona especial en tu vida se sienta cuidada y relajada!<\/p>\n\n\n\n<div class=\"wp-block-buttons is-content-justification-center is-layout-flex wp-container-core-buttons-is-layout-a89b3969 wp-block-buttons-is-layout-flex\">\n<div class=\"wp-block-button\"><a class=\"wp-block-button__link has-background-color-color has-text-color has-background wp-element-button\" href=\"https:\/\/www.ammamel.com\/contacto\/\" style=\"background-color:#8d00a9\">Regala un masaje<\/a><\/div>\n<\/div>\n\n\n\n<p><\/p>\n\n\n\n<p><\/p>\n","protected":false},"excerpt":{"rendered":"<p>\u00bfEst\u00e1s buscando un regalo para una ocasi\u00f3n particular (D\u00eda de la Madre, un cumplea\u00f1os, Navidad&#8230;)? \u00bfO quiz\u00e1s para alguien especial en tu vida: un amigo o amiga, madre, mujer\u2026? Un masaje es una manera \u00fanica y personal de demostrar cu\u00e1nto te importa el bienestar de esa persona. Te ofrecemos una [&hellip;]<\/p>\n","protected":false},"author":2,"featured_media":0,"parent":0,"menu_order":0,"comment_status":"closed","ping_status":"closed","template":"","meta":{"inspiro_page_layout":"narrow","inspiro_hide_title":false,"footnotes":""},"class_list":["post-882","page","type-page","status-publish","hentry"],"yoast_head":"<!-- This site is optimized with the Yoast SEO plugin v27.5 - https:\/\/yoast.com\/product\/yoast-seo-wordpress\/ -->\n<title>Regala un masaje - El regalo perfecto para cualquier ocasi\u00f3n - Ammamel<\/title>\n<meta name=\"robots\" content=\"index, follow, max-snippet:-1, max-image-preview:large, max-video-preview:-1\" \/>\n<link rel=\"canonical\" href=\"https:\/\/www.ammamel.com\/es\/regala-un-masaje-el-regalo-perfecto-para-cualquier-ocasion\/\" \/>\n<meta property=\"og:locale\" content=\"es_ES\" \/>\n<meta property=\"og:type\" content=\"article\" \/>\n<meta property=\"og:title\" content=\"Regala un masaje - El regalo perfecto para cualquier ocasi\u00f3n - Ammamel\" \/>\n<meta property=\"og:description\" content=\"\u00bfEst\u00e1s buscando un regalo para una ocasi\u00f3n particular (D\u00eda de la Madre, un cumplea\u00f1os, Navidad&#8230;)? \u00bfO quiz\u00e1s para alguien especial en tu vida: un amigo o amiga, madre, mujer\u2026? Un masaje es una manera \u00fanica y personal de demostrar cu\u00e1nto te importa el bienestar de esa persona. Te ofrecemos una [&hellip;]\" \/>\n<meta property=\"og:url\" content=\"https:\/\/www.ammamel.com\/es\/regala-un-masaje-el-regalo-perfecto-para-cualquier-ocasion\/\" \/>\n<meta property=\"og:site_name\" content=\"Ammamel\" \/>\n<meta property=\"article:modified_time\" content=\"2024-07-18T10:29:09+00:00\" \/>\n<meta property=\"og:image\" content=\"https:\/\/www.ammamel.com\/wp-content\/uploads\/2024\/07\/imagen.png\" \/>\n<meta name=\"twitter:card\" content=\"summary_large_image\" \/>\n<meta name=\"twitter:label1\" content=\"Tiempo de lectura\" \/>\n\t<meta name=\"twitter:data1\" content=\"2 minutos\" \/>\n<script type=\"application\/ld+json\" class=\"yoast-schema-graph\">{\"@context\":\"https:\\\/\\\/schema.org\",\"@graph\":[{\"@type\":\"WebPage\",\"@id\":\"https:\\\/\\\/www.ammamel.com\\\/es\\\/regala-un-masaje-el-regalo-perfecto-para-cualquier-ocasion\\\/\",\"url\":\"https:\\\/\\\/www.ammamel.com\\\/es\\\/regala-un-masaje-el-regalo-perfecto-para-cualquier-ocasion\\\/\",\"name\":\"Regala un masaje - El regalo perfecto para cualquier ocasi\u00f3n - Ammamel\",\"isPartOf\":{\"@id\":\"https:\\\/\\\/www.ammamel.com\\\/es\\\/#website\"},\"primaryImageOfPage\":{\"@id\":\"https:\\\/\\\/www.ammamel.com\\\/es\\\/regala-un-masaje-el-regalo-perfecto-para-cualquier-ocasion\\\/#primaryimage\"},\"image\":{\"@id\":\"https:\\\/\\\/www.ammamel.com\\\/es\\\/regala-un-masaje-el-regalo-perfecto-para-cualquier-ocasion\\\/#primaryimage\"},\"thumbnailUrl\":\"https:\\\/\\\/www.ammamel.com\\\/wp-content\\\/uploads\\\/2024\\\/07\\\/imagen.png\",\"datePublished\":\"2023-04-27T14:22:47+00:00\",\"dateModified\":\"2024-07-18T10:29:09+00:00\",\"breadcrumb\":{\"@id\":\"https:\\\/\\\/www.ammamel.com\\\/es\\\/regala-un-masaje-el-regalo-perfecto-para-cualquier-ocasion\\\/#breadcrumb\"},\"inLanguage\":\"es\",\"potentialAction\":[{\"@type\":\"ReadAction\",\"target\":[\"https:\\\/\\\/www.ammamel.com\\\/es\\\/regala-un-masaje-el-regalo-perfecto-para-cualquier-ocasion\\\/\"]}]},{\"@type\":\"ImageObject\",\"inLanguage\":\"es\",\"@id\":\"https:\\\/\\\/www.ammamel.com\\\/es\\\/regala-un-masaje-el-regalo-perfecto-para-cualquier-ocasion\\\/#primaryimage\",\"url\":\"https:\\\/\\\/www.ammamel.com\\\/wp-content\\\/uploads\\\/2024\\\/07\\\/imagen.png\",\"contentUrl\":\"https:\\\/\\\/www.ammamel.com\\\/wp-content\\\/uploads\\\/2024\\\/07\\\/imagen.png\"},{\"@type\":\"BreadcrumbList\",\"@id\":\"https:\\\/\\\/www.ammamel.com\\\/es\\\/regala-un-masaje-el-regalo-perfecto-para-cualquier-ocasion\\\/#breadcrumb\",\"itemListElement\":[{\"@type\":\"ListItem\",\"position\":1,\"name\":\"Portada\",\"item\":\"https:\\\/\\\/www.ammamel.com\\\/es\\\/\"},{\"@type\":\"ListItem\",\"position\":2,\"name\":\"Regala un masaje &#8211; El regalo perfecto para cualquier ocasi\u00f3n\"}]},{\"@type\":\"WebSite\",\"@id\":\"https:\\\/\\\/www.ammamel.com\\\/es\\\/#website\",\"url\":\"https:\\\/\\\/www.ammamel.com\\\/es\\\/\",\"name\":\"AmmaMel Massages\",\"description\":\"Shiatsu, Masaje Facial Kobido, Masaje Free-flow y Deep Tissue en Sant Joan d&#039;Alacant - Alicante\",\"publisher\":{\"@id\":\"https:\\\/\\\/www.ammamel.com\\\/es\\\/#\\\/schema\\\/person\\\/e4947ec778736abb506432321b636130\"},\"potentialAction\":[{\"@type\":\"SearchAction\",\"target\":{\"@type\":\"EntryPoint\",\"urlTemplate\":\"https:\\\/\\\/www.ammamel.com\\\/es\\\/?s={search_term_string}\"},\"query-input\":{\"@type\":\"PropertyValueSpecification\",\"valueRequired\":true,\"valueName\":\"search_term_string\"}}],\"inLanguage\":\"es\"},{\"@type\":[\"Person\",\"Organization\"],\"@id\":\"https:\\\/\\\/www.ammamel.com\\\/es\\\/#\\\/schema\\\/person\\\/e4947ec778736abb506432321b636130\",\"name\":\"M\u00e9lanie Mongelli\",\"image\":{\"@type\":\"ImageObject\",\"inLanguage\":\"es\",\"@id\":\"https:\\\/\\\/www.ammamel.com\\\/wp-content\\\/uploads\\\/2024\\\/01\\\/ammamel.png\",\"url\":\"https:\\\/\\\/www.ammamel.com\\\/wp-content\\\/uploads\\\/2024\\\/01\\\/ammamel.png\",\"contentUrl\":\"https:\\\/\\\/www.ammamel.com\\\/wp-content\\\/uploads\\\/2024\\\/01\\\/ammamel.png\",\"width\":600,\"height\":600,\"caption\":\"M\u00e9lanie Mongelli\"},\"logo\":{\"@id\":\"https:\\\/\\\/www.ammamel.com\\\/wp-content\\\/uploads\\\/2024\\\/01\\\/ammamel.png\"},\"sameAs\":[\"https:\\\/\\\/www.ammamel.com\"]}]}<\/script>\n<!-- \/ Yoast SEO plugin. -->","yoast_head_json":{"title":"Regala un masaje - El regalo perfecto para cualquier ocasi\u00f3n - Ammamel","robots":{"index":"index","follow":"follow","max-snippet":"max-snippet:-1","max-image-preview":"max-image-preview:large","max-video-preview":"max-video-preview:-1"},"canonical":"https:\/\/www.ammamel.com\/es\/regala-un-masaje-el-regalo-perfecto-para-cualquier-ocasion\/","og_locale":"es_ES","og_type":"article","og_title":"Regala un masaje - El regalo perfecto para cualquier ocasi\u00f3n - Ammamel","og_description":"\u00bfEst\u00e1s buscando un regalo para una ocasi\u00f3n particular (D\u00eda de la Madre, un cumplea\u00f1os, Navidad&#8230;)? \u00bfO quiz\u00e1s para alguien especial en tu vida: un amigo o amiga, madre, mujer\u2026? Un masaje es una manera \u00fanica y personal de demostrar cu\u00e1nto te importa el bienestar de esa persona. Te ofrecemos una [&hellip;]","og_url":"https:\/\/www.ammamel.com\/es\/regala-un-masaje-el-regalo-perfecto-para-cualquier-ocasion\/","og_site_name":"Ammamel","article_modified_time":"2024-07-18T10:29:09+00:00","og_image":[{"url":"https:\/\/www.ammamel.com\/wp-content\/uploads\/2024\/07\/imagen.png","type":"","width":"","height":""}],"twitter_card":"summary_large_image","twitter_misc":{"Tiempo de lectura":"2 minutos"},"schema":{"@context":"https:\/\/schema.org","@graph":[{"@type":"WebPage","@id":"https:\/\/www.ammamel.com\/es\/regala-un-masaje-el-regalo-perfecto-para-cualquier-ocasion\/","url":"https:\/\/www.ammamel.com\/es\/regala-un-masaje-el-regalo-perfecto-para-cualquier-ocasion\/","name":"Regala un masaje - El regalo perfecto para cualquier ocasi\u00f3n - Ammamel","isPartOf":{"@id":"https:\/\/www.ammamel.com\/es\/#website"},"primaryImageOfPage":{"@id":"https:\/\/www.ammamel.com\/es\/regala-un-masaje-el-regalo-perfecto-para-cualquier-ocasion\/#primaryimage"},"image":{"@id":"https:\/\/www.ammamel.com\/es\/regala-un-masaje-el-regalo-perfecto-para-cualquier-ocasion\/#primaryimage"},"thumbnailUrl":"https:\/\/www.ammamel.com\/wp-content\/uploads\/2024\/07\/imagen.png","datePublished":"2023-04-27T14:22:47+00:00","dateModified":"2024-07-18T10:29:09+00:00","breadcrumb":{"@id":"https:\/\/www.ammamel.com\/es\/regala-un-masaje-el-regalo-perfecto-para-cualquier-ocasion\/#breadcrumb"},"inLanguage":"es","potentialAction":[{"@type":"ReadAction","target":["https:\/\/www.ammamel.com\/es\/regala-un-masaje-el-regalo-perfecto-para-cualquier-ocasion\/"]}]},{"@type":"ImageObject","inLanguage":"es","@id":"https:\/\/www.ammamel.com\/es\/regala-un-masaje-el-regalo-perfecto-para-cualquier-ocasion\/#primaryimage","url":"https:\/\/www.ammamel.com\/wp-content\/uploads\/2024\/07\/imagen.png","contentUrl":"https:\/\/www.ammamel.com\/wp-content\/uploads\/2024\/07\/imagen.png"},{"@type":"BreadcrumbList","@id":"https:\/\/www.ammamel.com\/es\/regala-un-masaje-el-regalo-perfecto-para-cualquier-ocasion\/#breadcrumb","itemListElement":[{"@type":"ListItem","position":1,"name":"Portada","item":"https:\/\/www.ammamel.com\/es\/"},{"@type":"ListItem","position":2,"name":"Regala un masaje &#8211; El regalo perfecto para cualquier ocasi\u00f3n"}]},{"@type":"WebSite","@id":"https:\/\/www.ammamel.com\/es\/#website","url":"https:\/\/www.ammamel.com\/es\/","name":"AmmaMel Massages","description":"Shiatsu, Masaje Facial Kobido, Masaje Free-flow y Deep Tissue en Sant Joan d&#039;Alacant - Alicante","publisher":{"@id":"https:\/\/www.ammamel.com\/es\/#\/schema\/person\/e4947ec778736abb506432321b636130"},"potentialAction":[{"@type":"SearchAction","target":{"@type":"EntryPoint","urlTemplate":"https:\/\/www.ammamel.com\/es\/?s={search_term_string}"},"query-input":{"@type":"PropertyValueSpecification","valueRequired":true,"valueName":"search_term_string"}}],"inLanguage":"es"},{"@type":["Person","Organization"],"@id":"https:\/\/www.ammamel.com\/es\/#\/schema\/person\/e4947ec778736abb506432321b636130","name":"M\u00e9lanie Mongelli","image":{"@type":"ImageObject","inLanguage":"es","@id":"https:\/\/www.ammamel.com\/wp-content\/uploads\/2024\/01\/ammamel.png","url":"https:\/\/www.ammamel.com\/wp-content\/uploads\/2024\/01\/ammamel.png","contentUrl":"https:\/\/www.ammamel.com\/wp-content\/uploads\/2024\/01\/ammamel.png","width":600,"height":600,"caption":"M\u00e9lanie Mongelli"},"logo":{"@id":"https:\/\/www.ammamel.com\/wp-content\/uploads\/2024\/01\/ammamel.png"},"sameAs":["https:\/\/www.ammamel.com"]}]}},"_links":{"self":[{"href":"https:\/\/www.ammamel.com\/es\/wp-json\/wp\/v2\/pages\/882","targetHints":{"allow":["GET"]}}],"collection":[{"href":"https:\/\/www.ammamel.com\/es\/wp-json\/wp\/v2\/pages"}],"about":[{"href":"https:\/\/www.ammamel.com\/es\/wp-json\/wp\/v2\/types\/page"}],"author":[{"embeddable":true,"href":"https:\/\/www.ammamel.com\/es\/wp-json\/wp\/v2\/users\/2"}],"replies":[{"embeddable":true,"href":"https:\/\/www.ammamel.com\/es\/wp-json\/wp\/v2\/comments?post=882"}],"version-history":[{"count":11,"href":"https:\/\/www.ammamel.com\/es\/wp-json\/wp\/v2\/pages\/882\/revisions"}],"predecessor-version":[{"id":7098,"href":"https:\/\/www.ammamel.com\/es\/wp-json\/wp\/v2\/pages\/882\/revisions\/7098"}],"wp:attachment":[{"href":"https:\/\/www.ammamel.com\/es\/wp-json\/wp\/v2\/media?parent=882"}],"curies":[{"name":"wp","href":"https:\/\/api.w.org\/{rel}","templated":true}]}}