{"id":6968,"date":"2024-04-29T06:23:51","date_gmt":"2024-04-29T06:23:51","guid":{"rendered":"https:\/\/www.ammamel.com\/?page_id=6968"},"modified":"2024-04-29T06:24:01","modified_gmt":"2024-04-29T06:24:01","slug":"masaje-freeflow-facial","status":"publish","type":"page","link":"https:\/\/www.ammamel.com\/es\/masaje-freeflow-facial\/","title":{"rendered":"Masaje FreeFlow Facial"},"content":{"rendered":"\n<p>Durante este tratamiento facial totalmente personalizado, combino varias t\u00e9cnicas de masaje y est\u00e9tica para satisfacer mejor tus necesidades y las de tu rostro.<\/p>\n\n\n\n<p>Este tratamiento es especialmente popular entre las mujeres, pero tambi\u00e9n lo solicitan los hombres. Todos deseamos conservar o recuperar un rostro luminoso, relajado y rejuvenecido.<\/p>\n\n\n\n<p>Formada en KinesioLifting Facial (por Sergiy Galchenko), que combina t\u00e9cnicas osteop\u00e1ticas, trabajo de fascias y masaje de relajaci\u00f3n muscular intraoral y externo, tambi\u00e9n puedo utilizar m\u00e9todos de <a href=\"https:\/\/www.ammamel.com\/zen-shiatsu\/\">Shiatsu<\/a> y puntos de acupuntura o fasciaterapia. En algunos casos, tambi\u00e9n pueden ser interesantes algunas maniobras del masaje tradicional japon\u00e9s <a href=\"https:\/\/www.ammamel.com\/masaje-facial-kobido\/\">Kobido<\/a>.<\/p>\n\n\n\n<p>Puedo llegar a tener que&nbsp; liberar&nbsp; tensiones en el diafragma, el estern\u00f3n, las cervicales e incluso los isquiones al principio de la sesi\u00f3n, lo que ayudar\u00e1 a relajar los m\u00fasculos del cuello, la mand\u00edbula y la cara, y permitiendo un mejor retorno venoso y linf\u00e1tico. De este modo, los efectos del masaje facial se potencian y duran m\u00e1s tiempo.<\/p>\n\n\n\n<p>La sesi\u00f3n dura 90 minutos: el tratamiento comienza con una limpieza y una exfoliaci\u00f3n suave, utilizando \u00fanicamente productos naturales y ecol\u00f3gicos.&nbsp;<\/p>\n\n\n\n<p>El tratamiento es totalmente manual, sin aparatos (excepcionalmente, con piedras como el Gua Sha).<\/p>\n\n\n\n<p>Los hombres deben venir bien afeitados.<\/p>\n\n\n\n<h3 class=\"wp-block-heading\">Recomendado para:<\/h3>\n\n\n\n<ul class=\"wp-block-list\">\n<li>Ayudar a relajar los m\u00fasculos, para un rostro descansado y relajado. Especialmente en casos de tensi\u00f3n en la mand\u00edbula, ATM (bruxismo), cuello y\/o m\u00fasculos oculares (por ejemplo, fatiga ocular debida a un tiempo prolongado frente a la pantalla).<\/li>\n\n\n\n<li>Devuelve resplandor y luminosidad al cutis, estimulando y mejorando el retorno venoso (eliminaci\u00f3n de toxinas, producci\u00f3n de col\u00e1geno, etc.).<\/li>\n\n\n\n<li>Estimula el sistema linf\u00e1tico y favorece el drenaje. Ayuda a reducir la hinchaz\u00f3n del rostro en general, as\u00ed como las bolsas y ojeras, la papada, etc.<\/li>\n\n\n\n<li>Reduce y elimina las arrugas.<\/li>\n\n\n\n<li>Combate el relajamiento muscular, la flacidez y devuelve el tono (\u00f3valo facial, contorno de ojos).<\/li>\n\n\n\n<li>Un momento de intensa relajaci\u00f3n cuyos beneficios se sentir\u00e1n a nivel general<\/li>\n\n\n\n<li>Reconecta contigo mismo\/a, con tu belleza interior y exterior, y acepta los efectos del paso del tiempo de forma amable y respetuosa. Recupera la confianza en ti mismo\/a<\/li>\n<\/ul>\n\n\n\n<h3 class=\"wp-block-heading\">Contraindicaciones<\/h3>\n\n\n\n<p>Este tratamiento no est\u00e1 recomendado para personas que padezcan c\u00e1ncer o problemas card\u00edacos. En caso de fiebre, erupciones cut\u00e1neas, cicatrices recientes o acn\u00e9 grave, el tratamiento se realizar\u00e1 con m\u00e1s suavidad o puede estar contraindicado, dependiendo de la gravedad de la afecci\u00f3n.<\/p>\n\n\n\n<p>Tampoco es aconsejable combinar un tratamiento facial con otros tratamientos de belleza, como cirug\u00eda, inyecciones de b\u00f3tox o tratamientos de electr\u00f3lisis, para dar tiempo a que la piel del rostro descanse (m\u00ednimo 3 meses).<\/p>\n","protected":false},"excerpt":{"rendered":"<p>Durante este tratamiento facial totalmente personalizado, combino varias t\u00e9cnicas de masaje y est\u00e9tica para satisfacer mejor tus necesidades y las de tu rostro. Este tratamiento es especialmente popular entre las mujeres, pero tambi\u00e9n lo solicitan los hombres. Todos deseamos conservar o recuperar un rostro luminoso, relajado y rejuvenecido. Formada en [&hellip;]<\/p>\n","protected":false},"author":1,"featured_media":6273,"parent":0,"menu_order":0,"comment_status":"closed","ping_status":"closed","template":"","meta":{"inspiro_page_layout":"narrow","inspiro_hide_title":false,"footnotes":""},"class_list":["post-6968","page","type-page","status-publish","has-post-thumbnail","hentry"],"yoast_head":"<!-- This site is optimized with the Yoast SEO plugin v27.5 - https:\/\/yoast.com\/product\/yoast-seo-wordpress\/ -->\n<title>Masaje FreeFlow Facial - Ammamel<\/title>\n<meta name=\"robots\" content=\"index, follow, max-snippet:-1, max-image-preview:large, max-video-preview:-1\" \/>\n<link rel=\"canonical\" href=\"https:\/\/www.ammamel.com\/es\/masaje-freeflow-facial\/\" \/>\n<meta property=\"og:locale\" content=\"es_ES\" \/>\n<meta property=\"og:type\" content=\"article\" \/>\n<meta property=\"og:title\" content=\"Masaje FreeFlow Facial - Ammamel\" \/>\n<meta property=\"og:description\" content=\"Durante este tratamiento facial totalmente personalizado, combino varias t\u00e9cnicas de masaje y est\u00e9tica para satisfacer mejor tus necesidades y las de tu rostro. Este tratamiento es especialmente popular entre las mujeres, pero tambi\u00e9n lo solicitan los hombres. Todos deseamos conservar o recuperar un rostro luminoso, relajado y rejuvenecido. Formada en [&hellip;]\" \/>\n<meta property=\"og:url\" content=\"https:\/\/www.ammamel.com\/es\/masaje-freeflow-facial\/\" \/>\n<meta property=\"og:site_name\" content=\"Ammamel\" \/>\n<meta property=\"article:modified_time\" content=\"2024-04-29T06:24:01+00:00\" \/>\n<meta property=\"og:image\" content=\"https:\/\/www.ammamel.com\/wp-content\/uploads\/2024\/01\/Ammamel-Kobido-55-scaled.jpg\" \/>\n\t<meta property=\"og:image:width\" content=\"2560\" \/>\n\t<meta property=\"og:image:height\" content=\"1707\" \/>\n\t<meta property=\"og:image:type\" content=\"image\/jpeg\" \/>\n<meta name=\"twitter:card\" content=\"summary_large_image\" \/>\n<meta name=\"twitter:label1\" content=\"Tiempo de lectura\" \/>\n\t<meta name=\"twitter:data1\" content=\"3 minutos\" \/>\n<script type=\"application\/ld+json\" class=\"yoast-schema-graph\">{\"@context\":\"https:\\\/\\\/schema.org\",\"@graph\":[{\"@type\":\"WebPage\",\"@id\":\"https:\\\/\\\/www.ammamel.com\\\/es\\\/masaje-freeflow-facial\\\/\",\"url\":\"https:\\\/\\\/www.ammamel.com\\\/es\\\/masaje-freeflow-facial\\\/\",\"name\":\"Masaje FreeFlow Facial - Ammamel\",\"isPartOf\":{\"@id\":\"https:\\\/\\\/www.ammamel.com\\\/es\\\/#website\"},\"primaryImageOfPage\":{\"@id\":\"https:\\\/\\\/www.ammamel.com\\\/es\\\/masaje-freeflow-facial\\\/#primaryimage\"},\"image\":{\"@id\":\"https:\\\/\\\/www.ammamel.com\\\/es\\\/masaje-freeflow-facial\\\/#primaryimage\"},\"thumbnailUrl\":\"https:\\\/\\\/www.ammamel.com\\\/wp-content\\\/uploads\\\/2024\\\/01\\\/Ammamel-Kobido-55-scaled.jpg\",\"datePublished\":\"2024-04-29T06:23:51+00:00\",\"dateModified\":\"2024-04-29T06:24:01+00:00\",\"breadcrumb\":{\"@id\":\"https:\\\/\\\/www.ammamel.com\\\/es\\\/masaje-freeflow-facial\\\/#breadcrumb\"},\"inLanguage\":\"es\",\"potentialAction\":[{\"@type\":\"ReadAction\",\"target\":[\"https:\\\/\\\/www.ammamel.com\\\/es\\\/masaje-freeflow-facial\\\/\"]}]},{\"@type\":\"ImageObject\",\"inLanguage\":\"es\",\"@id\":\"https:\\\/\\\/www.ammamel.com\\\/es\\\/masaje-freeflow-facial\\\/#primaryimage\",\"url\":\"https:\\\/\\\/www.ammamel.com\\\/wp-content\\\/uploads\\\/2024\\\/01\\\/Ammamel-Kobido-55-scaled.jpg\",\"contentUrl\":\"https:\\\/\\\/www.ammamel.com\\\/wp-content\\\/uploads\\\/2024\\\/01\\\/Ammamel-Kobido-55-scaled.jpg\",\"width\":2560,\"height\":1707},{\"@type\":\"BreadcrumbList\",\"@id\":\"https:\\\/\\\/www.ammamel.com\\\/es\\\/masaje-freeflow-facial\\\/#breadcrumb\",\"itemListElement\":[{\"@type\":\"ListItem\",\"position\":1,\"name\":\"Portada\",\"item\":\"https:\\\/\\\/www.ammamel.com\\\/es\\\/\"},{\"@type\":\"ListItem\",\"position\":2,\"name\":\"Masaje FreeFlow Facial\"}]},{\"@type\":\"WebSite\",\"@id\":\"https:\\\/\\\/www.ammamel.com\\\/es\\\/#website\",\"url\":\"https:\\\/\\\/www.ammamel.com\\\/es\\\/\",\"name\":\"AmmaMel Massages\",\"description\":\"Shiatsu, Masaje Facial Kobido, Masaje Free-flow y Deep Tissue en Sant Joan d&#039;Alacant - Alicante\",\"publisher\":{\"@id\":\"https:\\\/\\\/www.ammamel.com\\\/es\\\/#\\\/schema\\\/person\\\/e4947ec778736abb506432321b636130\"},\"potentialAction\":[{\"@type\":\"SearchAction\",\"target\":{\"@type\":\"EntryPoint\",\"urlTemplate\":\"https:\\\/\\\/www.ammamel.com\\\/es\\\/?s={search_term_string}\"},\"query-input\":{\"@type\":\"PropertyValueSpecification\",\"valueRequired\":true,\"valueName\":\"search_term_string\"}}],\"inLanguage\":\"es\"},{\"@type\":[\"Person\",\"Organization\"],\"@id\":\"https:\\\/\\\/www.ammamel.com\\\/es\\\/#\\\/schema\\\/person\\\/e4947ec778736abb506432321b636130\",\"name\":\"M\u00e9lanie Mongelli\",\"image\":{\"@type\":\"ImageObject\",\"inLanguage\":\"es\",\"@id\":\"https:\\\/\\\/www.ammamel.com\\\/wp-content\\\/uploads\\\/2024\\\/01\\\/ammamel.png\",\"url\":\"https:\\\/\\\/www.ammamel.com\\\/wp-content\\\/uploads\\\/2024\\\/01\\\/ammamel.png\",\"contentUrl\":\"https:\\\/\\\/www.ammamel.com\\\/wp-content\\\/uploads\\\/2024\\\/01\\\/ammamel.png\",\"width\":600,\"height\":600,\"caption\":\"M\u00e9lanie Mongelli\"},\"logo\":{\"@id\":\"https:\\\/\\\/www.ammamel.com\\\/wp-content\\\/uploads\\\/2024\\\/01\\\/ammamel.png\"},\"sameAs\":[\"https:\\\/\\\/www.ammamel.com\"]}]}<\/script>\n<!-- \/ Yoast SEO plugin. -->","yoast_head_json":{"title":"Masaje FreeFlow Facial - Ammamel","robots":{"index":"index","follow":"follow","max-snippet":"max-snippet:-1","max-image-preview":"max-image-preview:large","max-video-preview":"max-video-preview:-1"},"canonical":"https:\/\/www.ammamel.com\/es\/masaje-freeflow-facial\/","og_locale":"es_ES","og_type":"article","og_title":"Masaje FreeFlow Facial - Ammamel","og_description":"Durante este tratamiento facial totalmente personalizado, combino varias t\u00e9cnicas de masaje y est\u00e9tica para satisfacer mejor tus necesidades y las de tu rostro. Este tratamiento es especialmente popular entre las mujeres, pero tambi\u00e9n lo solicitan los hombres. Todos deseamos conservar o recuperar un rostro luminoso, relajado y rejuvenecido. Formada en [&hellip;]","og_url":"https:\/\/www.ammamel.com\/es\/masaje-freeflow-facial\/","og_site_name":"Ammamel","article_modified_time":"2024-04-29T06:24:01+00:00","og_image":[{"width":2560,"height":1707,"url":"https:\/\/www.ammamel.com\/wp-content\/uploads\/2024\/01\/Ammamel-Kobido-55-scaled.jpg","type":"image\/jpeg"}],"twitter_card":"summary_large_image","twitter_misc":{"Tiempo de lectura":"3 minutos"},"schema":{"@context":"https:\/\/schema.org","@graph":[{"@type":"WebPage","@id":"https:\/\/www.ammamel.com\/es\/masaje-freeflow-facial\/","url":"https:\/\/www.ammamel.com\/es\/masaje-freeflow-facial\/","name":"Masaje FreeFlow Facial - Ammamel","isPartOf":{"@id":"https:\/\/www.ammamel.com\/es\/#website"},"primaryImageOfPage":{"@id":"https:\/\/www.ammamel.com\/es\/masaje-freeflow-facial\/#primaryimage"},"image":{"@id":"https:\/\/www.ammamel.com\/es\/masaje-freeflow-facial\/#primaryimage"},"thumbnailUrl":"https:\/\/www.ammamel.com\/wp-content\/uploads\/2024\/01\/Ammamel-Kobido-55-scaled.jpg","datePublished":"2024-04-29T06:23:51+00:00","dateModified":"2024-04-29T06:24:01+00:00","breadcrumb":{"@id":"https:\/\/www.ammamel.com\/es\/masaje-freeflow-facial\/#breadcrumb"},"inLanguage":"es","potentialAction":[{"@type":"ReadAction","target":["https:\/\/www.ammamel.com\/es\/masaje-freeflow-facial\/"]}]},{"@type":"ImageObject","inLanguage":"es","@id":"https:\/\/www.ammamel.com\/es\/masaje-freeflow-facial\/#primaryimage","url":"https:\/\/www.ammamel.com\/wp-content\/uploads\/2024\/01\/Ammamel-Kobido-55-scaled.jpg","contentUrl":"https:\/\/www.ammamel.com\/wp-content\/uploads\/2024\/01\/Ammamel-Kobido-55-scaled.jpg","width":2560,"height":1707},{"@type":"BreadcrumbList","@id":"https:\/\/www.ammamel.com\/es\/masaje-freeflow-facial\/#breadcrumb","itemListElement":[{"@type":"ListItem","position":1,"name":"Portada","item":"https:\/\/www.ammamel.com\/es\/"},{"@type":"ListItem","position":2,"name":"Masaje FreeFlow Facial"}]},{"@type":"WebSite","@id":"https:\/\/www.ammamel.com\/es\/#website","url":"https:\/\/www.ammamel.com\/es\/","name":"AmmaMel Massages","description":"Shiatsu, Masaje Facial Kobido, Masaje Free-flow y Deep Tissue en Sant Joan d&#039;Alacant - Alicante","publisher":{"@id":"https:\/\/www.ammamel.com\/es\/#\/schema\/person\/e4947ec778736abb506432321b636130"},"potentialAction":[{"@type":"SearchAction","target":{"@type":"EntryPoint","urlTemplate":"https:\/\/www.ammamel.com\/es\/?s={search_term_string}"},"query-input":{"@type":"PropertyValueSpecification","valueRequired":true,"valueName":"search_term_string"}}],"inLanguage":"es"},{"@type":["Person","Organization"],"@id":"https:\/\/www.ammamel.com\/es\/#\/schema\/person\/e4947ec778736abb506432321b636130","name":"M\u00e9lanie Mongelli","image":{"@type":"ImageObject","inLanguage":"es","@id":"https:\/\/www.ammamel.com\/wp-content\/uploads\/2024\/01\/ammamel.png","url":"https:\/\/www.ammamel.com\/wp-content\/uploads\/2024\/01\/ammamel.png","contentUrl":"https:\/\/www.ammamel.com\/wp-content\/uploads\/2024\/01\/ammamel.png","width":600,"height":600,"caption":"M\u00e9lanie Mongelli"},"logo":{"@id":"https:\/\/www.ammamel.com\/wp-content\/uploads\/2024\/01\/ammamel.png"},"sameAs":["https:\/\/www.ammamel.com"]}]}},"_links":{"self":[{"href":"https:\/\/www.ammamel.com\/es\/wp-json\/wp\/v2\/pages\/6968","targetHints":{"allow":["GET"]}}],"collection":[{"href":"https:\/\/www.ammamel.com\/es\/wp-json\/wp\/v2\/pages"}],"about":[{"href":"https:\/\/www.ammamel.com\/es\/wp-json\/wp\/v2\/types\/page"}],"author":[{"embeddable":true,"href":"https:\/\/www.ammamel.com\/es\/wp-json\/wp\/v2\/users\/1"}],"replies":[{"embeddable":true,"href":"https:\/\/www.ammamel.com\/es\/wp-json\/wp\/v2\/comments?post=6968"}],"version-history":[{"count":2,"href":"https:\/\/www.ammamel.com\/es\/wp-json\/wp\/v2\/pages\/6968\/revisions"}],"predecessor-version":[{"id":6970,"href":"https:\/\/www.ammamel.com\/es\/wp-json\/wp\/v2\/pages\/6968\/revisions\/6970"}],"wp:featuredmedia":[{"embeddable":true,"href":"https:\/\/www.ammamel.com\/es\/wp-json\/wp\/v2\/media\/6273"}],"wp:attachment":[{"href":"https:\/\/www.ammamel.com\/es\/wp-json\/wp\/v2\/media?parent=6968"}],"curies":[{"name":"wp","href":"https:\/\/api.w.org\/{rel}","templated":true}]}}