{"id":666,"date":"2022-09-06T14:12:59","date_gmt":"2022-09-06T14:12:59","guid":{"rendered":"https:\/\/www.ammamel.com\/?page_id=666"},"modified":"2024-12-06T11:49:58","modified_gmt":"2024-12-06T11:49:58","slug":"masaje-facial-kobido","status":"publish","type":"page","link":"https:\/\/www.ammamel.com\/es\/masaje-facial-kobido\/","title":{"rendered":"Masaje Facial Kobido"},"content":{"rendered":"\n<p>Kobido, conocido como el lifting natural japon\u00e9s, es un masaje ancestral que se practica principalmente en el rostro. Sus efectos son tales que ofrece una segunda juventud a la piel del rostro.<\/p>\n\n\n\n<figure class=\"wp-block-video\"><video autoplay controls loop muted poster=\"https:\/\/www.ammamel.com\/wp-content\/uploads\/2024\/01\/Ammamel-Kobido-62-scaled.jpg\" src=\"https:\/\/www.ammamel.com\/wp-content\/uploads\/ammamel-kobido.mp4\" playsinline><\/video><\/figure>\n\n\n\n<hr class=\"wp-block-separator has-alpha-channel-opacity\"\/>\n\n\n\n<h3 class=\"wp-block-heading\">Beneficios<\/h3>\n\n\n\n<ul class=\"wp-block-list\">\n<li>Combate la flacidez de la piel<\/li>\n\n\n\n<li>Reduce los efectos del estr\u00e9s<\/li>\n\n\n\n<li>Restablece la luminosidad de la piel<\/li>\n\n\n\n<li>Aumenta su elasticidad<\/li>\n\n\n\n<li>Estimula la microcirculaci\u00f3n linf\u00e1tica y sangu\u00ednea<\/li>\n\n\n\n<li>Reduce las ojeras y las bolsas de los ojos<\/li>\n\n\n\n<li>Reduce la profundidad de las arrugas<\/li>\n\n\n\n<li>Activa la producci\u00f3n de col\u00e1geno<\/li>\n<\/ul>\n\n\n\n<figure class=\"wp-block-image size-large\"><img fetchpriority=\"high\" decoding=\"async\" width=\"1024\" height=\"683\" src=\"https:\/\/www.ammamel.com\/wp-content\/uploads\/2024\/01\/Ammamel-Kobido-62-1024x683.jpg\" alt=\"\" class=\"wp-image-6271\" srcset=\"https:\/\/www.ammamel.com\/wp-content\/uploads\/2024\/01\/Ammamel-Kobido-62-1024x683.jpg 1024w, https:\/\/www.ammamel.com\/wp-content\/uploads\/2024\/01\/Ammamel-Kobido-62-300x200.jpg 300w, https:\/\/www.ammamel.com\/wp-content\/uploads\/2024\/01\/Ammamel-Kobido-62-768x512.jpg 768w, https:\/\/www.ammamel.com\/wp-content\/uploads\/2024\/01\/Ammamel-Kobido-62-1536x1024.jpg 1536w, https:\/\/www.ammamel.com\/wp-content\/uploads\/2024\/01\/Ammamel-Kobido-62-2048x1365.jpg 2048w, https:\/\/www.ammamel.com\/wp-content\/uploads\/2024\/01\/Ammamel-Kobido-62-2000x1333.jpg 2000w, https:\/\/www.ammamel.com\/wp-content\/uploads\/2024\/01\/Ammamel-Kobido-62-1000x667.jpg 1000w, https:\/\/www.ammamel.com\/wp-content\/uploads\/2024\/01\/Ammamel-Kobido-62-1800x1200.jpg 1800w, https:\/\/www.ammamel.com\/wp-content\/uploads\/2024\/01\/Ammamel-Kobido-62-840x560.jpg 840w, https:\/\/www.ammamel.com\/wp-content\/uploads\/2024\/01\/Ammamel-Kobido-62-600x400.jpg 600w\" sizes=\"(max-width: 1024px) 100vw, 1024px\" \/><\/figure>\n\n\n\n<p>El masaje Kobido significa \u00abel antiguo camino de la belleza\u00bb. M\u00e1s que un masaje es un arte ancestral antienvejecimiento japon\u00e9s cuyos or\u00edgenes se remontan a finales del siglo XV, creado a partir de t\u00e9cnicas del masaje tradicional <a href=\"https:\/\/www.ammamel.com\/masaje-amma-sentado\/\">Amma<\/a> y <a href=\"https:\/\/www.ammamel.com\/zen-shiatsu\/\">Shiatsu<\/a>.<\/p>\n\n\n\n<p>Antiguamente, secreto de belleza de las emperatrices y Geishas, hoy os propongo vivir la experiencia de este masaje lifting natural.<\/p>\n\n\n\n<p>La pr\u00e1ctica regular de esta t\u00e9cnica prolonga y recupera la juventud del rostro al suavizar y tonificar los m\u00fasculos, purificar la piel al tiempo que le devuelve su luminosidad.<\/p>\n\n\n\n<p>La sesi\u00f3n empieza por una toma de contacto relajante que ayudar\u00e1 a desconectar del cotidiano, aflojar los m\u00fasculos y disfrutar profundamente del masaje. A continuaci\u00f3n, una delicada danza de mis dedos sobre la piel, con t\u00e9cnicas precisas, ritmo y un toque respetuoso, estimula la circulaci\u00f3n sangu\u00ednea, drena y remodela los rasgos y el \u00f3valo del rostro.<\/p>\n\n\n\n<h3 class=\"wp-block-heading\">Contraindicaciones<\/h3>\n\n\n\n<p>Este tratamiento no est\u00e1 recomendado para personas con c\u00e1ncer o problemas card\u00edacos. En caso de fiebre, sarpullido, cicatrices recientes o acn\u00e9 severo, el tratamiento se realizar\u00e1 de forma m\u00e1s suave, o puede estar contraindicado, dependiendo de la gravedad de la afecci\u00f3n.<\/p>\n\n\n\n<p>Tampoco es aconsejable combinar un tratamiento facial japon\u00e9s con otros tratamientos de belleza, como inyecciones de b\u00f3tox o tratamientos de electr\u00f3lisis, para que la piel del rostro tenga tiempo de descansar.<\/p>\n\n\n\n<p>Los hombres tendr\u00e1n que venir afeitados del mismo d\u00eda. <\/p>\n\n\n\n<hr class=\"wp-block-separator has-alpha-channel-opacity\"\/>\n\n\n\n<p>Si quieres m\u00e1s informaci\u00f3n o quieres reservar una sesi\u00f3n en Parempuyre &#8211; Bordeaux (Gironde), puedes contactar al n\u00famero <a href=\"https:\/\/wa.me\/33681083024\" target=\"_blank\" rel=\"noreferrer noopener\">643697981<\/a> (tambi\u00e9n por WhatsApp) o por el&nbsp;<a href=\"https:\/\/www.ammamel.com\/contacto\/\">formulario de contacto<\/a>.<\/p>\n","protected":false},"excerpt":{"rendered":"<p>Kobido, conocido como el lifting natural japon\u00e9s, es un masaje ancestral que se practica principalmente en el rostro. Sus efectos son tales que ofrece una segunda juventud a la piel del rostro. Beneficios El masaje Kobido significa \u00abel antiguo camino de la belleza\u00bb. M\u00e1s que un masaje es un arte [&hellip;]<\/p>\n","protected":false},"author":2,"featured_media":6273,"parent":0,"menu_order":0,"comment_status":"closed","ping_status":"closed","template":"","meta":{"inspiro_page_layout":"narrow","inspiro_hide_title":false,"footnotes":""},"class_list":["post-666","page","type-page","status-publish","has-post-thumbnail","hentry"],"yoast_head":"<!-- This site is optimized with the Yoast SEO plugin v27.4 - https:\/\/yoast.com\/product\/yoast-seo-wordpress\/ -->\n<title>Masaje Facial Kobido - Ammamel<\/title>\n<meta name=\"robots\" content=\"index, follow, max-snippet:-1, max-image-preview:large, max-video-preview:-1\" \/>\n<link rel=\"canonical\" href=\"https:\/\/www.ammamel.com\/es\/masaje-facial-kobido\/\" \/>\n<meta property=\"og:locale\" content=\"es_ES\" \/>\n<meta property=\"og:type\" content=\"article\" \/>\n<meta property=\"og:title\" content=\"Masaje Facial Kobido - Ammamel\" \/>\n<meta property=\"og:description\" content=\"Kobido, conocido como el lifting natural japon\u00e9s, es un masaje ancestral que se practica principalmente en el rostro. Sus efectos son tales que ofrece una segunda juventud a la piel del rostro. Beneficios El masaje Kobido significa \u00abel antiguo camino de la belleza\u00bb. M\u00e1s que un masaje es un arte [&hellip;]\" \/>\n<meta property=\"og:url\" content=\"https:\/\/www.ammamel.com\/es\/masaje-facial-kobido\/\" \/>\n<meta property=\"og:site_name\" content=\"Ammamel\" \/>\n<meta property=\"article:modified_time\" content=\"2024-12-06T11:49:58+00:00\" \/>\n<meta property=\"og:image\" content=\"https:\/\/www.ammamel.com\/wp-content\/uploads\/2024\/01\/Ammamel-Kobido-55-scaled.jpg\" \/>\n\t<meta property=\"og:image:width\" content=\"2560\" \/>\n\t<meta property=\"og:image:height\" content=\"1707\" \/>\n\t<meta property=\"og:image:type\" content=\"image\/jpeg\" \/>\n<meta name=\"twitter:card\" content=\"summary_large_image\" \/>\n<meta name=\"twitter:label1\" content=\"Tiempo de lectura\" \/>\n\t<meta name=\"twitter:data1\" content=\"2 minutos\" \/>\n<script type=\"application\/ld+json\" class=\"yoast-schema-graph\">{\"@context\":\"https:\\\/\\\/schema.org\",\"@graph\":[{\"@type\":\"WebPage\",\"@id\":\"https:\\\/\\\/www.ammamel.com\\\/es\\\/masaje-facial-kobido\\\/\",\"url\":\"https:\\\/\\\/www.ammamel.com\\\/es\\\/masaje-facial-kobido\\\/\",\"name\":\"Masaje Facial Kobido - Ammamel\",\"isPartOf\":{\"@id\":\"https:\\\/\\\/www.ammamel.com\\\/es\\\/#website\"},\"primaryImageOfPage\":{\"@id\":\"https:\\\/\\\/www.ammamel.com\\\/es\\\/masaje-facial-kobido\\\/#primaryimage\"},\"image\":{\"@id\":\"https:\\\/\\\/www.ammamel.com\\\/es\\\/masaje-facial-kobido\\\/#primaryimage\"},\"thumbnailUrl\":\"https:\\\/\\\/www.ammamel.com\\\/wp-content\\\/uploads\\\/2024\\\/01\\\/Ammamel-Kobido-55-scaled.jpg\",\"datePublished\":\"2022-09-06T14:12:59+00:00\",\"dateModified\":\"2024-12-06T11:49:58+00:00\",\"breadcrumb\":{\"@id\":\"https:\\\/\\\/www.ammamel.com\\\/es\\\/masaje-facial-kobido\\\/#breadcrumb\"},\"inLanguage\":\"es\",\"potentialAction\":[{\"@type\":\"ReadAction\",\"target\":[\"https:\\\/\\\/www.ammamel.com\\\/es\\\/masaje-facial-kobido\\\/\"]}]},{\"@type\":\"ImageObject\",\"inLanguage\":\"es\",\"@id\":\"https:\\\/\\\/www.ammamel.com\\\/es\\\/masaje-facial-kobido\\\/#primaryimage\",\"url\":\"https:\\\/\\\/www.ammamel.com\\\/wp-content\\\/uploads\\\/2024\\\/01\\\/Ammamel-Kobido-55-scaled.jpg\",\"contentUrl\":\"https:\\\/\\\/www.ammamel.com\\\/wp-content\\\/uploads\\\/2024\\\/01\\\/Ammamel-Kobido-55-scaled.jpg\",\"width\":2560,\"height\":1707},{\"@type\":\"BreadcrumbList\",\"@id\":\"https:\\\/\\\/www.ammamel.com\\\/es\\\/masaje-facial-kobido\\\/#breadcrumb\",\"itemListElement\":[{\"@type\":\"ListItem\",\"position\":1,\"name\":\"Portada\",\"item\":\"https:\\\/\\\/www.ammamel.com\\\/es\\\/\"},{\"@type\":\"ListItem\",\"position\":2,\"name\":\"Masaje Facial Kobido\"}]},{\"@type\":\"WebSite\",\"@id\":\"https:\\\/\\\/www.ammamel.com\\\/es\\\/#website\",\"url\":\"https:\\\/\\\/www.ammamel.com\\\/es\\\/\",\"name\":\"AmmaMel Massages\",\"description\":\"Shiatsu, Masaje Facial Kobido, Masaje Free-flow y Deep Tissue en Sant Joan d&#039;Alacant - Alicante\",\"publisher\":{\"@id\":\"https:\\\/\\\/www.ammamel.com\\\/es\\\/#\\\/schema\\\/person\\\/e4947ec778736abb506432321b636130\"},\"potentialAction\":[{\"@type\":\"SearchAction\",\"target\":{\"@type\":\"EntryPoint\",\"urlTemplate\":\"https:\\\/\\\/www.ammamel.com\\\/es\\\/?s={search_term_string}\"},\"query-input\":{\"@type\":\"PropertyValueSpecification\",\"valueRequired\":true,\"valueName\":\"search_term_string\"}}],\"inLanguage\":\"es\"},{\"@type\":[\"Person\",\"Organization\"],\"@id\":\"https:\\\/\\\/www.ammamel.com\\\/es\\\/#\\\/schema\\\/person\\\/e4947ec778736abb506432321b636130\",\"name\":\"M\u00e9lanie Mongelli\",\"image\":{\"@type\":\"ImageObject\",\"inLanguage\":\"es\",\"@id\":\"https:\\\/\\\/www.ammamel.com\\\/wp-content\\\/uploads\\\/2024\\\/01\\\/ammamel.png\",\"url\":\"https:\\\/\\\/www.ammamel.com\\\/wp-content\\\/uploads\\\/2024\\\/01\\\/ammamel.png\",\"contentUrl\":\"https:\\\/\\\/www.ammamel.com\\\/wp-content\\\/uploads\\\/2024\\\/01\\\/ammamel.png\",\"width\":600,\"height\":600,\"caption\":\"M\u00e9lanie Mongelli\"},\"logo\":{\"@id\":\"https:\\\/\\\/www.ammamel.com\\\/wp-content\\\/uploads\\\/2024\\\/01\\\/ammamel.png\"},\"sameAs\":[\"https:\\\/\\\/www.ammamel.com\"]}]}<\/script>\n<!-- \/ Yoast SEO plugin. -->","yoast_head_json":{"title":"Masaje Facial Kobido - Ammamel","robots":{"index":"index","follow":"follow","max-snippet":"max-snippet:-1","max-image-preview":"max-image-preview:large","max-video-preview":"max-video-preview:-1"},"canonical":"https:\/\/www.ammamel.com\/es\/masaje-facial-kobido\/","og_locale":"es_ES","og_type":"article","og_title":"Masaje Facial Kobido - Ammamel","og_description":"Kobido, conocido como el lifting natural japon\u00e9s, es un masaje ancestral que se practica principalmente en el rostro. Sus efectos son tales que ofrece una segunda juventud a la piel del rostro. Beneficios El masaje Kobido significa \u00abel antiguo camino de la belleza\u00bb. M\u00e1s que un masaje es un arte [&hellip;]","og_url":"https:\/\/www.ammamel.com\/es\/masaje-facial-kobido\/","og_site_name":"Ammamel","article_modified_time":"2024-12-06T11:49:58+00:00","og_image":[{"width":2560,"height":1707,"url":"https:\/\/www.ammamel.com\/wp-content\/uploads\/2024\/01\/Ammamel-Kobido-55-scaled.jpg","type":"image\/jpeg"}],"twitter_card":"summary_large_image","twitter_misc":{"Tiempo de lectura":"2 minutos"},"schema":{"@context":"https:\/\/schema.org","@graph":[{"@type":"WebPage","@id":"https:\/\/www.ammamel.com\/es\/masaje-facial-kobido\/","url":"https:\/\/www.ammamel.com\/es\/masaje-facial-kobido\/","name":"Masaje Facial Kobido - Ammamel","isPartOf":{"@id":"https:\/\/www.ammamel.com\/es\/#website"},"primaryImageOfPage":{"@id":"https:\/\/www.ammamel.com\/es\/masaje-facial-kobido\/#primaryimage"},"image":{"@id":"https:\/\/www.ammamel.com\/es\/masaje-facial-kobido\/#primaryimage"},"thumbnailUrl":"https:\/\/www.ammamel.com\/wp-content\/uploads\/2024\/01\/Ammamel-Kobido-55-scaled.jpg","datePublished":"2022-09-06T14:12:59+00:00","dateModified":"2024-12-06T11:49:58+00:00","breadcrumb":{"@id":"https:\/\/www.ammamel.com\/es\/masaje-facial-kobido\/#breadcrumb"},"inLanguage":"es","potentialAction":[{"@type":"ReadAction","target":["https:\/\/www.ammamel.com\/es\/masaje-facial-kobido\/"]}]},{"@type":"ImageObject","inLanguage":"es","@id":"https:\/\/www.ammamel.com\/es\/masaje-facial-kobido\/#primaryimage","url":"https:\/\/www.ammamel.com\/wp-content\/uploads\/2024\/01\/Ammamel-Kobido-55-scaled.jpg","contentUrl":"https:\/\/www.ammamel.com\/wp-content\/uploads\/2024\/01\/Ammamel-Kobido-55-scaled.jpg","width":2560,"height":1707},{"@type":"BreadcrumbList","@id":"https:\/\/www.ammamel.com\/es\/masaje-facial-kobido\/#breadcrumb","itemListElement":[{"@type":"ListItem","position":1,"name":"Portada","item":"https:\/\/www.ammamel.com\/es\/"},{"@type":"ListItem","position":2,"name":"Masaje Facial Kobido"}]},{"@type":"WebSite","@id":"https:\/\/www.ammamel.com\/es\/#website","url":"https:\/\/www.ammamel.com\/es\/","name":"AmmaMel Massages","description":"Shiatsu, Masaje Facial Kobido, Masaje Free-flow y Deep Tissue en Sant Joan d&#039;Alacant - Alicante","publisher":{"@id":"https:\/\/www.ammamel.com\/es\/#\/schema\/person\/e4947ec778736abb506432321b636130"},"potentialAction":[{"@type":"SearchAction","target":{"@type":"EntryPoint","urlTemplate":"https:\/\/www.ammamel.com\/es\/?s={search_term_string}"},"query-input":{"@type":"PropertyValueSpecification","valueRequired":true,"valueName":"search_term_string"}}],"inLanguage":"es"},{"@type":["Person","Organization"],"@id":"https:\/\/www.ammamel.com\/es\/#\/schema\/person\/e4947ec778736abb506432321b636130","name":"M\u00e9lanie Mongelli","image":{"@type":"ImageObject","inLanguage":"es","@id":"https:\/\/www.ammamel.com\/wp-content\/uploads\/2024\/01\/ammamel.png","url":"https:\/\/www.ammamel.com\/wp-content\/uploads\/2024\/01\/ammamel.png","contentUrl":"https:\/\/www.ammamel.com\/wp-content\/uploads\/2024\/01\/ammamel.png","width":600,"height":600,"caption":"M\u00e9lanie Mongelli"},"logo":{"@id":"https:\/\/www.ammamel.com\/wp-content\/uploads\/2024\/01\/ammamel.png"},"sameAs":["https:\/\/www.ammamel.com"]}]}},"_links":{"self":[{"href":"https:\/\/www.ammamel.com\/es\/wp-json\/wp\/v2\/pages\/666","targetHints":{"allow":["GET"]}}],"collection":[{"href":"https:\/\/www.ammamel.com\/es\/wp-json\/wp\/v2\/pages"}],"about":[{"href":"https:\/\/www.ammamel.com\/es\/wp-json\/wp\/v2\/types\/page"}],"author":[{"embeddable":true,"href":"https:\/\/www.ammamel.com\/es\/wp-json\/wp\/v2\/users\/2"}],"replies":[{"embeddable":true,"href":"https:\/\/www.ammamel.com\/es\/wp-json\/wp\/v2\/comments?post=666"}],"version-history":[{"count":11,"href":"https:\/\/www.ammamel.com\/es\/wp-json\/wp\/v2\/pages\/666\/revisions"}],"predecessor-version":[{"id":7133,"href":"https:\/\/www.ammamel.com\/es\/wp-json\/wp\/v2\/pages\/666\/revisions\/7133"}],"wp:featuredmedia":[{"embeddable":true,"href":"https:\/\/www.ammamel.com\/es\/wp-json\/wp\/v2\/media\/6273"}],"wp:attachment":[{"href":"https:\/\/www.ammamel.com\/es\/wp-json\/wp\/v2\/media?parent=666"}],"curies":[{"name":"wp","href":"https:\/\/api.w.org\/{rel}","templated":true}]}}