{"id":6281,"date":"2024-01-25T05:31:20","date_gmt":"2024-01-25T05:31:20","guid":{"rendered":"https:\/\/www.ammamel.com\/?page_id=6281"},"modified":"2024-07-18T11:10:32","modified_gmt":"2024-07-18T11:10:32","slug":"zen-shiatsu","status":"publish","type":"page","link":"https:\/\/www.ammamel.com\/es\/zen-shiatsu\/","title":{"rendered":"Zen Shiatsu"},"content":{"rendered":"\n<p><em>Shiatsu<\/em> es una forma \u00fanica de trabajo corporal hol\u00edstica que proporciona la satisfacci\u00f3n del tacto junto con una profunda experiencia de equilibrio de energ\u00eda. Se basa en miles de a\u00f1os de filosof\u00eda oriental, medicina tradicional china, MTC y otros m\u00e9todos de curaci\u00f3n. Shiatsu trata directamente las v\u00edas de los meridianos dentro del cuerpo que canalizan la energ\u00eda del Ki\u2026 la esencia de nuestra vida.<\/p>\n\n\n\n<figure class=\"wp-block-video aligncenter\"><video height=\"1920\" style=\"aspect-ratio: 1080 \/ 1920;\" width=\"1080\" autoplay muted poster=\"https:\/\/www.ammamel.com\/wp-content\/uploads\/2024\/04\/logo-ammamel-petit.png\" src=\"https:\/\/www.ammamel.com\/wp-content\/uploads\/2024\/07\/Zen-Shiatsu-2.webm\" playsinline><\/video><\/figure>\n\n\n\n<p>Experimentamos esta energ\u00eda en forma de movimiento, comunicaci\u00f3n, respiraci\u00f3n, digesti\u00f3n, pensamientos, sentimientos y espiritualidad. Cualquier bloqueo o estancamiento de energ\u00eda dentro de los meridianos puede provocar enfermedades f\u00edsicas, psicol\u00f3gicas y emocionales. Zen Shiatsu ayuda a equilibrar la energ\u00eda en todos los niveles, a trav\u00e9s un tratamiento musculoesquel\u00e9tico cl\u00ednicamente terap\u00e9utico y profundamente relajante.<\/p>\n\n\n\n<p>El <em>Shiatsu<\/em> que practico es el <em>Zen Shiatsu<\/em> (desarrollado por el <a href=\"https:\/\/en.wikipedia.org\/wiki\/Shizuto_Masunaga\">Maestro Masunaga<\/a>) y consiste en estiramientos y movilizaciones, presiones con mis manos, dedos o antebrazos, trabajando los <strong>meridianos<\/strong> de nuestro cuerpo y algunos <strong>puntos energ\u00e9ticos<\/strong> de medicina china tradicional, una pr\u00e1ctica que conlleva varios <a href=\"https:\/\/www.ammamel.com\/beneficios-del-zen-shiatsu\">beneficios<\/a>.<\/p>\n\n\n\n<p>En algunos casos, de manera complementaria, puedo trabajar la f<em>ascia en biodin\u00e1mica<\/em>: significa que acompa\u00f1\u00f3 de forma muy sutil el movimiento interno de nuestro organismo en la autorregulaci\u00f3n del cuerpo y su autocuraci\u00f3n El trabajo de la <a href=\"https:\/\/elbikramyogui.net\/2013\/08\/07\/fascia-fascinante\/\">fascia<\/a> (tejido conjuntivo) permite aliviar dolores m\u00e1s profundos (emocionales o f\u00edsicas).<\/p>\n\n\n\n<h3 class=\"wp-block-heading\">La sesi\u00f3n de Shiatsu<\/h3>\n\n\n\n<p>La sesi\u00f3n dura 60 minutos. El Zen Shiatsu se practica de forma tradicional, en un fut\u00f3n directamente en el suelo (colch\u00f3n). La persona tiene que venir con ropa c\u00f3moda, que recubre todo el cuerpo, y que permite movimientos amplios (ej. malla o ch\u00e1ndal con una camiseta). Comienza por un diagn\u00f3stico energ\u00e9tico del <em>Hara<\/em> (abdomen) y un intercambio oral en el que el\/la paciente explica su necesidad. Cada sesi\u00f3n est\u00e1 adaptada a la persona y a su estado en el momento mismo del encuentro.<\/p>\n\n\n\n<figure class=\"wp-block-image aligncenter\"><img fetchpriority=\"high\" decoding=\"async\" width=\"1024\" height=\"752\" src=\"https:\/\/www.ammamel.com\/wp-content\/uploads\/2018\/05\/20180531_190339-1024x752.jpg\" alt=\"\" class=\"wp-image-194\" srcset=\"https:\/\/www.ammamel.com\/wp-content\/uploads\/2018\/05\/20180531_190339-1024x752.jpg 1024w, https:\/\/www.ammamel.com\/wp-content\/uploads\/2018\/05\/20180531_190339-300x220.jpg 300w, https:\/\/www.ammamel.com\/wp-content\/uploads\/2018\/05\/20180531_190339-768x564.jpg 768w\" sizes=\"(max-width: 1024px) 100vw, 1024px\" \/><\/figure>\n\n\n\n<p>Puedes reservar tu sesi\u00f3n de Zen Shiatsu en Parempuyre &#8211; Bordeaux (Gironde) o alrededores poni\u00e9ndote en contacto conmigo a trav\u00e9s del <a href=\"https:\/\/www.ammamel.com\/contacto\/\">formulario de contacto<\/a> o por tel\u00e9fono al <a href=\"https:\/\/web.whatsapp.com\/send?phone=33681083024&amp;text=Bonjour,%20je%20souhaiterais%20prendre%20un%20rendez-vous\">+33681083024<\/a>.<\/p>\n","protected":false},"excerpt":{"rendered":"<p>Shiatsu es una forma \u00fanica de trabajo corporal hol\u00edstica que proporciona la satisfacci\u00f3n del tacto junto con una profunda experiencia de equilibrio de energ\u00eda. Se basa en miles de a\u00f1os de filosof\u00eda oriental, medicina tradicional china, MTC y otros m\u00e9todos de curaci\u00f3n. Shiatsu trata directamente las v\u00edas de los meridianos [&hellip;]<\/p>\n","protected":false},"author":1,"featured_media":0,"parent":0,"menu_order":0,"comment_status":"closed","ping_status":"closed","template":"","meta":{"inspiro_page_layout":"narrow","inspiro_hide_title":false,"footnotes":""},"class_list":["post-6281","page","type-page","status-publish","hentry"],"yoast_head":"<!-- This site is optimized with the Yoast SEO plugin v27.5 - https:\/\/yoast.com\/product\/yoast-seo-wordpress\/ -->\n<title>Zen Shiatsu - Ammamel<\/title>\n<meta name=\"robots\" content=\"index, follow, max-snippet:-1, max-image-preview:large, max-video-preview:-1\" \/>\n<link rel=\"canonical\" href=\"https:\/\/www.ammamel.com\/es\/zen-shiatsu\/\" \/>\n<meta property=\"og:locale\" content=\"es_ES\" \/>\n<meta property=\"og:type\" content=\"article\" \/>\n<meta property=\"og:title\" content=\"Zen Shiatsu - Ammamel\" \/>\n<meta property=\"og:description\" content=\"Shiatsu es una forma \u00fanica de trabajo corporal hol\u00edstica que proporciona la satisfacci\u00f3n del tacto junto con una profunda experiencia de equilibrio de energ\u00eda. Se basa en miles de a\u00f1os de filosof\u00eda oriental, medicina tradicional china, MTC y otros m\u00e9todos de curaci\u00f3n. Shiatsu trata directamente las v\u00edas de los meridianos [&hellip;]\" \/>\n<meta property=\"og:url\" content=\"https:\/\/www.ammamel.com\/es\/zen-shiatsu\/\" \/>\n<meta property=\"og:site_name\" content=\"Ammamel\" \/>\n<meta property=\"article:modified_time\" content=\"2024-07-18T11:10:32+00:00\" \/>\n<meta property=\"og:image\" content=\"https:\/\/www.ammamel.com\/wp-content\/uploads\/2018\/05\/20180531_190339-1024x752.jpg\" \/>\n<meta name=\"twitter:card\" content=\"summary_large_image\" \/>\n<meta name=\"twitter:label1\" content=\"Tiempo de lectura\" \/>\n\t<meta name=\"twitter:data1\" content=\"2 minutos\" \/>\n<script type=\"application\/ld+json\" class=\"yoast-schema-graph\">{\"@context\":\"https:\\\/\\\/schema.org\",\"@graph\":[{\"@type\":\"WebPage\",\"@id\":\"https:\\\/\\\/www.ammamel.com\\\/es\\\/zen-shiatsu\\\/\",\"url\":\"https:\\\/\\\/www.ammamel.com\\\/es\\\/zen-shiatsu\\\/\",\"name\":\"Zen Shiatsu - Ammamel\",\"isPartOf\":{\"@id\":\"https:\\\/\\\/www.ammamel.com\\\/es\\\/#website\"},\"primaryImageOfPage\":{\"@id\":\"https:\\\/\\\/www.ammamel.com\\\/es\\\/zen-shiatsu\\\/#primaryimage\"},\"image\":{\"@id\":\"https:\\\/\\\/www.ammamel.com\\\/es\\\/zen-shiatsu\\\/#primaryimage\"},\"thumbnailUrl\":\"https:\\\/\\\/www.ammamel.com\\\/wp-content\\\/uploads\\\/2018\\\/05\\\/20180531_190339-1024x752.jpg\",\"datePublished\":\"2024-01-25T05:31:20+00:00\",\"dateModified\":\"2024-07-18T11:10:32+00:00\",\"breadcrumb\":{\"@id\":\"https:\\\/\\\/www.ammamel.com\\\/es\\\/zen-shiatsu\\\/#breadcrumb\"},\"inLanguage\":\"es\",\"potentialAction\":[{\"@type\":\"ReadAction\",\"target\":[\"https:\\\/\\\/www.ammamel.com\\\/es\\\/zen-shiatsu\\\/\"]}]},{\"@type\":\"ImageObject\",\"inLanguage\":\"es\",\"@id\":\"https:\\\/\\\/www.ammamel.com\\\/es\\\/zen-shiatsu\\\/#primaryimage\",\"url\":\"https:\\\/\\\/www.ammamel.com\\\/wp-content\\\/uploads\\\/2018\\\/05\\\/20180531_190339-1024x752.jpg\",\"contentUrl\":\"https:\\\/\\\/www.ammamel.com\\\/wp-content\\\/uploads\\\/2018\\\/05\\\/20180531_190339-1024x752.jpg\"},{\"@type\":\"BreadcrumbList\",\"@id\":\"https:\\\/\\\/www.ammamel.com\\\/es\\\/zen-shiatsu\\\/#breadcrumb\",\"itemListElement\":[{\"@type\":\"ListItem\",\"position\":1,\"name\":\"Portada\",\"item\":\"https:\\\/\\\/www.ammamel.com\\\/es\\\/\"},{\"@type\":\"ListItem\",\"position\":2,\"name\":\"Zen Shiatsu\"}]},{\"@type\":\"WebSite\",\"@id\":\"https:\\\/\\\/www.ammamel.com\\\/es\\\/#website\",\"url\":\"https:\\\/\\\/www.ammamel.com\\\/es\\\/\",\"name\":\"AmmaMel Massages\",\"description\":\"Shiatsu, Masaje Facial Kobido, Masaje Free-flow y Deep Tissue en Sant Joan d&#039;Alacant - Alicante\",\"publisher\":{\"@id\":\"https:\\\/\\\/www.ammamel.com\\\/es\\\/#\\\/schema\\\/person\\\/e4947ec778736abb506432321b636130\"},\"potentialAction\":[{\"@type\":\"SearchAction\",\"target\":{\"@type\":\"EntryPoint\",\"urlTemplate\":\"https:\\\/\\\/www.ammamel.com\\\/es\\\/?s={search_term_string}\"},\"query-input\":{\"@type\":\"PropertyValueSpecification\",\"valueRequired\":true,\"valueName\":\"search_term_string\"}}],\"inLanguage\":\"es\"},{\"@type\":[\"Person\",\"Organization\"],\"@id\":\"https:\\\/\\\/www.ammamel.com\\\/es\\\/#\\\/schema\\\/person\\\/e4947ec778736abb506432321b636130\",\"name\":\"M\u00e9lanie Mongelli\",\"image\":{\"@type\":\"ImageObject\",\"inLanguage\":\"es\",\"@id\":\"https:\\\/\\\/www.ammamel.com\\\/wp-content\\\/uploads\\\/2024\\\/01\\\/ammamel.png\",\"url\":\"https:\\\/\\\/www.ammamel.com\\\/wp-content\\\/uploads\\\/2024\\\/01\\\/ammamel.png\",\"contentUrl\":\"https:\\\/\\\/www.ammamel.com\\\/wp-content\\\/uploads\\\/2024\\\/01\\\/ammamel.png\",\"width\":600,\"height\":600,\"caption\":\"M\u00e9lanie Mongelli\"},\"logo\":{\"@id\":\"https:\\\/\\\/www.ammamel.com\\\/wp-content\\\/uploads\\\/2024\\\/01\\\/ammamel.png\"},\"sameAs\":[\"https:\\\/\\\/www.ammamel.com\"]}]}<\/script>\n<!-- \/ Yoast SEO plugin. -->","yoast_head_json":{"title":"Zen Shiatsu - Ammamel","robots":{"index":"index","follow":"follow","max-snippet":"max-snippet:-1","max-image-preview":"max-image-preview:large","max-video-preview":"max-video-preview:-1"},"canonical":"https:\/\/www.ammamel.com\/es\/zen-shiatsu\/","og_locale":"es_ES","og_type":"article","og_title":"Zen Shiatsu - Ammamel","og_description":"Shiatsu es una forma \u00fanica de trabajo corporal hol\u00edstica que proporciona la satisfacci\u00f3n del tacto junto con una profunda experiencia de equilibrio de energ\u00eda. Se basa en miles de a\u00f1os de filosof\u00eda oriental, medicina tradicional china, MTC y otros m\u00e9todos de curaci\u00f3n. Shiatsu trata directamente las v\u00edas de los meridianos [&hellip;]","og_url":"https:\/\/www.ammamel.com\/es\/zen-shiatsu\/","og_site_name":"Ammamel","article_modified_time":"2024-07-18T11:10:32+00:00","og_image":[{"url":"https:\/\/www.ammamel.com\/wp-content\/uploads\/2018\/05\/20180531_190339-1024x752.jpg","type":"","width":"","height":""}],"twitter_card":"summary_large_image","twitter_misc":{"Tiempo de lectura":"2 minutos"},"schema":{"@context":"https:\/\/schema.org","@graph":[{"@type":"WebPage","@id":"https:\/\/www.ammamel.com\/es\/zen-shiatsu\/","url":"https:\/\/www.ammamel.com\/es\/zen-shiatsu\/","name":"Zen Shiatsu - Ammamel","isPartOf":{"@id":"https:\/\/www.ammamel.com\/es\/#website"},"primaryImageOfPage":{"@id":"https:\/\/www.ammamel.com\/es\/zen-shiatsu\/#primaryimage"},"image":{"@id":"https:\/\/www.ammamel.com\/es\/zen-shiatsu\/#primaryimage"},"thumbnailUrl":"https:\/\/www.ammamel.com\/wp-content\/uploads\/2018\/05\/20180531_190339-1024x752.jpg","datePublished":"2024-01-25T05:31:20+00:00","dateModified":"2024-07-18T11:10:32+00:00","breadcrumb":{"@id":"https:\/\/www.ammamel.com\/es\/zen-shiatsu\/#breadcrumb"},"inLanguage":"es","potentialAction":[{"@type":"ReadAction","target":["https:\/\/www.ammamel.com\/es\/zen-shiatsu\/"]}]},{"@type":"ImageObject","inLanguage":"es","@id":"https:\/\/www.ammamel.com\/es\/zen-shiatsu\/#primaryimage","url":"https:\/\/www.ammamel.com\/wp-content\/uploads\/2018\/05\/20180531_190339-1024x752.jpg","contentUrl":"https:\/\/www.ammamel.com\/wp-content\/uploads\/2018\/05\/20180531_190339-1024x752.jpg"},{"@type":"BreadcrumbList","@id":"https:\/\/www.ammamel.com\/es\/zen-shiatsu\/#breadcrumb","itemListElement":[{"@type":"ListItem","position":1,"name":"Portada","item":"https:\/\/www.ammamel.com\/es\/"},{"@type":"ListItem","position":2,"name":"Zen Shiatsu"}]},{"@type":"WebSite","@id":"https:\/\/www.ammamel.com\/es\/#website","url":"https:\/\/www.ammamel.com\/es\/","name":"AmmaMel Massages","description":"Shiatsu, Masaje Facial Kobido, Masaje Free-flow y Deep Tissue en Sant Joan d&#039;Alacant - Alicante","publisher":{"@id":"https:\/\/www.ammamel.com\/es\/#\/schema\/person\/e4947ec778736abb506432321b636130"},"potentialAction":[{"@type":"SearchAction","target":{"@type":"EntryPoint","urlTemplate":"https:\/\/www.ammamel.com\/es\/?s={search_term_string}"},"query-input":{"@type":"PropertyValueSpecification","valueRequired":true,"valueName":"search_term_string"}}],"inLanguage":"es"},{"@type":["Person","Organization"],"@id":"https:\/\/www.ammamel.com\/es\/#\/schema\/person\/e4947ec778736abb506432321b636130","name":"M\u00e9lanie Mongelli","image":{"@type":"ImageObject","inLanguage":"es","@id":"https:\/\/www.ammamel.com\/wp-content\/uploads\/2024\/01\/ammamel.png","url":"https:\/\/www.ammamel.com\/wp-content\/uploads\/2024\/01\/ammamel.png","contentUrl":"https:\/\/www.ammamel.com\/wp-content\/uploads\/2024\/01\/ammamel.png","width":600,"height":600,"caption":"M\u00e9lanie Mongelli"},"logo":{"@id":"https:\/\/www.ammamel.com\/wp-content\/uploads\/2024\/01\/ammamel.png"},"sameAs":["https:\/\/www.ammamel.com"]}]}},"_links":{"self":[{"href":"https:\/\/www.ammamel.com\/es\/wp-json\/wp\/v2\/pages\/6281","targetHints":{"allow":["GET"]}}],"collection":[{"href":"https:\/\/www.ammamel.com\/es\/wp-json\/wp\/v2\/pages"}],"about":[{"href":"https:\/\/www.ammamel.com\/es\/wp-json\/wp\/v2\/types\/page"}],"author":[{"embeddable":true,"href":"https:\/\/www.ammamel.com\/es\/wp-json\/wp\/v2\/users\/1"}],"replies":[{"embeddable":true,"href":"https:\/\/www.ammamel.com\/es\/wp-json\/wp\/v2\/comments?post=6281"}],"version-history":[{"count":5,"href":"https:\/\/www.ammamel.com\/es\/wp-json\/wp\/v2\/pages\/6281\/revisions"}],"predecessor-version":[{"id":7111,"href":"https:\/\/www.ammamel.com\/es\/wp-json\/wp\/v2\/pages\/6281\/revisions\/7111"}],"wp:attachment":[{"href":"https:\/\/www.ammamel.com\/es\/wp-json\/wp\/v2\/media?parent=6281"}],"curies":[{"name":"wp","href":"https:\/\/api.w.org\/{rel}","templated":true}]}}