{"id":6256,"date":"2024-01-23T14:35:41","date_gmt":"2024-01-23T14:35:41","guid":{"rendered":"https:\/\/www.ammamel.com\/?page_id=6256"},"modified":"2024-04-29T05:59:53","modified_gmt":"2024-04-29T05:59:53","slug":"masajes","status":"publish","type":"page","link":"https:\/\/www.ammamel.com\/es\/masajes\/","title":{"rendered":"Masajes"},"content":{"rendered":"\t\t<div data-elementor-type=\"wp-page\" data-elementor-id=\"6256\" class=\"elementor elementor-6256\">\n\t\t\t\t\t\t<section class=\"elementor-section elementor-top-section elementor-element elementor-element-1a67c77 elementor-section-boxed elementor-section-height-default elementor-section-height-default\" data-id=\"1a67c77\" data-element_type=\"section\" data-e-type=\"section\" data-settings=\"{&quot;background_background&quot;:&quot;classic&quot;}\">\n\t\t\t\t\t\t\t<div class=\"elementor-background-overlay\"><\/div>\n\t\t\t\t\t\t\t<div class=\"elementor-container elementor-column-gap-default\">\n\t\t\t\t\t<div class=\"elementor-column elementor-col-100 elementor-top-column elementor-element elementor-element-6112c72\" data-id=\"6112c72\" data-element_type=\"column\" data-e-type=\"column\">\n\t\t\t<div class=\"elementor-widget-wrap elementor-element-populated\">\n\t\t\t\t\t\t<div class=\"elementor-element elementor-element-84abd58 elementor-widget elementor-widget-text-editor\" data-id=\"84abd58\" data-element_type=\"widget\" data-e-type=\"widget\" data-widget_type=\"text-editor.default\">\n\t\t\t\t<div class=\"elementor-widget-container\">\n\t\t\t\t\t\t\t\t\t<p>El masaje es una pr\u00e1ctica milenaria que ha evolucionado con el tiempo hasta convertirse en una forma popular de terapia y bienestar.<\/p><p>El tacto amable es una forma hol\u00edstica y agradable de liberar la tensi\u00f3n muscular, calmar la mente y armonizar nuestro estado emocional.\u00a0<\/p><p>Desde las mujeres embarazadas y las madres recientes hasta los deportistas de alto nivel, todos necesitamos cuidarnos.<\/p>\t\t\t\t\t\t\t\t<\/div>\n\t\t\t\t<\/div>\n\t\t\t\t<section class=\"elementor-section elementor-inner-section elementor-element elementor-element-902467d elementor-section-boxed elementor-section-height-default elementor-section-height-default\" data-id=\"902467d\" data-element_type=\"section\" data-e-type=\"section\">\n\t\t\t\t\t\t<div class=\"elementor-container elementor-column-gap-default\">\n\t\t\t\t\t<div class=\"elementor-column elementor-col-50 elementor-inner-column elementor-element elementor-element-221690e\" data-id=\"221690e\" data-element_type=\"column\" data-e-type=\"column\" data-settings=\"{&quot;background_background&quot;:&quot;classic&quot;}\">\n\t\t\t<div class=\"elementor-widget-wrap elementor-element-populated\">\n\t\t\t\t\t\t<div class=\"elementor-element elementor-element-9bb9ecf elementor-widget elementor-widget-heading\" data-id=\"9bb9ecf\" data-element_type=\"widget\" data-e-type=\"widget\" data-widget_type=\"heading.default\">\n\t\t\t\t<div class=\"elementor-widget-container\">\n\t\t\t\t\t<h3 class=\"elementor-heading-title elementor-size-default\">Masajes corporales<\/h3>\t\t\t\t<\/div>\n\t\t\t\t<\/div>\n\t\t\t\t<div class=\"elementor-element elementor-element-fabbf9a elementor-widget elementor-widget-heading\" data-id=\"fabbf9a\" data-element_type=\"widget\" data-e-type=\"widget\" data-widget_type=\"heading.default\">\n\t\t\t\t<div class=\"elementor-widget-container\">\n\t\t\t\t\t<h4 class=\"elementor-heading-title elementor-size-default\"><a href=\"https:\/\/www.ammamel.com\/masaje-corporal-freeflow\/\">Masaje corporal FreeFlow<\/a><\/h4>\t\t\t\t<\/div>\n\t\t\t\t<\/div>\n\t\t\t\t<div class=\"elementor-element elementor-element-dd47f7d elementor-widget elementor-widget-text-editor\" data-id=\"dd47f7d\" data-element_type=\"widget\" data-e-type=\"widget\" data-widget_type=\"text-editor.default\">\n\t\t\t\t<div class=\"elementor-widget-container\">\n\t\t\t\t\t\t\t\t\t<p>Un masaje hol\u00edstico, alianza de t\u00e9cnicas precisas con el dejar fluir, en el cual se escucha y respecta las necesidades de la persona para una relajaci\u00f3n f\u00edsica y mental completa.<\/p>\t\t\t\t\t\t\t\t<\/div>\n\t\t\t\t<\/div>\n\t\t\t\t<div class=\"elementor-element elementor-element-49f87ad elementor-widget elementor-widget-heading\" data-id=\"49f87ad\" data-element_type=\"widget\" data-e-type=\"widget\" data-widget_type=\"heading.default\">\n\t\t\t\t<div class=\"elementor-widget-container\">\n\t\t\t\t\t<h4 class=\"elementor-heading-title elementor-size-default\"><a href=\"https:\/\/www.ammamel.com\/zen-shiatsu\/\">Zen Shiatsu<\/a><\/h4>\t\t\t\t<\/div>\n\t\t\t\t<\/div>\n\t\t\t\t<div class=\"elementor-element elementor-element-57293a1 elementor-widget elementor-widget-text-editor\" data-id=\"57293a1\" data-element_type=\"widget\" data-e-type=\"widget\" data-widget_type=\"text-editor.default\">\n\t\t\t\t<div class=\"elementor-widget-container\">\n\t\t\t\t\t\t\t\t\t<p>Zen Shiatsu es una forma \u00fanica de trabajo corporal que proporciona la satisfacci\u00f3n del tacto junto con una profunda experiencia de equilibrio de energ\u00eda. Se basa en miles de a\u00f1os de filosof\u00eda oriental y m\u00e9todos de curaci\u00f3n.\u00a0<\/p>\t\t\t\t\t\t\t\t<\/div>\n\t\t\t\t<\/div>\n\t\t\t\t<div class=\"elementor-element elementor-element-9b3bcee elementor-widget elementor-widget-heading\" data-id=\"9b3bcee\" data-element_type=\"widget\" data-e-type=\"widget\" data-widget_type=\"heading.default\">\n\t\t\t\t<div class=\"elementor-widget-container\">\n\t\t\t\t\t<h4 class=\"elementor-heading-title elementor-size-default\"><a href=\"https:\/\/www.ammamel.com\/masaje-amma-sentado\/\">Amma sentado<\/a><\/h4>\t\t\t\t<\/div>\n\t\t\t\t<\/div>\n\t\t\t\t<div class=\"elementor-element elementor-element-3991590 elementor-widget elementor-widget-text-editor\" data-id=\"3991590\" data-element_type=\"widget\" data-e-type=\"widget\" data-widget_type=\"text-editor.default\">\n\t\t\t\t<div class=\"elementor-widget-container\">\n\t\t\t\t\t\t\t\t\t<p>El <a href=\"https:\/\/www.ammamel.com\/masaje-amma-sentado\/\">masaje Amma sentado<\/a> es una soluci\u00f3n para luchar contra el estr\u00e9s, las tensiones nerviosas y para reducir tensiones musculoesquel\u00e9ticas. Est\u00e1 especialmente indicado para dolores de espalda debidos a malas posturas: para las personas que trabajan en posici\u00f3n sentada delante de un ordenador, llevando cargas pesadas, conduciendo veh\u00edculos, etc.<\/p>\t\t\t\t\t\t\t\t<\/div>\n\t\t\t\t<\/div>\n\t\t\t\t<div class=\"elementor-element elementor-element-40f642c elementor-align-center elementor-widget elementor-widget-button\" data-id=\"40f642c\" data-element_type=\"widget\" data-e-type=\"widget\" data-widget_type=\"button.default\">\n\t\t\t\t<div class=\"elementor-widget-container\">\n\t\t\t\t\t\t\t\t\t<div class=\"elementor-button-wrapper\">\n\t\t\t\t\t<a class=\"elementor-button elementor-button-link elementor-size-md\" href=\"https:\/\/www.ammamel.com\/menu\/\">\n\t\t\t\t\t\t<span class=\"elementor-button-content-wrapper\">\n\t\t\t\t\t\t\t\t\t<span class=\"elementor-button-text\">Masajes corporales<\/span>\n\t\t\t\t\t<\/span>\n\t\t\t\t\t<\/a>\n\t\t\t\t<\/div>\n\t\t\t\t\t\t\t\t<\/div>\n\t\t\t\t<\/div>\n\t\t\t\t\t<\/div>\n\t\t<\/div>\n\t\t\t\t<div class=\"elementor-column elementor-col-50 elementor-inner-column elementor-element elementor-element-76c0bbc\" data-id=\"76c0bbc\" data-element_type=\"column\" data-e-type=\"column\" data-settings=\"{&quot;background_background&quot;:&quot;classic&quot;}\">\n\t\t\t<div class=\"elementor-widget-wrap elementor-element-populated\">\n\t\t\t\t\t\t<div class=\"elementor-element elementor-element-ddb85fd elementor-widget elementor-widget-heading\" data-id=\"ddb85fd\" data-element_type=\"widget\" data-e-type=\"widget\" data-widget_type=\"heading.default\">\n\t\t\t\t<div class=\"elementor-widget-container\">\n\t\t\t\t\t<h3 class=\"elementor-heading-title elementor-size-default\">Masajes faciales<\/h3>\t\t\t\t<\/div>\n\t\t\t\t<\/div>\n\t\t\t\t<div class=\"elementor-element elementor-element-baadafa elementor-widget elementor-widget-heading\" data-id=\"baadafa\" data-element_type=\"widget\" data-e-type=\"widget\" data-widget_type=\"heading.default\">\n\t\t\t\t<div class=\"elementor-widget-container\">\n\t\t\t\t\t<h4 class=\"elementor-heading-title elementor-size-default\"><a href=\"https:\/\/www.ammamel.com\/masaje-facial-kobido\/\">Masaje facial Kobido<\/a><\/h4>\t\t\t\t<\/div>\n\t\t\t\t<\/div>\n\t\t\t\t<div class=\"elementor-element elementor-element-e983b2b elementor-widget elementor-widget-text-editor\" data-id=\"e983b2b\" data-element_type=\"widget\" data-e-type=\"widget\" data-widget_type=\"text-editor.default\">\n\t\t\t\t<div class=\"elementor-widget-container\">\n\t\t\t\t\t\t\t\t\t<p>Kobido, el masaje facial antiedad definitivo. Es un masaje lifting natural que estimula los m\u00fasculos y tejidos del rostro desde la superficie hasta la profundidad.<\/p>\t\t\t\t\t\t\t\t<\/div>\n\t\t\t\t<\/div>\n\t\t\t\t<div class=\"elementor-element elementor-element-00b6dbf elementor-widget elementor-widget-heading\" data-id=\"00b6dbf\" data-element_type=\"widget\" data-e-type=\"widget\" data-widget_type=\"heading.default\">\n\t\t\t\t<div class=\"elementor-widget-container\">\n\t\t\t\t\t<span class=\"elementor-heading-title elementor-size-default\">Masaje FreeFlow Facial\n<\/span>\t\t\t\t<\/div>\n\t\t\t\t<\/div>\n\t\t\t\t<div class=\"elementor-element elementor-element-b9009e2 elementor-widget elementor-widget-text-editor\" data-id=\"b9009e2\" data-element_type=\"widget\" data-e-type=\"widget\" data-widget_type=\"text-editor.default\">\n\t\t\t\t<div class=\"elementor-widget-container\">\n\t\t\t\t\t\t\t\t\t<p>Durante este tratamiento facial totalmente personalizado, combino varias t\u00e9cnicas de masaje y est\u00e9tica para satisfacer mejor tus necesidades y las de tu rostro.<\/p>\t\t\t\t\t\t\t\t<\/div>\n\t\t\t\t<\/div>\n\t\t\t\t<div class=\"elementor-element elementor-element-b921015 elementor-align-center elementor-widget elementor-widget-button\" data-id=\"b921015\" data-element_type=\"widget\" data-e-type=\"widget\" data-widget_type=\"button.default\">\n\t\t\t\t<div class=\"elementor-widget-container\">\n\t\t\t\t\t\t\t\t\t<div class=\"elementor-button-wrapper\">\n\t\t\t\t\t<a class=\"elementor-button elementor-button-link elementor-size-md\" href=\"https:\/\/www.ammamel.com\/menu\/\">\n\t\t\t\t\t\t<span class=\"elementor-button-content-wrapper\">\n\t\t\t\t\t\t\t\t\t<span class=\"elementor-button-text\">Masajes faciales<\/span>\n\t\t\t\t\t<\/span>\n\t\t\t\t\t<\/a>\n\t\t\t\t<\/div>\n\t\t\t\t\t\t\t\t<\/div>\n\t\t\t\t<\/div>\n\t\t\t\t\t<\/div>\n\t\t<\/div>\n\t\t\t\t\t<\/div>\n\t\t<\/section>\n\t\t\t\t\t<\/div>\n\t\t<\/div>\n\t\t\t\t\t<\/div>\n\t\t<\/section>\n\t\t\t\t<\/div>\n\t\t","protected":false},"excerpt":{"rendered":"<p>El masaje es una pr\u00e1ctica milenaria que ha evolucionado con el tiempo hasta convertirse en una forma popular de terapia y bienestar. El tacto amable es una forma hol\u00edstica y agradable de liberar la tensi\u00f3n muscular, calmar la mente y armonizar nuestro estado emocional.\u00a0 Desde las mujeres embarazadas y las [&hellip;]<\/p>\n","protected":false},"author":1,"featured_media":0,"parent":0,"menu_order":0,"comment_status":"closed","ping_status":"closed","template":"","meta":{"inspiro_page_layout":"narrow","inspiro_hide_title":false,"footnotes":""},"class_list":["post-6256","page","type-page","status-publish","hentry"],"yoast_head":"<!-- This site is optimized with the Yoast SEO plugin v27.4 - https:\/\/yoast.com\/product\/yoast-seo-wordpress\/ -->\n<title>Masajes - Ammamel<\/title>\n<meta name=\"robots\" content=\"index, follow, max-snippet:-1, max-image-preview:large, max-video-preview:-1\" \/>\n<link rel=\"canonical\" href=\"https:\/\/www.ammamel.com\/es\/masajes\/\" \/>\n<meta property=\"og:locale\" content=\"es_ES\" \/>\n<meta property=\"og:type\" content=\"article\" \/>\n<meta property=\"og:title\" content=\"Masajes - Ammamel\" \/>\n<meta property=\"og:description\" content=\"El masaje es una pr\u00e1ctica milenaria que ha evolucionado con el tiempo hasta convertirse en una forma popular de terapia y bienestar. El tacto amable es una forma hol\u00edstica y agradable de liberar la tensi\u00f3n muscular, calmar la mente y armonizar nuestro estado emocional.\u00a0 Desde las mujeres embarazadas y las [&hellip;]\" \/>\n<meta property=\"og:url\" content=\"https:\/\/www.ammamel.com\/es\/masajes\/\" \/>\n<meta property=\"og:site_name\" content=\"Ammamel\" \/>\n<meta property=\"article:modified_time\" content=\"2024-04-29T05:59:53+00:00\" \/>\n<meta property=\"og:image\" content=\"https:\/\/www.ammamel.com\/wp-content\/uploads\/2024\/01\/Ammamel-Kobido-55-scaled.jpg\" \/>\n\t<meta property=\"og:image:width\" content=\"2560\" \/>\n\t<meta property=\"og:image:height\" content=\"1707\" \/>\n\t<meta property=\"og:image:type\" content=\"image\/jpeg\" \/>\n<meta name=\"twitter:card\" content=\"summary_large_image\" \/>\n<meta name=\"twitter:label1\" content=\"Tiempo de lectura\" \/>\n\t<meta name=\"twitter:data1\" content=\"2 minutos\" \/>\n<script type=\"application\/ld+json\" class=\"yoast-schema-graph\">{\"@context\":\"https:\\\/\\\/schema.org\",\"@graph\":[{\"@type\":\"WebPage\",\"@id\":\"https:\\\/\\\/www.ammamel.com\\\/es\\\/masajes\\\/\",\"url\":\"https:\\\/\\\/www.ammamel.com\\\/es\\\/masajes\\\/\",\"name\":\"Masajes - Ammamel\",\"isPartOf\":{\"@id\":\"https:\\\/\\\/www.ammamel.com\\\/es\\\/#website\"},\"datePublished\":\"2024-01-23T14:35:41+00:00\",\"dateModified\":\"2024-04-29T05:59:53+00:00\",\"breadcrumb\":{\"@id\":\"https:\\\/\\\/www.ammamel.com\\\/es\\\/masajes\\\/#breadcrumb\"},\"inLanguage\":\"es\",\"potentialAction\":[{\"@type\":\"ReadAction\",\"target\":[\"https:\\\/\\\/www.ammamel.com\\\/es\\\/masajes\\\/\"]}]},{\"@type\":\"BreadcrumbList\",\"@id\":\"https:\\\/\\\/www.ammamel.com\\\/es\\\/masajes\\\/#breadcrumb\",\"itemListElement\":[{\"@type\":\"ListItem\",\"position\":1,\"name\":\"Portada\",\"item\":\"https:\\\/\\\/www.ammamel.com\\\/es\\\/\"},{\"@type\":\"ListItem\",\"position\":2,\"name\":\"Masajes\"}]},{\"@type\":\"WebSite\",\"@id\":\"https:\\\/\\\/www.ammamel.com\\\/es\\\/#website\",\"url\":\"https:\\\/\\\/www.ammamel.com\\\/es\\\/\",\"name\":\"AmmaMel Massages\",\"description\":\"Shiatsu, Masaje Facial Kobido, Masaje Free-flow y Deep Tissue en Sant Joan d&#039;Alacant - Alicante\",\"publisher\":{\"@id\":\"https:\\\/\\\/www.ammamel.com\\\/es\\\/#\\\/schema\\\/person\\\/e4947ec778736abb506432321b636130\"},\"potentialAction\":[{\"@type\":\"SearchAction\",\"target\":{\"@type\":\"EntryPoint\",\"urlTemplate\":\"https:\\\/\\\/www.ammamel.com\\\/es\\\/?s={search_term_string}\"},\"query-input\":{\"@type\":\"PropertyValueSpecification\",\"valueRequired\":true,\"valueName\":\"search_term_string\"}}],\"inLanguage\":\"es\"},{\"@type\":[\"Person\",\"Organization\"],\"@id\":\"https:\\\/\\\/www.ammamel.com\\\/es\\\/#\\\/schema\\\/person\\\/e4947ec778736abb506432321b636130\",\"name\":\"M\u00e9lanie Mongelli\",\"image\":{\"@type\":\"ImageObject\",\"inLanguage\":\"es\",\"@id\":\"https:\\\/\\\/www.ammamel.com\\\/wp-content\\\/uploads\\\/2024\\\/01\\\/ammamel.png\",\"url\":\"https:\\\/\\\/www.ammamel.com\\\/wp-content\\\/uploads\\\/2024\\\/01\\\/ammamel.png\",\"contentUrl\":\"https:\\\/\\\/www.ammamel.com\\\/wp-content\\\/uploads\\\/2024\\\/01\\\/ammamel.png\",\"width\":600,\"height\":600,\"caption\":\"M\u00e9lanie Mongelli\"},\"logo\":{\"@id\":\"https:\\\/\\\/www.ammamel.com\\\/wp-content\\\/uploads\\\/2024\\\/01\\\/ammamel.png\"},\"sameAs\":[\"https:\\\/\\\/www.ammamel.com\"]}]}<\/script>\n<!-- \/ Yoast SEO plugin. -->","yoast_head_json":{"title":"Masajes - Ammamel","robots":{"index":"index","follow":"follow","max-snippet":"max-snippet:-1","max-image-preview":"max-image-preview:large","max-video-preview":"max-video-preview:-1"},"canonical":"https:\/\/www.ammamel.com\/es\/masajes\/","og_locale":"es_ES","og_type":"article","og_title":"Masajes - Ammamel","og_description":"El masaje es una pr\u00e1ctica milenaria que ha evolucionado con el tiempo hasta convertirse en una forma popular de terapia y bienestar. El tacto amable es una forma hol\u00edstica y agradable de liberar la tensi\u00f3n muscular, calmar la mente y armonizar nuestro estado emocional.\u00a0 Desde las mujeres embarazadas y las [&hellip;]","og_url":"https:\/\/www.ammamel.com\/es\/masajes\/","og_site_name":"Ammamel","article_modified_time":"2024-04-29T05:59:53+00:00","og_image":[{"width":2560,"height":1707,"url":"https:\/\/www.ammamel.com\/wp-content\/uploads\/2024\/01\/Ammamel-Kobido-55-scaled.jpg","type":"image\/jpeg"}],"twitter_card":"summary_large_image","twitter_misc":{"Tiempo de lectura":"2 minutos"},"schema":{"@context":"https:\/\/schema.org","@graph":[{"@type":"WebPage","@id":"https:\/\/www.ammamel.com\/es\/masajes\/","url":"https:\/\/www.ammamel.com\/es\/masajes\/","name":"Masajes - Ammamel","isPartOf":{"@id":"https:\/\/www.ammamel.com\/es\/#website"},"datePublished":"2024-01-23T14:35:41+00:00","dateModified":"2024-04-29T05:59:53+00:00","breadcrumb":{"@id":"https:\/\/www.ammamel.com\/es\/masajes\/#breadcrumb"},"inLanguage":"es","potentialAction":[{"@type":"ReadAction","target":["https:\/\/www.ammamel.com\/es\/masajes\/"]}]},{"@type":"BreadcrumbList","@id":"https:\/\/www.ammamel.com\/es\/masajes\/#breadcrumb","itemListElement":[{"@type":"ListItem","position":1,"name":"Portada","item":"https:\/\/www.ammamel.com\/es\/"},{"@type":"ListItem","position":2,"name":"Masajes"}]},{"@type":"WebSite","@id":"https:\/\/www.ammamel.com\/es\/#website","url":"https:\/\/www.ammamel.com\/es\/","name":"AmmaMel Massages","description":"Shiatsu, Masaje Facial Kobido, Masaje Free-flow y Deep Tissue en Sant Joan d&#039;Alacant - Alicante","publisher":{"@id":"https:\/\/www.ammamel.com\/es\/#\/schema\/person\/e4947ec778736abb506432321b636130"},"potentialAction":[{"@type":"SearchAction","target":{"@type":"EntryPoint","urlTemplate":"https:\/\/www.ammamel.com\/es\/?s={search_term_string}"},"query-input":{"@type":"PropertyValueSpecification","valueRequired":true,"valueName":"search_term_string"}}],"inLanguage":"es"},{"@type":["Person","Organization"],"@id":"https:\/\/www.ammamel.com\/es\/#\/schema\/person\/e4947ec778736abb506432321b636130","name":"M\u00e9lanie Mongelli","image":{"@type":"ImageObject","inLanguage":"es","@id":"https:\/\/www.ammamel.com\/wp-content\/uploads\/2024\/01\/ammamel.png","url":"https:\/\/www.ammamel.com\/wp-content\/uploads\/2024\/01\/ammamel.png","contentUrl":"https:\/\/www.ammamel.com\/wp-content\/uploads\/2024\/01\/ammamel.png","width":600,"height":600,"caption":"M\u00e9lanie Mongelli"},"logo":{"@id":"https:\/\/www.ammamel.com\/wp-content\/uploads\/2024\/01\/ammamel.png"},"sameAs":["https:\/\/www.ammamel.com"]}]}},"_links":{"self":[{"href":"https:\/\/www.ammamel.com\/es\/wp-json\/wp\/v2\/pages\/6256","targetHints":{"allow":["GET"]}}],"collection":[{"href":"https:\/\/www.ammamel.com\/es\/wp-json\/wp\/v2\/pages"}],"about":[{"href":"https:\/\/www.ammamel.com\/es\/wp-json\/wp\/v2\/types\/page"}],"author":[{"embeddable":true,"href":"https:\/\/www.ammamel.com\/es\/wp-json\/wp\/v2\/users\/1"}],"replies":[{"embeddable":true,"href":"https:\/\/www.ammamel.com\/es\/wp-json\/wp\/v2\/comments?post=6256"}],"version-history":[{"count":16,"href":"https:\/\/www.ammamel.com\/es\/wp-json\/wp\/v2\/pages\/6256\/revisions"}],"predecessor-version":[{"id":6954,"href":"https:\/\/www.ammamel.com\/es\/wp-json\/wp\/v2\/pages\/6256\/revisions\/6954"}],"wp:attachment":[{"href":"https:\/\/www.ammamel.com\/es\/wp-json\/wp\/v2\/media?parent=6256"}],"curies":[{"name":"wp","href":"https:\/\/api.w.org\/{rel}","templated":true}]}}