{"id":5670,"date":"2019-09-28T19:04:52","date_gmt":"2019-09-28T19:04:52","guid":{"rendered":"https:\/\/www.ammamel.com\/about\/"},"modified":"2024-07-18T11:17:13","modified_gmt":"2024-07-18T11:17:13","slug":"sobre-mi","status":"publish","type":"page","link":"https:\/\/www.ammamel.com\/es\/sobre-mi\/","title":{"rendered":"\u00bfQui\u00e9n es AmmaMel?"},"content":{"rendered":"\n<p class=\"has-text-align-center\">Me llamo M\u00e9lanie y Amma significa \u00abcalmar con las manos\u00bb en japon\u00e9s.<\/p>\n\n\n\n<figure class=\"wp-block-image\"><img decoding=\"async\" src=\"https:\/\/www.ammamel.com\/wp-content\/uploads\/2024\/01\/Ammamel-Kobido-62-scaled.jpg\" alt=\"\"\/><\/figure>\n\n\n\n<p>Siempre he sido consciente de los beneficios naturales y preventivos de un estilo de vida equilibrado, as\u00ed que fue natural que decidiera formarme en tratamientos hol\u00edsticos energ\u00e9ticos, de belleza y relajaci\u00f3n para ofrecer el mejor apoyo posible a las personas que quieren vivir y envejecer bien tanto al nivel f\u00edsico, emocional como mental.<\/p>\n\n\n\n<p>Como masajista de belleza y bienestar natural, me comprometo a ofrecer a mis clientes una experiencia \u00fanica y personalizada, escuchando sus necesidades y adaptando mis tratamientos en funci\u00f3n de lo que desean y sobre todo, de seg\u00fan c\u00f3mo se sienten en ese momento.<\/p>\n\n\n\n<p>Mi objetivo es ayudarte a que se restablezcan tu armon\u00eda y equilibrio interiores y tu belleza natural.<\/p>\n\n\n\n<blockquote class=\"wp-block-quote is-layout-flow wp-block-quote-is-layout-flow\">\n<p>Cada persona es \u00fanica y cada sesi\u00f3n es un momento especial.<\/p>\n\n\n\n<p>Escuchando y prestando plena atenci\u00f3n, el masaje se crea en el momento.<\/p>\n<\/blockquote>\n\n\n\n<h2 class=\"wp-block-heading\">Mi espacio<\/h2>\n\n\n\n<p>Dise\u00f1ado a mi imagen y sensibilidad, es un <em>cocoon<\/em> \u00edntimo y tranquilo. Iluminaci\u00f3n tenue, silencio exterior, m\u00fasica suave cuidadosamente seleccionada, el delicado aroma de los aceites esenciales: todos los sentidos est\u00e1n estimulados sutilmente para crear una atm\u00f3sfera calmante y relajante. En este espacio seguro y respetuoso, podr\u00e1 tomarse un momento para s\u00ed mismo, recargar las pilas, dejarse llevar y desconectar del estr\u00e9s y las tensiones de la vida cotidiana. Es un remanso de paz donde el tiempo se detiene para dar a su cuerpo y mente un momento para relajarse y volver a conectar consigo mismo.<\/p>\n\n\n\n<figure class=\"wp-block-video aligncenter\"><video height=\"1920\" style=\"aspect-ratio: 1080 \/ 1920;\" width=\"1080\" autoplay loop muted src=\"https:\/\/www.ammamel.com\/wp-content\/uploads\/2024\/07\/Video-Salle-Ammamel.massages-2.webm\"><\/video><\/figure>\n\n\n\n<hr class=\"wp-block-separator has-alpha-channel-opacity\"\/>\n\n\n\n<p class=\"has-text-align-center\">Formada en masaje Kobido por Josep Lupion<\/p>\n\n\n\n<figure class=\"wp-block-image aligncenter size-full\"><a href=\"https:\/\/joseplupion.com\/\"><img decoding=\"async\" width=\"150\" height=\"150\" src=\"https:\/\/www.ammamel.com\/wp-content\/uploads\/2024\/04\/lupion.png\" alt=\"\" class=\"wp-image-6998\"\/><\/a><\/figure>\n\n\n\n<p class=\"has-text-align-center\">Formada por la escuela Shiatsu Aquitaine<\/p>\n\n\n\n<figure class=\"wp-block-image aligncenter size-full\"><img decoding=\"async\" width=\"125\" height=\"75\" src=\"https:\/\/www.ammamel.com\/wp-content\/uploads\/2024\/04\/shiatsu-aquitaine-1.png\" alt=\"\" class=\"wp-image-7004\"\/><\/figure>\n\n\n\n<p class=\"has-text-align-center\">Formada por la escuela Xavier Court de masaje Amma Sentado<\/p>\n\n\n\n<figure class=\"wp-block-image aligncenter\"><a href=\"https:\/\/www.xaviercourt.com\/\"><img decoding=\"async\" src=\"https:\/\/www.ammamel.com\/wp-content\/uploads\/2018\/08\/logo_249x116.png\" alt=\"Syndicat Professionnel de Shiatsu en Francia\"\/><\/a><\/figure>\n\n\n\n<p class=\"has-text-align-center\">Miembro del Syndicat Professionnel de Shiatsu en Francia<\/p>\n\n\n\n<figure class=\"wp-block-image aligncenter\"><a href=\"https:\/\/www.syndicat-shiatsu.fr\"><img decoding=\"async\" src=\"https:\/\/www.ammamel.com\/wp-content\/uploads\/2018\/07\/logo_spss_shiatsu-300x87.png\" alt=\"Syndicat Professionnel de Shiatsu en Francia\"\/><\/a><\/figure>\n","protected":false},"excerpt":{"rendered":"<p>Me llamo M\u00e9lanie y Amma significa \u00abcalmar con las manos\u00bb en japon\u00e9s. Siempre he sido consciente de los beneficios naturales y preventivos de un estilo de vida equilibrado, as\u00ed que fue natural que decidiera formarme en tratamientos hol\u00edsticos energ\u00e9ticos, de belleza y relajaci\u00f3n para ofrecer el mejor apoyo posible a [&hellip;]<\/p>\n","protected":false},"author":2,"featured_media":0,"parent":0,"menu_order":0,"comment_status":"closed","ping_status":"closed","template":"","meta":{"inspiro_page_layout":"narrow","inspiro_hide_title":false,"footnotes":""},"class_list":["post-5670","page","type-page","status-publish","hentry"],"yoast_head":"<!-- This site is optimized with the Yoast SEO plugin v27.4 - https:\/\/yoast.com\/product\/yoast-seo-wordpress\/ -->\n<title>\u00bfQui\u00e9n es AmmaMel? - Ammamel<\/title>\n<meta name=\"robots\" content=\"index, follow, max-snippet:-1, max-image-preview:large, max-video-preview:-1\" \/>\n<link rel=\"canonical\" href=\"https:\/\/www.ammamel.com\/es\/sobre-mi\/\" \/>\n<meta property=\"og:locale\" content=\"es_ES\" \/>\n<meta property=\"og:type\" content=\"article\" \/>\n<meta property=\"og:title\" content=\"\u00bfQui\u00e9n es AmmaMel? - Ammamel\" \/>\n<meta property=\"og:description\" content=\"Me llamo M\u00e9lanie y Amma significa \u00abcalmar con las manos\u00bb en japon\u00e9s. Siempre he sido consciente de los beneficios naturales y preventivos de un estilo de vida equilibrado, as\u00ed que fue natural que decidiera formarme en tratamientos hol\u00edsticos energ\u00e9ticos, de belleza y relajaci\u00f3n para ofrecer el mejor apoyo posible a [&hellip;]\" \/>\n<meta property=\"og:url\" content=\"https:\/\/www.ammamel.com\/es\/sobre-mi\/\" \/>\n<meta property=\"og:site_name\" content=\"Ammamel\" \/>\n<meta property=\"article:modified_time\" content=\"2024-07-18T11:17:13+00:00\" \/>\n<meta property=\"og:image\" content=\"https:\/\/www.ammamel.com\/wp-content\/uploads\/2024\/01\/Ammamel-Kobido-62-scaled.jpg\" \/>\n<meta name=\"twitter:card\" content=\"summary_large_image\" \/>\n<script type=\"application\/ld+json\" class=\"yoast-schema-graph\">{\"@context\":\"https:\\\/\\\/schema.org\",\"@graph\":[{\"@type\":\"WebPage\",\"@id\":\"https:\\\/\\\/www.ammamel.com\\\/es\\\/sobre-mi\\\/\",\"url\":\"https:\\\/\\\/www.ammamel.com\\\/es\\\/sobre-mi\\\/\",\"name\":\"\u00bfQui\u00e9n es AmmaMel? - Ammamel\",\"isPartOf\":{\"@id\":\"https:\\\/\\\/www.ammamel.com\\\/es\\\/#website\"},\"primaryImageOfPage\":{\"@id\":\"https:\\\/\\\/www.ammamel.com\\\/es\\\/sobre-mi\\\/#primaryimage\"},\"image\":{\"@id\":\"https:\\\/\\\/www.ammamel.com\\\/es\\\/sobre-mi\\\/#primaryimage\"},\"thumbnailUrl\":\"https:\\\/\\\/www.ammamel.com\\\/wp-content\\\/uploads\\\/2024\\\/01\\\/Ammamel-Kobido-62-scaled.jpg\",\"datePublished\":\"2019-09-28T19:04:52+00:00\",\"dateModified\":\"2024-07-18T11:17:13+00:00\",\"breadcrumb\":{\"@id\":\"https:\\\/\\\/www.ammamel.com\\\/es\\\/sobre-mi\\\/#breadcrumb\"},\"inLanguage\":\"es\",\"potentialAction\":[{\"@type\":\"ReadAction\",\"target\":[\"https:\\\/\\\/www.ammamel.com\\\/es\\\/sobre-mi\\\/\"]}]},{\"@type\":\"ImageObject\",\"inLanguage\":\"es\",\"@id\":\"https:\\\/\\\/www.ammamel.com\\\/es\\\/sobre-mi\\\/#primaryimage\",\"url\":\"https:\\\/\\\/www.ammamel.com\\\/wp-content\\\/uploads\\\/2024\\\/01\\\/Ammamel-Kobido-62-scaled.jpg\",\"contentUrl\":\"https:\\\/\\\/www.ammamel.com\\\/wp-content\\\/uploads\\\/2024\\\/01\\\/Ammamel-Kobido-62-scaled.jpg\"},{\"@type\":\"BreadcrumbList\",\"@id\":\"https:\\\/\\\/www.ammamel.com\\\/es\\\/sobre-mi\\\/#breadcrumb\",\"itemListElement\":[{\"@type\":\"ListItem\",\"position\":1,\"name\":\"Portada\",\"item\":\"https:\\\/\\\/www.ammamel.com\\\/es\\\/\"},{\"@type\":\"ListItem\",\"position\":2,\"name\":\"\u00bfQui\u00e9n es AmmaMel?\"}]},{\"@type\":\"WebSite\",\"@id\":\"https:\\\/\\\/www.ammamel.com\\\/es\\\/#website\",\"url\":\"https:\\\/\\\/www.ammamel.com\\\/es\\\/\",\"name\":\"AmmaMel Massages\",\"description\":\"Shiatsu, Masaje Facial Kobido, Masaje Free-flow y Deep Tissue en Sant Joan d&#039;Alacant - Alicante\",\"publisher\":{\"@id\":\"https:\\\/\\\/www.ammamel.com\\\/es\\\/#\\\/schema\\\/person\\\/e4947ec778736abb506432321b636130\"},\"potentialAction\":[{\"@type\":\"SearchAction\",\"target\":{\"@type\":\"EntryPoint\",\"urlTemplate\":\"https:\\\/\\\/www.ammamel.com\\\/es\\\/?s={search_term_string}\"},\"query-input\":{\"@type\":\"PropertyValueSpecification\",\"valueRequired\":true,\"valueName\":\"search_term_string\"}}],\"inLanguage\":\"es\"},{\"@type\":[\"Person\",\"Organization\"],\"@id\":\"https:\\\/\\\/www.ammamel.com\\\/es\\\/#\\\/schema\\\/person\\\/e4947ec778736abb506432321b636130\",\"name\":\"M\u00e9lanie Mongelli\",\"image\":{\"@type\":\"ImageObject\",\"inLanguage\":\"es\",\"@id\":\"https:\\\/\\\/www.ammamel.com\\\/wp-content\\\/uploads\\\/2024\\\/01\\\/ammamel.png\",\"url\":\"https:\\\/\\\/www.ammamel.com\\\/wp-content\\\/uploads\\\/2024\\\/01\\\/ammamel.png\",\"contentUrl\":\"https:\\\/\\\/www.ammamel.com\\\/wp-content\\\/uploads\\\/2024\\\/01\\\/ammamel.png\",\"width\":600,\"height\":600,\"caption\":\"M\u00e9lanie Mongelli\"},\"logo\":{\"@id\":\"https:\\\/\\\/www.ammamel.com\\\/wp-content\\\/uploads\\\/2024\\\/01\\\/ammamel.png\"},\"sameAs\":[\"https:\\\/\\\/www.ammamel.com\"]}]}<\/script>\n<!-- \/ Yoast SEO plugin. -->","yoast_head_json":{"title":"\u00bfQui\u00e9n es AmmaMel? - Ammamel","robots":{"index":"index","follow":"follow","max-snippet":"max-snippet:-1","max-image-preview":"max-image-preview:large","max-video-preview":"max-video-preview:-1"},"canonical":"https:\/\/www.ammamel.com\/es\/sobre-mi\/","og_locale":"es_ES","og_type":"article","og_title":"\u00bfQui\u00e9n es AmmaMel? - Ammamel","og_description":"Me llamo M\u00e9lanie y Amma significa \u00abcalmar con las manos\u00bb en japon\u00e9s. Siempre he sido consciente de los beneficios naturales y preventivos de un estilo de vida equilibrado, as\u00ed que fue natural que decidiera formarme en tratamientos hol\u00edsticos energ\u00e9ticos, de belleza y relajaci\u00f3n para ofrecer el mejor apoyo posible a [&hellip;]","og_url":"https:\/\/www.ammamel.com\/es\/sobre-mi\/","og_site_name":"Ammamel","article_modified_time":"2024-07-18T11:17:13+00:00","og_image":[{"url":"https:\/\/www.ammamel.com\/wp-content\/uploads\/2024\/01\/Ammamel-Kobido-62-scaled.jpg","type":"","width":"","height":""}],"twitter_card":"summary_large_image","schema":{"@context":"https:\/\/schema.org","@graph":[{"@type":"WebPage","@id":"https:\/\/www.ammamel.com\/es\/sobre-mi\/","url":"https:\/\/www.ammamel.com\/es\/sobre-mi\/","name":"\u00bfQui\u00e9n es AmmaMel? - Ammamel","isPartOf":{"@id":"https:\/\/www.ammamel.com\/es\/#website"},"primaryImageOfPage":{"@id":"https:\/\/www.ammamel.com\/es\/sobre-mi\/#primaryimage"},"image":{"@id":"https:\/\/www.ammamel.com\/es\/sobre-mi\/#primaryimage"},"thumbnailUrl":"https:\/\/www.ammamel.com\/wp-content\/uploads\/2024\/01\/Ammamel-Kobido-62-scaled.jpg","datePublished":"2019-09-28T19:04:52+00:00","dateModified":"2024-07-18T11:17:13+00:00","breadcrumb":{"@id":"https:\/\/www.ammamel.com\/es\/sobre-mi\/#breadcrumb"},"inLanguage":"es","potentialAction":[{"@type":"ReadAction","target":["https:\/\/www.ammamel.com\/es\/sobre-mi\/"]}]},{"@type":"ImageObject","inLanguage":"es","@id":"https:\/\/www.ammamel.com\/es\/sobre-mi\/#primaryimage","url":"https:\/\/www.ammamel.com\/wp-content\/uploads\/2024\/01\/Ammamel-Kobido-62-scaled.jpg","contentUrl":"https:\/\/www.ammamel.com\/wp-content\/uploads\/2024\/01\/Ammamel-Kobido-62-scaled.jpg"},{"@type":"BreadcrumbList","@id":"https:\/\/www.ammamel.com\/es\/sobre-mi\/#breadcrumb","itemListElement":[{"@type":"ListItem","position":1,"name":"Portada","item":"https:\/\/www.ammamel.com\/es\/"},{"@type":"ListItem","position":2,"name":"\u00bfQui\u00e9n es AmmaMel?"}]},{"@type":"WebSite","@id":"https:\/\/www.ammamel.com\/es\/#website","url":"https:\/\/www.ammamel.com\/es\/","name":"AmmaMel Massages","description":"Shiatsu, Masaje Facial Kobido, Masaje Free-flow y Deep Tissue en Sant Joan d&#039;Alacant - Alicante","publisher":{"@id":"https:\/\/www.ammamel.com\/es\/#\/schema\/person\/e4947ec778736abb506432321b636130"},"potentialAction":[{"@type":"SearchAction","target":{"@type":"EntryPoint","urlTemplate":"https:\/\/www.ammamel.com\/es\/?s={search_term_string}"},"query-input":{"@type":"PropertyValueSpecification","valueRequired":true,"valueName":"search_term_string"}}],"inLanguage":"es"},{"@type":["Person","Organization"],"@id":"https:\/\/www.ammamel.com\/es\/#\/schema\/person\/e4947ec778736abb506432321b636130","name":"M\u00e9lanie Mongelli","image":{"@type":"ImageObject","inLanguage":"es","@id":"https:\/\/www.ammamel.com\/wp-content\/uploads\/2024\/01\/ammamel.png","url":"https:\/\/www.ammamel.com\/wp-content\/uploads\/2024\/01\/ammamel.png","contentUrl":"https:\/\/www.ammamel.com\/wp-content\/uploads\/2024\/01\/ammamel.png","width":600,"height":600,"caption":"M\u00e9lanie Mongelli"},"logo":{"@id":"https:\/\/www.ammamel.com\/wp-content\/uploads\/2024\/01\/ammamel.png"},"sameAs":["https:\/\/www.ammamel.com"]}]}},"_links":{"self":[{"href":"https:\/\/www.ammamel.com\/es\/wp-json\/wp\/v2\/pages\/5670","targetHints":{"allow":["GET"]}}],"collection":[{"href":"https:\/\/www.ammamel.com\/es\/wp-json\/wp\/v2\/pages"}],"about":[{"href":"https:\/\/www.ammamel.com\/es\/wp-json\/wp\/v2\/types\/page"}],"author":[{"embeddable":true,"href":"https:\/\/www.ammamel.com\/es\/wp-json\/wp\/v2\/users\/2"}],"replies":[{"embeddable":true,"href":"https:\/\/www.ammamel.com\/es\/wp-json\/wp\/v2\/comments?post=5670"}],"version-history":[{"count":15,"href":"https:\/\/www.ammamel.com\/es\/wp-json\/wp\/v2\/pages\/5670\/revisions"}],"predecessor-version":[{"id":7118,"href":"https:\/\/www.ammamel.com\/es\/wp-json\/wp\/v2\/pages\/5670\/revisions\/7118"}],"wp:attachment":[{"href":"https:\/\/www.ammamel.com\/es\/wp-json\/wp\/v2\/media?parent=5670"}],"curies":[{"name":"wp","href":"https:\/\/api.w.org\/{rel}","templated":true}]}}