{"id":479,"date":"2018-09-05T14:06:32","date_gmt":"2018-09-05T14:06:32","guid":{"rendered":"https:\/\/www.ammamel.com\/?page_id=479"},"modified":"2024-04-27T04:13:01","modified_gmt":"2024-04-27T04:13:01","slug":"masaje-amma-sentado-en-empresa","status":"publish","type":"page","link":"https:\/\/www.ammamel.com\/es\/masaje-amma-sentado-en-empresa\/","title":{"rendered":"Masaje Amma Sentado en empresa"},"content":{"rendered":"\n<hr class=\"wp-block-separator has-css-opacity\"\/>\n\n\n\n<p>Este masaje de origen japon\u00e9s fue adaptado a una silla ergon\u00f3mica por el estadounidense David Palmer para aliviar las tensiones musculares de los ingenieros de Silicon Valley debida a una postura sentada prolongada frente a un ordenador as\u00ed como el estr\u00e9s y la presi\u00f3n acumulados por responsabilidades, etc.<\/p>\n\n\n\n<p>Se trata de una secuencia r\u00e1pida, eficaz y energ\u00e9tica que permite al empleado dejar su puesto de trabajo solo un breve espacio de tiempo, con beneficios f\u00edsicos y mentales inmediatos.\u00a0<\/p>\n\n\n\n<p>Tanto si se implementa como un servicio de pago o como una recompensa (objetivos a alcanzar, mejores empleados, regalos de incentivo o Navidad, por ejemplo) este masaje tendr\u00e1, de todas las formas, un impacto beneficioso en la imagen de tu empresa, su productividad y la vida laboral de tus empleados.&nbsp;<\/p>\n\n\n\n<p>Tambi\u00e9n, se puede ofrecer a clientes o colaboradores en eventos, visitas, etc. como una atenci\u00f3n sana y agradable.<\/p>\n\n\n\n<h2 class=\"wp-block-heading\">\u00bfCu\u00e1les son los beneficios para tu empleado o cliente?<\/h2>\n\n\n\n<ul class=\"wp-block-list\">\n<li>Permite una descontracturaci\u00f3n r\u00e1pida y eficiente de toda la espalda, trapecios y cuello.<\/li>\n\n\n\n<li>Ayuda a la relajaci\u00f3n mental, y eliminaci\u00f3n del estr\u00e9s.<\/li>\n\n\n\n<li>Procura mucha energ\u00eda: con percusiones, estiramientos, presiones y vibraciones, y trabajando sobre puntos y meridianos energ\u00e9ticos, que procura mucha vitalidad, y permite seguir trabajando completamente descansado pero no aplatanado.<\/li>\n<\/ul>\n\n\n\n<h2 class=\"wp-block-heading\">\u00bfCu\u00e1les son los beneficios para su empresa y su imagen?<\/h2>\n\n\n\n<ul class=\"wp-block-list\">\n<li>Es un masaje f\u00e1cil de integrar. Todo lo que se necesita es un espacio de unos 5 m\u00b2, como una peque\u00f1a sala de reuniones. No hace falta desnudarse, descalzarse ni desmaquillarse.<\/li>\n\n\n\n<li>Es un masaje \u00abde escaparate\u00bb: de corta duraci\u00f3n, con la cara de la persona en la cabecera de la silla, tampoco se necesita intimidad y se puede ofrecer en eventos como ferias u otros lugares p\u00fablicos al aire libre.\u00a0<\/li>\n\n\n\n<li>Da una imagen positiva de tu empresa: saludable, demostrando su preocupaci\u00f3n por el bienestar de sus empleados en el trabajo.<\/li>\n<\/ul>\n\n\n\n<p>Si quieres m\u00e1s informaci\u00f3n sobre el masaje amma sentado para empresas, puedes contactar al n\u00famero <a href=\"https:\/\/wa.me\/33681083024\" target=\"_blank\" rel=\"noreferrer noopener\">643697981<\/a> (tambi\u00e9n por WhatsApp) o por el\u00a0<a href=\"https:\/\/www.ammamel.com\/contacto\/\">formulario de contacto<\/a>.<\/p>\n\n\n\n<h2 class=\"wp-block-heading\">El masaje Amma Sentado en acci\u00f3n<\/h2>\n\n\n\n<hr class=\"wp-block-separator has-css-opacity\"\/>\n\n\n\n<figure class=\"wp-block-video\"><video height=\"720\" style=\"aspect-ratio: 1280 \/ 720;\" width=\"1280\" controls src=\"https:\/\/www.ammamel.com\/wp-content\/uploads\/2018\/09\/20180913_165523-2.mp4\"><\/video><\/figure>\n\n\n\n<hr class=\"wp-block-separator has-css-opacity\"\/>\n\n\n\n<h4 class=\"wp-block-heading\"><br><\/h4>\n","protected":false},"excerpt":{"rendered":"<p>Este masaje de origen japon\u00e9s fue adaptado a una silla ergon\u00f3mica por el estadounidense David Palmer para aliviar las tensiones musculares de los ingenieros de Silicon Valley debida a una postura sentada prolongada frente a un ordenador as\u00ed como el estr\u00e9s y la presi\u00f3n acumulados por responsabilidades, etc. Se trata [&hellip;]<\/p>\n","protected":false},"author":2,"featured_media":485,"parent":0,"menu_order":0,"comment_status":"closed","ping_status":"closed","template":"","meta":{"inspiro_page_layout":"narrow","inspiro_hide_title":false,"footnotes":""},"class_list":["post-479","page","type-page","status-publish","has-post-thumbnail","hentry"],"yoast_head":"<!-- This site is optimized with the Yoast SEO plugin v27.4 - https:\/\/yoast.com\/product\/yoast-seo-wordpress\/ -->\n<title>Masaje Amma Sentado en empresa - Ammamel<\/title>\n<meta name=\"description\" content=\"El masaje Amma sentado es una soluci\u00f3n para luchar contra el estr\u00e9s, las tensiones nerviosas y para reducir tensiones musculoesquel\u00e9ticas debidas al trabajo.\" \/>\n<meta name=\"robots\" content=\"index, follow, max-snippet:-1, max-image-preview:large, max-video-preview:-1\" \/>\n<link rel=\"canonical\" href=\"https:\/\/www.ammamel.com\/es\/masaje-amma-sentado-en-empresa\/\" \/>\n<meta property=\"og:locale\" content=\"es_ES\" \/>\n<meta property=\"og:type\" content=\"article\" \/>\n<meta property=\"og:title\" content=\"Masaje Amma Sentado en empresa - Ammamel\" \/>\n<meta property=\"og:description\" content=\"El masaje Amma sentado es una soluci\u00f3n para luchar contra el estr\u00e9s, las tensiones nerviosas y para reducir tensiones musculoesquel\u00e9ticas debidas al trabajo.\" \/>\n<meta property=\"og:url\" content=\"https:\/\/www.ammamel.com\/es\/masaje-amma-sentado-en-empresa\/\" \/>\n<meta property=\"og:site_name\" content=\"Ammamel\" \/>\n<meta property=\"article:modified_time\" content=\"2024-04-27T04:13:01+00:00\" \/>\n<meta property=\"og:image\" content=\"https:\/\/www.ammamel.com\/wp-content\/uploads\/2018\/09\/20180913_165510.jpg\" \/>\n\t<meta property=\"og:image:width\" content=\"4032\" \/>\n\t<meta property=\"og:image:height\" content=\"2268\" \/>\n\t<meta property=\"og:image:type\" content=\"image\/jpeg\" \/>\n<meta name=\"twitter:card\" content=\"summary_large_image\" \/>\n<meta name=\"twitter:label1\" content=\"Tiempo de lectura\" \/>\n\t<meta name=\"twitter:data1\" content=\"2 minutos\" \/>\n<script type=\"application\/ld+json\" class=\"yoast-schema-graph\">{\"@context\":\"https:\\\/\\\/schema.org\",\"@graph\":[{\"@type\":\"WebPage\",\"@id\":\"https:\\\/\\\/www.ammamel.com\\\/es\\\/masaje-amma-sentado-en-empresa\\\/\",\"url\":\"https:\\\/\\\/www.ammamel.com\\\/es\\\/masaje-amma-sentado-en-empresa\\\/\",\"name\":\"Masaje Amma Sentado en empresa - Ammamel\",\"isPartOf\":{\"@id\":\"https:\\\/\\\/www.ammamel.com\\\/es\\\/#website\"},\"primaryImageOfPage\":{\"@id\":\"https:\\\/\\\/www.ammamel.com\\\/es\\\/masaje-amma-sentado-en-empresa\\\/#primaryimage\"},\"image\":{\"@id\":\"https:\\\/\\\/www.ammamel.com\\\/es\\\/masaje-amma-sentado-en-empresa\\\/#primaryimage\"},\"thumbnailUrl\":\"https:\\\/\\\/www.ammamel.com\\\/wp-content\\\/uploads\\\/2018\\\/09\\\/20180913_165510.jpg\",\"datePublished\":\"2018-09-05T14:06:32+00:00\",\"dateModified\":\"2024-04-27T04:13:01+00:00\",\"description\":\"El masaje Amma sentado es una soluci\u00f3n para luchar contra el estr\u00e9s, las tensiones nerviosas y para reducir tensiones musculoesquel\u00e9ticas debidas al trabajo.\",\"breadcrumb\":{\"@id\":\"https:\\\/\\\/www.ammamel.com\\\/es\\\/masaje-amma-sentado-en-empresa\\\/#breadcrumb\"},\"inLanguage\":\"es\",\"potentialAction\":[{\"@type\":\"ReadAction\",\"target\":[\"https:\\\/\\\/www.ammamel.com\\\/es\\\/masaje-amma-sentado-en-empresa\\\/\"]}]},{\"@type\":\"ImageObject\",\"inLanguage\":\"es\",\"@id\":\"https:\\\/\\\/www.ammamel.com\\\/es\\\/masaje-amma-sentado-en-empresa\\\/#primaryimage\",\"url\":\"https:\\\/\\\/www.ammamel.com\\\/wp-content\\\/uploads\\\/2018\\\/09\\\/20180913_165510.jpg\",\"contentUrl\":\"https:\\\/\\\/www.ammamel.com\\\/wp-content\\\/uploads\\\/2018\\\/09\\\/20180913_165510.jpg\",\"width\":4032,\"height\":2268},{\"@type\":\"BreadcrumbList\",\"@id\":\"https:\\\/\\\/www.ammamel.com\\\/es\\\/masaje-amma-sentado-en-empresa\\\/#breadcrumb\",\"itemListElement\":[{\"@type\":\"ListItem\",\"position\":1,\"name\":\"Portada\",\"item\":\"https:\\\/\\\/www.ammamel.com\\\/es\\\/\"},{\"@type\":\"ListItem\",\"position\":2,\"name\":\"Masaje Amma Sentado en empresa\"}]},{\"@type\":\"WebSite\",\"@id\":\"https:\\\/\\\/www.ammamel.com\\\/es\\\/#website\",\"url\":\"https:\\\/\\\/www.ammamel.com\\\/es\\\/\",\"name\":\"AmmaMel Massages\",\"description\":\"Shiatsu, Masaje Facial Kobido, Masaje Free-flow y Deep Tissue en Sant Joan d&#039;Alacant - Alicante\",\"publisher\":{\"@id\":\"https:\\\/\\\/www.ammamel.com\\\/es\\\/#\\\/schema\\\/person\\\/e4947ec778736abb506432321b636130\"},\"potentialAction\":[{\"@type\":\"SearchAction\",\"target\":{\"@type\":\"EntryPoint\",\"urlTemplate\":\"https:\\\/\\\/www.ammamel.com\\\/es\\\/?s={search_term_string}\"},\"query-input\":{\"@type\":\"PropertyValueSpecification\",\"valueRequired\":true,\"valueName\":\"search_term_string\"}}],\"inLanguage\":\"es\"},{\"@type\":[\"Person\",\"Organization\"],\"@id\":\"https:\\\/\\\/www.ammamel.com\\\/es\\\/#\\\/schema\\\/person\\\/e4947ec778736abb506432321b636130\",\"name\":\"M\u00e9lanie Mongelli\",\"image\":{\"@type\":\"ImageObject\",\"inLanguage\":\"es\",\"@id\":\"https:\\\/\\\/www.ammamel.com\\\/wp-content\\\/uploads\\\/2024\\\/01\\\/ammamel.png\",\"url\":\"https:\\\/\\\/www.ammamel.com\\\/wp-content\\\/uploads\\\/2024\\\/01\\\/ammamel.png\",\"contentUrl\":\"https:\\\/\\\/www.ammamel.com\\\/wp-content\\\/uploads\\\/2024\\\/01\\\/ammamel.png\",\"width\":600,\"height\":600,\"caption\":\"M\u00e9lanie Mongelli\"},\"logo\":{\"@id\":\"https:\\\/\\\/www.ammamel.com\\\/wp-content\\\/uploads\\\/2024\\\/01\\\/ammamel.png\"},\"sameAs\":[\"https:\\\/\\\/www.ammamel.com\"]}]}<\/script>\n<!-- \/ Yoast SEO plugin. -->","yoast_head_json":{"title":"Masaje Amma Sentado en empresa - Ammamel","description":"El masaje Amma sentado es una soluci\u00f3n para luchar contra el estr\u00e9s, las tensiones nerviosas y para reducir tensiones musculoesquel\u00e9ticas debidas al trabajo.","robots":{"index":"index","follow":"follow","max-snippet":"max-snippet:-1","max-image-preview":"max-image-preview:large","max-video-preview":"max-video-preview:-1"},"canonical":"https:\/\/www.ammamel.com\/es\/masaje-amma-sentado-en-empresa\/","og_locale":"es_ES","og_type":"article","og_title":"Masaje Amma Sentado en empresa - Ammamel","og_description":"El masaje Amma sentado es una soluci\u00f3n para luchar contra el estr\u00e9s, las tensiones nerviosas y para reducir tensiones musculoesquel\u00e9ticas debidas al trabajo.","og_url":"https:\/\/www.ammamel.com\/es\/masaje-amma-sentado-en-empresa\/","og_site_name":"Ammamel","article_modified_time":"2024-04-27T04:13:01+00:00","og_image":[{"width":4032,"height":2268,"url":"https:\/\/www.ammamel.com\/wp-content\/uploads\/2018\/09\/20180913_165510.jpg","type":"image\/jpeg"}],"twitter_card":"summary_large_image","twitter_misc":{"Tiempo de lectura":"2 minutos"},"schema":{"@context":"https:\/\/schema.org","@graph":[{"@type":"WebPage","@id":"https:\/\/www.ammamel.com\/es\/masaje-amma-sentado-en-empresa\/","url":"https:\/\/www.ammamel.com\/es\/masaje-amma-sentado-en-empresa\/","name":"Masaje Amma Sentado en empresa - Ammamel","isPartOf":{"@id":"https:\/\/www.ammamel.com\/es\/#website"},"primaryImageOfPage":{"@id":"https:\/\/www.ammamel.com\/es\/masaje-amma-sentado-en-empresa\/#primaryimage"},"image":{"@id":"https:\/\/www.ammamel.com\/es\/masaje-amma-sentado-en-empresa\/#primaryimage"},"thumbnailUrl":"https:\/\/www.ammamel.com\/wp-content\/uploads\/2018\/09\/20180913_165510.jpg","datePublished":"2018-09-05T14:06:32+00:00","dateModified":"2024-04-27T04:13:01+00:00","description":"El masaje Amma sentado es una soluci\u00f3n para luchar contra el estr\u00e9s, las tensiones nerviosas y para reducir tensiones musculoesquel\u00e9ticas debidas al trabajo.","breadcrumb":{"@id":"https:\/\/www.ammamel.com\/es\/masaje-amma-sentado-en-empresa\/#breadcrumb"},"inLanguage":"es","potentialAction":[{"@type":"ReadAction","target":["https:\/\/www.ammamel.com\/es\/masaje-amma-sentado-en-empresa\/"]}]},{"@type":"ImageObject","inLanguage":"es","@id":"https:\/\/www.ammamel.com\/es\/masaje-amma-sentado-en-empresa\/#primaryimage","url":"https:\/\/www.ammamel.com\/wp-content\/uploads\/2018\/09\/20180913_165510.jpg","contentUrl":"https:\/\/www.ammamel.com\/wp-content\/uploads\/2018\/09\/20180913_165510.jpg","width":4032,"height":2268},{"@type":"BreadcrumbList","@id":"https:\/\/www.ammamel.com\/es\/masaje-amma-sentado-en-empresa\/#breadcrumb","itemListElement":[{"@type":"ListItem","position":1,"name":"Portada","item":"https:\/\/www.ammamel.com\/es\/"},{"@type":"ListItem","position":2,"name":"Masaje Amma Sentado en empresa"}]},{"@type":"WebSite","@id":"https:\/\/www.ammamel.com\/es\/#website","url":"https:\/\/www.ammamel.com\/es\/","name":"AmmaMel Massages","description":"Shiatsu, Masaje Facial Kobido, Masaje Free-flow y Deep Tissue en Sant Joan d&#039;Alacant - Alicante","publisher":{"@id":"https:\/\/www.ammamel.com\/es\/#\/schema\/person\/e4947ec778736abb506432321b636130"},"potentialAction":[{"@type":"SearchAction","target":{"@type":"EntryPoint","urlTemplate":"https:\/\/www.ammamel.com\/es\/?s={search_term_string}"},"query-input":{"@type":"PropertyValueSpecification","valueRequired":true,"valueName":"search_term_string"}}],"inLanguage":"es"},{"@type":["Person","Organization"],"@id":"https:\/\/www.ammamel.com\/es\/#\/schema\/person\/e4947ec778736abb506432321b636130","name":"M\u00e9lanie Mongelli","image":{"@type":"ImageObject","inLanguage":"es","@id":"https:\/\/www.ammamel.com\/wp-content\/uploads\/2024\/01\/ammamel.png","url":"https:\/\/www.ammamel.com\/wp-content\/uploads\/2024\/01\/ammamel.png","contentUrl":"https:\/\/www.ammamel.com\/wp-content\/uploads\/2024\/01\/ammamel.png","width":600,"height":600,"caption":"M\u00e9lanie Mongelli"},"logo":{"@id":"https:\/\/www.ammamel.com\/wp-content\/uploads\/2024\/01\/ammamel.png"},"sameAs":["https:\/\/www.ammamel.com"]}]}},"_links":{"self":[{"href":"https:\/\/www.ammamel.com\/es\/wp-json\/wp\/v2\/pages\/479","targetHints":{"allow":["GET"]}}],"collection":[{"href":"https:\/\/www.ammamel.com\/es\/wp-json\/wp\/v2\/pages"}],"about":[{"href":"https:\/\/www.ammamel.com\/es\/wp-json\/wp\/v2\/types\/page"}],"author":[{"embeddable":true,"href":"https:\/\/www.ammamel.com\/es\/wp-json\/wp\/v2\/users\/2"}],"replies":[{"embeddable":true,"href":"https:\/\/www.ammamel.com\/es\/wp-json\/wp\/v2\/comments?post=479"}],"version-history":[{"count":7,"href":"https:\/\/www.ammamel.com\/es\/wp-json\/wp\/v2\/pages\/479\/revisions"}],"predecessor-version":[{"id":6921,"href":"https:\/\/www.ammamel.com\/es\/wp-json\/wp\/v2\/pages\/479\/revisions\/6921"}],"wp:featuredmedia":[{"embeddable":true,"href":"https:\/\/www.ammamel.com\/es\/wp-json\/wp\/v2\/media\/485"}],"wp:attachment":[{"href":"https:\/\/www.ammamel.com\/es\/wp-json\/wp\/v2\/media?parent=479"}],"curies":[{"name":"wp","href":"https:\/\/api.w.org\/{rel}","templated":true}]}}