{"id":129,"date":"2018-05-14T13:10:28","date_gmt":"2018-05-14T13:10:28","guid":{"rendered":"https:\/\/www.ammamel.com\/?page_id=129"},"modified":"2024-04-23T04:23:41","modified_gmt":"2024-04-23T04:23:41","slug":"masaje-corporal-freeflow","status":"publish","type":"page","link":"https:\/\/www.ammamel.com\/es\/masaje-corporal-freeflow\/","title":{"rendered":"Masaje Corporal FreeFlow"},"content":{"rendered":"\t\t<div data-elementor-type=\"wp-page\" data-elementor-id=\"129\" class=\"elementor elementor-129\">\n\t\t\t\t\t\t<section class=\"elementor-section elementor-top-section elementor-element elementor-element-bc4959c elementor-section-boxed elementor-section-height-default elementor-section-height-default\" data-id=\"bc4959c\" data-element_type=\"section\" data-e-type=\"section\">\n\t\t\t\t\t\t<div class=\"elementor-container elementor-column-gap-default\">\n\t\t\t\t\t<div class=\"elementor-column elementor-col-100 elementor-top-column elementor-element elementor-element-6cca8b4\" data-id=\"6cca8b4\" data-element_type=\"column\" data-e-type=\"column\">\n\t\t\t<div class=\"elementor-widget-wrap elementor-element-populated\">\n\t\t\t\t\t\t<div class=\"elementor-element elementor-element-f8cd15c elementor-widget elementor-widget-text-editor\" data-id=\"f8cd15c\" data-element_type=\"widget\" data-e-type=\"widget\" data-widget_type=\"text-editor.default\">\n\t\t\t\t<div class=\"elementor-widget-container\">\n\t\t\t\t\t\t\t\t\t<p>El masaje Corporal FreeFlow, \u00bfqu\u00e9 es? Es un\u00a0 masaje alianza de pasos precisos de masajes descontracturantes (como el Deep Tissue, t\u00e9cnicas de osteopat\u00eda\u2026), relajante con t\u00e9cnicas del masaje sueco y otros masajes orientales como el Shiatsu, Amma y Kobido, hasta un\u00a0 trabajo de las fascias en biodin\u00e1mica, que es sutil, pero nos permite llegar a dolores y bloqueos profundos.<\/p><p>\u00abFreeFlow\u00bb significa que est\u00e1 adaptado al estado f\u00edsico y mental de la persona en el momento del encuentro, respetando su necesidad. Doy mucha importancia al dejar fluir y permitir que se cree una comuni\u00f3n entre las dos energ\u00edas, en el momento presente.<\/p><blockquote><p><b><i>Para cada persona, y cada momento, se crea un masaje \u00fanico<\/i><\/b><\/p><\/blockquote><p>El masaje se hace con aceite natural vegetal, en camilla. Propongo sesiones de 60 o 90 minutos.<\/p><p>Se practica sobre todo el cuerpo, excepto las partes sexuales (en ning\u00fan momento es un masaje t\u00e1ntrico o er\u00f3tico).<\/p>\t\t\t\t\t\t\t\t<\/div>\n\t\t\t\t<\/div>\n\t\t\t\t\t<\/div>\n\t\t<\/div>\n\t\t\t\t\t<\/div>\n\t\t<\/section>\n\t\t\t\t<section class=\"elementor-section elementor-top-section elementor-element elementor-element-a6bd345 elementor-section-boxed elementor-section-height-default elementor-section-height-default\" data-id=\"a6bd345\" data-element_type=\"section\" data-e-type=\"section\">\n\t\t\t\t\t\t<div class=\"elementor-container elementor-column-gap-default\">\n\t\t\t\t\t<div class=\"elementor-column elementor-col-100 elementor-top-column elementor-element elementor-element-121fb63\" data-id=\"121fb63\" data-element_type=\"column\" data-e-type=\"column\">\n\t\t\t<div class=\"elementor-widget-wrap elementor-element-populated\">\n\t\t\t\t\t\t<div class=\"elementor-element elementor-element-369b52f elementor-widget elementor-widget-video\" data-id=\"369b52f\" data-element_type=\"widget\" data-e-type=\"widget\" data-settings=\"{&quot;video_type&quot;:&quot;hosted&quot;,&quot;controls&quot;:&quot;yes&quot;}\" data-widget_type=\"video.default\">\n\t\t\t\t<div class=\"elementor-widget-container\">\n\t\t\t\t\t\t\t<div class=\"e-hosted-video elementor-wrapper elementor-open-inline\">\n\t\t\t\t\t<video class=\"elementor-video\" src=\"https:\/\/www.ammamel.com\/wp-content\/uploads\/2024\/04\/AMMAMEL-MASAJE-CORPORAL.mp4\" controls=\"\" preload=\"metadata\" controlsList=\"nodownload\"><\/video>\n\t\t\t\t<\/div>\n\t\t\t\t\t\t<\/div>\n\t\t\t\t<\/div>\n\t\t\t\t\t<\/div>\n\t\t<\/div>\n\t\t\t\t\t<\/div>\n\t\t<\/section>\n\t\t\t\t<section class=\"elementor-section elementor-top-section elementor-element elementor-element-e909a34 elementor-section-boxed elementor-section-height-default elementor-section-height-default\" data-id=\"e909a34\" data-element_type=\"section\" data-e-type=\"section\">\n\t\t\t\t\t\t<div class=\"elementor-container elementor-column-gap-default\">\n\t\t\t\t\t<div class=\"elementor-column elementor-col-100 elementor-top-column elementor-element elementor-element-cf565d0\" data-id=\"cf565d0\" data-element_type=\"column\" data-e-type=\"column\">\n\t\t\t<div class=\"elementor-widget-wrap elementor-element-populated\">\n\t\t\t\t\t\t<div class=\"elementor-element elementor-element-74cd4c1 elementor-widget elementor-widget-text-editor\" data-id=\"74cd4c1\" data-element_type=\"widget\" data-e-type=\"widget\" data-widget_type=\"text-editor.default\">\n\t\t\t\t<div class=\"elementor-widget-container\">\n\t\t\t\t\t\t\t\t\t<h3>Beneficios del masaje corporal FreeFlow<\/h3><ul><li>Relajaci\u00f3n: en periodos de estr\u00e9s, nerviosismo, irritabilidad, insomnio\u2026<\/li><li>Analg\u00e9sico: contracturas musculares, lumbalgia, dolor de espalda<\/li><li>Bienestar: la sensaci\u00f3n de cuidado y acompa\u00f1amiento: un momento dedicado para s\u00ed mismo.<\/li><li>Circulatorio: Aumenta la microcirculaci\u00f3n sangu\u00ednea y linf\u00e1tica (celulitis, problemas de circulaci\u00f3n debidos al sedentarismo&#8230;)<\/li><li>Est\u00e9tico: Mejora la elasticidad de la piel y su aspecto visual. Elimina las c\u00e9lulas muertas superficiales y mejora el estado de la piel seca gracias a la absorci\u00f3n de los aceites<\/li><\/ul><p>En el momento en el que proporciona apoyo humano, relajaci\u00f3n y bienestar, ayudando a la recuperaci\u00f3n y el mantenimiento de la salud, el masaje corporal FreeFlow se convierte, sin pretenderlo, en un acto terap\u00e9utico, cumpli\u00e9ndose as\u00ed varias de las funciones del terapeuta manual: cuidar, prevenir, tratar y promover la salud.<\/p><hr class=\"wp-block-separator has-css-opacity\" \/><p>Si quieres m\u00e1s informaci\u00f3n o quieres reservar una sesi\u00f3n en Parempuyre &#8211; Bordeaux (Gironde), puedes contactar al n\u00famero <a href=\"https:\/\/wa.me\/33681083024\" target=\"_blank\" rel=\"noreferrer noopener\">643697981<\/a> (tambi\u00e9n por WhatsApp) o por el\u00a0<a href=\"https:\/\/www.ammamel.com\/contacto\/\">formulario de contacto<\/a>.<\/p>\t\t\t\t\t\t\t\t<\/div>\n\t\t\t\t<\/div>\n\t\t\t\t\t<\/div>\n\t\t<\/div>\n\t\t\t\t\t<\/div>\n\t\t<\/section>\n\t\t\t\t<\/div>\n\t\t","protected":false},"excerpt":{"rendered":"<p>El masaje Corporal FreeFlow, \u00bfqu\u00e9 es? Es un\u00a0 masaje alianza de pasos precisos de masajes descontracturantes (como el Deep Tissue, t\u00e9cnicas de osteopat\u00eda\u2026), relajante con t\u00e9cnicas del masaje sueco y otros masajes orientales como el Shiatsu, Amma y Kobido, hasta un\u00a0 trabajo de las fascias en biodin\u00e1mica, que es sutil, [&hellip;]<\/p>\n","protected":false},"author":2,"featured_media":215,"parent":0,"menu_order":0,"comment_status":"closed","ping_status":"closed","template":"","meta":{"inspiro_page_layout":"narrow","inspiro_hide_title":false,"footnotes":""},"class_list":["post-129","page","type-page","status-publish","has-post-thumbnail","hentry"],"yoast_head":"<!-- This site is optimized with the Yoast SEO plugin v27.4 - https:\/\/yoast.com\/product\/yoast-seo-wordpress\/ -->\n<title>Masaje Corporal FreeFlow - Ammamel<\/title>\n<meta name=\"description\" content=\"El masaje se desarrolla al comp\u00e1s de una m\u00fasica, me dejo fluir creando un baile con mis manos sobre el cuerpo de la persona. Esta sensaci\u00f3n de armon\u00eda y fluidez favorece la relajaci\u00f3n tanto f\u00edsica como mental.\" \/>\n<meta name=\"robots\" content=\"index, follow, max-snippet:-1, max-image-preview:large, max-video-preview:-1\" \/>\n<link rel=\"canonical\" href=\"https:\/\/www.ammamel.com\/es\/masaje-corporal-freeflow\/\" \/>\n<meta property=\"og:locale\" content=\"es_ES\" \/>\n<meta property=\"og:type\" content=\"article\" \/>\n<meta property=\"og:title\" content=\"Masaje Corporal FreeFlow - Ammamel\" \/>\n<meta property=\"og:description\" content=\"El masaje se desarrolla al comp\u00e1s de una m\u00fasica, me dejo fluir creando un baile con mis manos sobre el cuerpo de la persona. Esta sensaci\u00f3n de armon\u00eda y fluidez favorece la relajaci\u00f3n tanto f\u00edsica como mental.\" \/>\n<meta property=\"og:url\" content=\"https:\/\/www.ammamel.com\/es\/masaje-corporal-freeflow\/\" \/>\n<meta property=\"og:site_name\" content=\"Ammamel\" \/>\n<meta property=\"article:modified_time\" content=\"2024-04-23T04:23:41+00:00\" \/>\n<meta property=\"og:image\" content=\"https:\/\/www.ammamel.com\/wp-content\/uploads\/2018\/07\/titre-mains-1.jpg\" \/>\n\t<meta property=\"og:image:width\" content=\"3531\" \/>\n\t<meta property=\"og:image:height\" content=\"1998\" \/>\n\t<meta property=\"og:image:type\" content=\"image\/jpeg\" \/>\n<meta name=\"twitter:card\" content=\"summary_large_image\" \/>\n<meta name=\"twitter:label1\" content=\"Tiempo de lectura\" \/>\n\t<meta name=\"twitter:data1\" content=\"2 minutos\" \/>\n<script type=\"application\/ld+json\" class=\"yoast-schema-graph\">{\"@context\":\"https:\\\/\\\/schema.org\",\"@graph\":[{\"@type\":\"WebPage\",\"@id\":\"https:\\\/\\\/www.ammamel.com\\\/es\\\/masaje-corporal-freeflow\\\/\",\"url\":\"https:\\\/\\\/www.ammamel.com\\\/es\\\/masaje-corporal-freeflow\\\/\",\"name\":\"Masaje Corporal FreeFlow - Ammamel\",\"isPartOf\":{\"@id\":\"https:\\\/\\\/www.ammamel.com\\\/es\\\/#website\"},\"primaryImageOfPage\":{\"@id\":\"https:\\\/\\\/www.ammamel.com\\\/es\\\/masaje-corporal-freeflow\\\/#primaryimage\"},\"image\":{\"@id\":\"https:\\\/\\\/www.ammamel.com\\\/es\\\/masaje-corporal-freeflow\\\/#primaryimage\"},\"thumbnailUrl\":\"https:\\\/\\\/www.ammamel.com\\\/wp-content\\\/uploads\\\/2018\\\/07\\\/titre-mains-1.jpg\",\"datePublished\":\"2018-05-14T13:10:28+00:00\",\"dateModified\":\"2024-04-23T04:23:41+00:00\",\"description\":\"El masaje se desarrolla al comp\u00e1s de una m\u00fasica, me dejo fluir creando un baile con mis manos sobre el cuerpo de la persona. Esta sensaci\u00f3n de armon\u00eda y fluidez favorece la relajaci\u00f3n tanto f\u00edsica como mental.\",\"breadcrumb\":{\"@id\":\"https:\\\/\\\/www.ammamel.com\\\/es\\\/masaje-corporal-freeflow\\\/#breadcrumb\"},\"inLanguage\":\"es\",\"potentialAction\":[{\"@type\":\"ReadAction\",\"target\":[\"https:\\\/\\\/www.ammamel.com\\\/es\\\/masaje-corporal-freeflow\\\/\"]}]},{\"@type\":\"ImageObject\",\"inLanguage\":\"es\",\"@id\":\"https:\\\/\\\/www.ammamel.com\\\/es\\\/masaje-corporal-freeflow\\\/#primaryimage\",\"url\":\"https:\\\/\\\/www.ammamel.com\\\/wp-content\\\/uploads\\\/2018\\\/07\\\/titre-mains-1.jpg\",\"contentUrl\":\"https:\\\/\\\/www.ammamel.com\\\/wp-content\\\/uploads\\\/2018\\\/07\\\/titre-mains-1.jpg\",\"width\":3531,\"height\":1998},{\"@type\":\"BreadcrumbList\",\"@id\":\"https:\\\/\\\/www.ammamel.com\\\/es\\\/masaje-corporal-freeflow\\\/#breadcrumb\",\"itemListElement\":[{\"@type\":\"ListItem\",\"position\":1,\"name\":\"Portada\",\"item\":\"https:\\\/\\\/www.ammamel.com\\\/es\\\/\"},{\"@type\":\"ListItem\",\"position\":2,\"name\":\"Masaje Corporal FreeFlow\"}]},{\"@type\":\"WebSite\",\"@id\":\"https:\\\/\\\/www.ammamel.com\\\/es\\\/#website\",\"url\":\"https:\\\/\\\/www.ammamel.com\\\/es\\\/\",\"name\":\"AmmaMel Massages\",\"description\":\"Shiatsu, Masaje Facial Kobido, Masaje Free-flow y Deep Tissue en Sant Joan d&#039;Alacant - Alicante\",\"publisher\":{\"@id\":\"https:\\\/\\\/www.ammamel.com\\\/es\\\/#\\\/schema\\\/person\\\/e4947ec778736abb506432321b636130\"},\"potentialAction\":[{\"@type\":\"SearchAction\",\"target\":{\"@type\":\"EntryPoint\",\"urlTemplate\":\"https:\\\/\\\/www.ammamel.com\\\/es\\\/?s={search_term_string}\"},\"query-input\":{\"@type\":\"PropertyValueSpecification\",\"valueRequired\":true,\"valueName\":\"search_term_string\"}}],\"inLanguage\":\"es\"},{\"@type\":[\"Person\",\"Organization\"],\"@id\":\"https:\\\/\\\/www.ammamel.com\\\/es\\\/#\\\/schema\\\/person\\\/e4947ec778736abb506432321b636130\",\"name\":\"M\u00e9lanie Mongelli\",\"image\":{\"@type\":\"ImageObject\",\"inLanguage\":\"es\",\"@id\":\"https:\\\/\\\/www.ammamel.com\\\/wp-content\\\/uploads\\\/2024\\\/01\\\/ammamel.png\",\"url\":\"https:\\\/\\\/www.ammamel.com\\\/wp-content\\\/uploads\\\/2024\\\/01\\\/ammamel.png\",\"contentUrl\":\"https:\\\/\\\/www.ammamel.com\\\/wp-content\\\/uploads\\\/2024\\\/01\\\/ammamel.png\",\"width\":600,\"height\":600,\"caption\":\"M\u00e9lanie Mongelli\"},\"logo\":{\"@id\":\"https:\\\/\\\/www.ammamel.com\\\/wp-content\\\/uploads\\\/2024\\\/01\\\/ammamel.png\"},\"sameAs\":[\"https:\\\/\\\/www.ammamel.com\"]}]}<\/script>\n<!-- \/ Yoast SEO plugin. -->","yoast_head_json":{"title":"Masaje Corporal FreeFlow - Ammamel","description":"El masaje se desarrolla al comp\u00e1s de una m\u00fasica, me dejo fluir creando un baile con mis manos sobre el cuerpo de la persona. Esta sensaci\u00f3n de armon\u00eda y fluidez favorece la relajaci\u00f3n tanto f\u00edsica como mental.","robots":{"index":"index","follow":"follow","max-snippet":"max-snippet:-1","max-image-preview":"max-image-preview:large","max-video-preview":"max-video-preview:-1"},"canonical":"https:\/\/www.ammamel.com\/es\/masaje-corporal-freeflow\/","og_locale":"es_ES","og_type":"article","og_title":"Masaje Corporal FreeFlow - Ammamel","og_description":"El masaje se desarrolla al comp\u00e1s de una m\u00fasica, me dejo fluir creando un baile con mis manos sobre el cuerpo de la persona. Esta sensaci\u00f3n de armon\u00eda y fluidez favorece la relajaci\u00f3n tanto f\u00edsica como mental.","og_url":"https:\/\/www.ammamel.com\/es\/masaje-corporal-freeflow\/","og_site_name":"Ammamel","article_modified_time":"2024-04-23T04:23:41+00:00","og_image":[{"width":3531,"height":1998,"url":"https:\/\/www.ammamel.com\/wp-content\/uploads\/2018\/07\/titre-mains-1.jpg","type":"image\/jpeg"}],"twitter_card":"summary_large_image","twitter_misc":{"Tiempo de lectura":"2 minutos"},"schema":{"@context":"https:\/\/schema.org","@graph":[{"@type":"WebPage","@id":"https:\/\/www.ammamel.com\/es\/masaje-corporal-freeflow\/","url":"https:\/\/www.ammamel.com\/es\/masaje-corporal-freeflow\/","name":"Masaje Corporal FreeFlow - Ammamel","isPartOf":{"@id":"https:\/\/www.ammamel.com\/es\/#website"},"primaryImageOfPage":{"@id":"https:\/\/www.ammamel.com\/es\/masaje-corporal-freeflow\/#primaryimage"},"image":{"@id":"https:\/\/www.ammamel.com\/es\/masaje-corporal-freeflow\/#primaryimage"},"thumbnailUrl":"https:\/\/www.ammamel.com\/wp-content\/uploads\/2018\/07\/titre-mains-1.jpg","datePublished":"2018-05-14T13:10:28+00:00","dateModified":"2024-04-23T04:23:41+00:00","description":"El masaje se desarrolla al comp\u00e1s de una m\u00fasica, me dejo fluir creando un baile con mis manos sobre el cuerpo de la persona. Esta sensaci\u00f3n de armon\u00eda y fluidez favorece la relajaci\u00f3n tanto f\u00edsica como mental.","breadcrumb":{"@id":"https:\/\/www.ammamel.com\/es\/masaje-corporal-freeflow\/#breadcrumb"},"inLanguage":"es","potentialAction":[{"@type":"ReadAction","target":["https:\/\/www.ammamel.com\/es\/masaje-corporal-freeflow\/"]}]},{"@type":"ImageObject","inLanguage":"es","@id":"https:\/\/www.ammamel.com\/es\/masaje-corporal-freeflow\/#primaryimage","url":"https:\/\/www.ammamel.com\/wp-content\/uploads\/2018\/07\/titre-mains-1.jpg","contentUrl":"https:\/\/www.ammamel.com\/wp-content\/uploads\/2018\/07\/titre-mains-1.jpg","width":3531,"height":1998},{"@type":"BreadcrumbList","@id":"https:\/\/www.ammamel.com\/es\/masaje-corporal-freeflow\/#breadcrumb","itemListElement":[{"@type":"ListItem","position":1,"name":"Portada","item":"https:\/\/www.ammamel.com\/es\/"},{"@type":"ListItem","position":2,"name":"Masaje Corporal FreeFlow"}]},{"@type":"WebSite","@id":"https:\/\/www.ammamel.com\/es\/#website","url":"https:\/\/www.ammamel.com\/es\/","name":"AmmaMel Massages","description":"Shiatsu, Masaje Facial Kobido, Masaje Free-flow y Deep Tissue en Sant Joan d&#039;Alacant - Alicante","publisher":{"@id":"https:\/\/www.ammamel.com\/es\/#\/schema\/person\/e4947ec778736abb506432321b636130"},"potentialAction":[{"@type":"SearchAction","target":{"@type":"EntryPoint","urlTemplate":"https:\/\/www.ammamel.com\/es\/?s={search_term_string}"},"query-input":{"@type":"PropertyValueSpecification","valueRequired":true,"valueName":"search_term_string"}}],"inLanguage":"es"},{"@type":["Person","Organization"],"@id":"https:\/\/www.ammamel.com\/es\/#\/schema\/person\/e4947ec778736abb506432321b636130","name":"M\u00e9lanie Mongelli","image":{"@type":"ImageObject","inLanguage":"es","@id":"https:\/\/www.ammamel.com\/wp-content\/uploads\/2024\/01\/ammamel.png","url":"https:\/\/www.ammamel.com\/wp-content\/uploads\/2024\/01\/ammamel.png","contentUrl":"https:\/\/www.ammamel.com\/wp-content\/uploads\/2024\/01\/ammamel.png","width":600,"height":600,"caption":"M\u00e9lanie Mongelli"},"logo":{"@id":"https:\/\/www.ammamel.com\/wp-content\/uploads\/2024\/01\/ammamel.png"},"sameAs":["https:\/\/www.ammamel.com"]}]}},"_links":{"self":[{"href":"https:\/\/www.ammamel.com\/es\/wp-json\/wp\/v2\/pages\/129","targetHints":{"allow":["GET"]}}],"collection":[{"href":"https:\/\/www.ammamel.com\/es\/wp-json\/wp\/v2\/pages"}],"about":[{"href":"https:\/\/www.ammamel.com\/es\/wp-json\/wp\/v2\/types\/page"}],"author":[{"embeddable":true,"href":"https:\/\/www.ammamel.com\/es\/wp-json\/wp\/v2\/users\/2"}],"replies":[{"embeddable":true,"href":"https:\/\/www.ammamel.com\/es\/wp-json\/wp\/v2\/comments?post=129"}],"version-history":[{"count":32,"href":"https:\/\/www.ammamel.com\/es\/wp-json\/wp\/v2\/pages\/129\/revisions"}],"predecessor-version":[{"id":6869,"href":"https:\/\/www.ammamel.com\/es\/wp-json\/wp\/v2\/pages\/129\/revisions\/6869"}],"wp:featuredmedia":[{"embeddable":true,"href":"https:\/\/www.ammamel.com\/es\/wp-json\/wp\/v2\/media\/215"}],"wp:attachment":[{"href":"https:\/\/www.ammamel.com\/es\/wp-json\/wp\/v2\/media?parent=129"}],"curies":[{"name":"wp","href":"https:\/\/api.w.org\/{rel}","templated":true}]}}