{"id":127,"date":"2018-05-14T13:10:07","date_gmt":"2018-05-14T13:10:07","guid":{"rendered":"https:\/\/www.ammamel.com\/?page_id=127"},"modified":"2024-04-26T04:09:58","modified_gmt":"2024-04-26T04:09:58","slug":"masaje-amma-sentado","status":"publish","type":"page","link":"https:\/\/www.ammamel.com\/es\/masaje-amma-sentado\/","title":{"rendered":"Amma en silla"},"content":{"rendered":"\n<p>El masaje Amma sentado viene del Amma Tradicional (o Amna) que significa \u00abcalmar con las manos\u00bb en japon\u00e9s. Era la forma m\u00e1s ancestral de masaje en Jap\u00f3n que sol\u00edan practicar las personas ciegas. Se basa en los principios de la medicina china (MTC), El amma en silla fue desarrollado por <a href=\"https:\/\/www.massage-amma-assis.fr\/david-palmer\/\">David Palmer<\/a> en los a\u00f1os 80 para aliviar dolores de los ingenieros de Silicon Valley (EEUU) y mejorar su productividad.<\/p>\n\n\n\n<p>Es una t\u00e9cnica preventiva y correctiva basada en los principios de la medicina ancestral china de acupresi\u00f3n, y maniobras de relajaci\u00f3n. Permite aliviar r\u00e1pidamente dolores f\u00edsicos, restablecer un equilibrio emocional y energizar a la persona.<\/p>\n\n\n\n<hr class=\"wp-block-separator has-css-opacity\"\/>\n\n\n\n<figure class=\"wp-block-image aligncenter\"><img fetchpriority=\"high\" decoding=\"async\" width=\"1024\" height=\"576\" src=\"https:\/\/www.ammamel.com\/wp-content\/uploads\/2018\/09\/20180913_165510-1024x576.jpg\" alt=\"\" class=\"wp-image-485\" srcset=\"https:\/\/www.ammamel.com\/wp-content\/uploads\/2018\/09\/20180913_165510-1024x576.jpg 1024w, https:\/\/www.ammamel.com\/wp-content\/uploads\/2018\/09\/20180913_165510-300x169.jpg 300w, https:\/\/www.ammamel.com\/wp-content\/uploads\/2018\/09\/20180913_165510-768x432.jpg 768w\" sizes=\"(max-width: 1024px) 100vw, 1024px\" \/><\/figure>\n\n\n\n<hr class=\"wp-block-separator has-css-opacity\"\/>\n\n\n\n<p>Se practica sobre la persona vestida y sentada c\u00f3modamente en una silla ergon\u00f3mica.<\/p>\n\n\n\n<p>Su duraci\u00f3n es de 30 minutos y consiste en una serie de movimientos precisos siguiendo meridianos y puntos de acupuntura (con estiramientos, presiones, percusiones y vibraciones) en la espalda, nuca, cabeza, hombros y brazos.<\/p>\n\n\n\n<p>Es un masaje ideal para ofrecer en empresas o para eventos p\u00fablicos o privados. Su duraci\u00f3n puede adaptarse en funci\u00f3n de las necesidades. (V\u00e9ase Amma Sentado en empresa).<\/p>\n\n\n\n<h2 class=\"wp-block-heading\">Beneficios<\/h2>\n\n\n\n<ul class=\"wp-block-list\">\n<li>Mejora la circulaci\u00f3n de la energ\u00eda<\/li>\n\n\n\n<li>Favorece un sue\u00f1o recuperador<\/li>\n\n\n\n<li>Mejora eliminaci\u00f3n de las toxinas<\/li>\n\n\n\n<li>Alivia dolores<\/li>\n\n\n\n<li>Reduce tensiones musculares<\/li>\n\n\n\n<li>Disminuye estr\u00e9s, y tensi\u00f3n mental<\/li>\n\n\n\n<li>Aumenta la conciencia de su cuerpo y sus emociones<\/li>\n<\/ul>\n\n\n\n<hr class=\"wp-block-separator has-css-opacity\"\/>\n\n\n\n<figure class=\"wp-block-video\"><video height=\"720\" style=\"aspect-ratio: 1280 \/ 720;\" width=\"1280\" controls src=\"https:\/\/www.ammamel.com\/wp-content\/uploads\/2018\/09\/20180913_165523-2.mp4\"><\/video><\/figure>\n\n\n\n<hr class=\"wp-block-separator has-css-opacity\"\/>\n\n\n\n<h3 class=\"wp-block-heading\">En empresa<\/h3>\n\n\n\n<p>Este masaje corto es muy eficiente y permite mejorar el bienestar en el trabajo. Las principales ventajas de proponer este masaje en empresa:<\/p>\n\n\n\n<ul class=\"wp-block-list\">\n<li>Necesita poco espacio (sala de reuni\u00f3n, por ejemplo) y ning\u00fan material, excepto la silla ergon\u00f3mica<\/li>\n\n\n\n<li>No es necesario desvestirse<\/li>\n\n\n\n<li>R\u00e1pido y flexible: entre 10 y 20 minutos<\/li>\n\n\n\n<li>Puede ser practicado durante una pausa sin restar tiempo a la jornada laboral<\/li>\n\n\n\n<li>Eficiente: en poco tiempo el masaje procura una relajaci\u00f3n muscular y mental notable<\/li>\n\n\n\n<li>Deja la persona revitalizada para poder seguir trabajando enseguida<\/li>\n\n\n\n<li>Ideal para el estr\u00e9s laboral, malas posturas de espalda, sobre todo sentado<\/li>\n\n\n\n<li>Privilegia las buenas condiciones de trabajo<\/li>\n\n\n\n<li>Pocas contraindicaciones<\/li>\n\n\n\n<li>Planificaci\u00f3n r\u00e1pida y eficiente, aprovechando al m\u00e1ximo el tiempo dedicado al masaje<\/li>\n<\/ul>\n\n\n\n<h3 class=\"wp-block-heading\">En evento<\/h3>\n\n\n\n<p>Ferias, exposiciones, eventos deportistas, restaurantes, tiendas, centro comercial&#8230;<br>Representar una marca, ofrecer o un momento a clientes es una manera original de combinar placer y trabajo.<\/p>\n\n\n\n<p>Si quieres m\u00e1s informaci\u00f3n y quieres hacer este regalo a tus empleados y a tu empresa, puedes contactar al n\u00famero 643697981 (tambi\u00e9n por whatsapp) o por el <a href=\"https:\/\/www.ammamel.com\/contacto\/\">formulario de contacto<\/a>.<\/p>\n\n\n\n<figure class=\"wp-block-video\"><video height=\"352\" style=\"aspect-ratio: 640 \/ 352;\" width=\"640\" controls src=\"https:\/\/www.ammamel.com\/wp-content\/uploads\/2018\/10\/Video_20181003143214946_by_videomaker.mp4\"><\/video><\/figure>\n","protected":false},"excerpt":{"rendered":"<p>El masaje Amma sentado viene del Amma Tradicional (o Amna) que significa \u00abcalmar con las manos\u00bb en japon\u00e9s. Era la forma m\u00e1s ancestral de masaje en Jap\u00f3n que sol\u00edan practicar las personas ciegas. Se basa en los principios de la medicina china (MTC), El amma en silla fue desarrollado por [&hellip;]<\/p>\n","protected":false},"author":2,"featured_media":500,"parent":0,"menu_order":0,"comment_status":"closed","ping_status":"closed","template":"","meta":{"inspiro_page_layout":"narrow","inspiro_hide_title":false,"footnotes":""},"class_list":["post-127","page","type-page","status-publish","has-post-thumbnail","hentry"],"yoast_head":"<!-- This site is optimized with the Yoast SEO plugin v27.5 - https:\/\/yoast.com\/product\/yoast-seo-wordpress\/ -->\n<title>Amma en silla - Ammamel<\/title>\n<meta name=\"description\" content=\"Masaje Amma sentado en silla en Alicante. Para particulares y empresas. El Amma alivia y relaja espalda, cuello, hombros, brazos y cabeza. Recomendado para aquellos que trabajan sentados varias horas al d\u00eda.\" \/>\n<meta name=\"robots\" content=\"index, follow, max-snippet:-1, max-image-preview:large, max-video-preview:-1\" \/>\n<link rel=\"canonical\" href=\"https:\/\/www.ammamel.com\/es\/masaje-amma-sentado\/\" \/>\n<meta property=\"og:locale\" content=\"es_ES\" \/>\n<meta property=\"og:type\" content=\"article\" \/>\n<meta property=\"og:title\" content=\"Amma en silla - Ammamel\" \/>\n<meta property=\"og:description\" content=\"Masaje Amma sentado en silla en Alicante. Para particulares y empresas. El Amma alivia y relaja espalda, cuello, hombros, brazos y cabeza. Recomendado para aquellos que trabajan sentados varias horas al d\u00eda.\" \/>\n<meta property=\"og:url\" content=\"https:\/\/www.ammamel.com\/es\/masaje-amma-sentado\/\" \/>\n<meta property=\"og:site_name\" content=\"Ammamel\" \/>\n<meta property=\"article:modified_time\" content=\"2024-04-26T04:09:58+00:00\" \/>\n<meta property=\"og:image\" content=\"https:\/\/www.ammamel.com\/wp-content\/uploads\/2018\/09\/20180913_165946.jpg\" \/>\n\t<meta property=\"og:image:width\" content=\"4032\" \/>\n\t<meta property=\"og:image:height\" content=\"3024\" \/>\n\t<meta property=\"og:image:type\" content=\"image\/jpeg\" \/>\n<meta name=\"twitter:card\" content=\"summary_large_image\" \/>\n<meta name=\"twitter:label1\" content=\"Tiempo de lectura\" \/>\n\t<meta name=\"twitter:data1\" content=\"3 minutos\" \/>\n<script type=\"application\/ld+json\" class=\"yoast-schema-graph\">{\"@context\":\"https:\\\/\\\/schema.org\",\"@graph\":[{\"@type\":\"WebPage\",\"@id\":\"https:\\\/\\\/www.ammamel.com\\\/es\\\/masaje-amma-sentado\\\/\",\"url\":\"https:\\\/\\\/www.ammamel.com\\\/es\\\/masaje-amma-sentado\\\/\",\"name\":\"Amma en silla - Ammamel\",\"isPartOf\":{\"@id\":\"https:\\\/\\\/www.ammamel.com\\\/es\\\/#website\"},\"primaryImageOfPage\":{\"@id\":\"https:\\\/\\\/www.ammamel.com\\\/es\\\/masaje-amma-sentado\\\/#primaryimage\"},\"image\":{\"@id\":\"https:\\\/\\\/www.ammamel.com\\\/es\\\/masaje-amma-sentado\\\/#primaryimage\"},\"thumbnailUrl\":\"https:\\\/\\\/www.ammamel.com\\\/wp-content\\\/uploads\\\/2018\\\/09\\\/20180913_165946.jpg\",\"datePublished\":\"2018-05-14T13:10:07+00:00\",\"dateModified\":\"2024-04-26T04:09:58+00:00\",\"description\":\"Masaje Amma sentado en silla en Alicante. Para particulares y empresas. El Amma alivia y relaja espalda, cuello, hombros, brazos y cabeza. Recomendado para aquellos que trabajan sentados varias horas al d\u00eda.\",\"breadcrumb\":{\"@id\":\"https:\\\/\\\/www.ammamel.com\\\/es\\\/masaje-amma-sentado\\\/#breadcrumb\"},\"inLanguage\":\"es\",\"potentialAction\":[{\"@type\":\"ReadAction\",\"target\":[\"https:\\\/\\\/www.ammamel.com\\\/es\\\/masaje-amma-sentado\\\/\"]}]},{\"@type\":\"ImageObject\",\"inLanguage\":\"es\",\"@id\":\"https:\\\/\\\/www.ammamel.com\\\/es\\\/masaje-amma-sentado\\\/#primaryimage\",\"url\":\"https:\\\/\\\/www.ammamel.com\\\/wp-content\\\/uploads\\\/2018\\\/09\\\/20180913_165946.jpg\",\"contentUrl\":\"https:\\\/\\\/www.ammamel.com\\\/wp-content\\\/uploads\\\/2018\\\/09\\\/20180913_165946.jpg\",\"width\":4032,\"height\":3024},{\"@type\":\"BreadcrumbList\",\"@id\":\"https:\\\/\\\/www.ammamel.com\\\/es\\\/masaje-amma-sentado\\\/#breadcrumb\",\"itemListElement\":[{\"@type\":\"ListItem\",\"position\":1,\"name\":\"Portada\",\"item\":\"https:\\\/\\\/www.ammamel.com\\\/es\\\/\"},{\"@type\":\"ListItem\",\"position\":2,\"name\":\"Amma en silla\"}]},{\"@type\":\"WebSite\",\"@id\":\"https:\\\/\\\/www.ammamel.com\\\/es\\\/#website\",\"url\":\"https:\\\/\\\/www.ammamel.com\\\/es\\\/\",\"name\":\"AmmaMel Massages\",\"description\":\"Shiatsu, Masaje Facial Kobido, Masaje Free-flow y Deep Tissue en Sant Joan d&#039;Alacant - Alicante\",\"publisher\":{\"@id\":\"https:\\\/\\\/www.ammamel.com\\\/es\\\/#\\\/schema\\\/person\\\/e4947ec778736abb506432321b636130\"},\"potentialAction\":[{\"@type\":\"SearchAction\",\"target\":{\"@type\":\"EntryPoint\",\"urlTemplate\":\"https:\\\/\\\/www.ammamel.com\\\/es\\\/?s={search_term_string}\"},\"query-input\":{\"@type\":\"PropertyValueSpecification\",\"valueRequired\":true,\"valueName\":\"search_term_string\"}}],\"inLanguage\":\"es\"},{\"@type\":[\"Person\",\"Organization\"],\"@id\":\"https:\\\/\\\/www.ammamel.com\\\/es\\\/#\\\/schema\\\/person\\\/e4947ec778736abb506432321b636130\",\"name\":\"M\u00e9lanie Mongelli\",\"image\":{\"@type\":\"ImageObject\",\"inLanguage\":\"es\",\"@id\":\"https:\\\/\\\/www.ammamel.com\\\/wp-content\\\/uploads\\\/2024\\\/01\\\/ammamel.png\",\"url\":\"https:\\\/\\\/www.ammamel.com\\\/wp-content\\\/uploads\\\/2024\\\/01\\\/ammamel.png\",\"contentUrl\":\"https:\\\/\\\/www.ammamel.com\\\/wp-content\\\/uploads\\\/2024\\\/01\\\/ammamel.png\",\"width\":600,\"height\":600,\"caption\":\"M\u00e9lanie Mongelli\"},\"logo\":{\"@id\":\"https:\\\/\\\/www.ammamel.com\\\/wp-content\\\/uploads\\\/2024\\\/01\\\/ammamel.png\"},\"sameAs\":[\"https:\\\/\\\/www.ammamel.com\"]}]}<\/script>\n<!-- \/ Yoast SEO plugin. -->","yoast_head_json":{"title":"Amma en silla - Ammamel","description":"Masaje Amma sentado en silla en Alicante. Para particulares y empresas. El Amma alivia y relaja espalda, cuello, hombros, brazos y cabeza. Recomendado para aquellos que trabajan sentados varias horas al d\u00eda.","robots":{"index":"index","follow":"follow","max-snippet":"max-snippet:-1","max-image-preview":"max-image-preview:large","max-video-preview":"max-video-preview:-1"},"canonical":"https:\/\/www.ammamel.com\/es\/masaje-amma-sentado\/","og_locale":"es_ES","og_type":"article","og_title":"Amma en silla - Ammamel","og_description":"Masaje Amma sentado en silla en Alicante. Para particulares y empresas. El Amma alivia y relaja espalda, cuello, hombros, brazos y cabeza. Recomendado para aquellos que trabajan sentados varias horas al d\u00eda.","og_url":"https:\/\/www.ammamel.com\/es\/masaje-amma-sentado\/","og_site_name":"Ammamel","article_modified_time":"2024-04-26T04:09:58+00:00","og_image":[{"width":4032,"height":3024,"url":"https:\/\/www.ammamel.com\/wp-content\/uploads\/2018\/09\/20180913_165946.jpg","type":"image\/jpeg"}],"twitter_card":"summary_large_image","twitter_misc":{"Tiempo de lectura":"3 minutos"},"schema":{"@context":"https:\/\/schema.org","@graph":[{"@type":"WebPage","@id":"https:\/\/www.ammamel.com\/es\/masaje-amma-sentado\/","url":"https:\/\/www.ammamel.com\/es\/masaje-amma-sentado\/","name":"Amma en silla - Ammamel","isPartOf":{"@id":"https:\/\/www.ammamel.com\/es\/#website"},"primaryImageOfPage":{"@id":"https:\/\/www.ammamel.com\/es\/masaje-amma-sentado\/#primaryimage"},"image":{"@id":"https:\/\/www.ammamel.com\/es\/masaje-amma-sentado\/#primaryimage"},"thumbnailUrl":"https:\/\/www.ammamel.com\/wp-content\/uploads\/2018\/09\/20180913_165946.jpg","datePublished":"2018-05-14T13:10:07+00:00","dateModified":"2024-04-26T04:09:58+00:00","description":"Masaje Amma sentado en silla en Alicante. Para particulares y empresas. El Amma alivia y relaja espalda, cuello, hombros, brazos y cabeza. Recomendado para aquellos que trabajan sentados varias horas al d\u00eda.","breadcrumb":{"@id":"https:\/\/www.ammamel.com\/es\/masaje-amma-sentado\/#breadcrumb"},"inLanguage":"es","potentialAction":[{"@type":"ReadAction","target":["https:\/\/www.ammamel.com\/es\/masaje-amma-sentado\/"]}]},{"@type":"ImageObject","inLanguage":"es","@id":"https:\/\/www.ammamel.com\/es\/masaje-amma-sentado\/#primaryimage","url":"https:\/\/www.ammamel.com\/wp-content\/uploads\/2018\/09\/20180913_165946.jpg","contentUrl":"https:\/\/www.ammamel.com\/wp-content\/uploads\/2018\/09\/20180913_165946.jpg","width":4032,"height":3024},{"@type":"BreadcrumbList","@id":"https:\/\/www.ammamel.com\/es\/masaje-amma-sentado\/#breadcrumb","itemListElement":[{"@type":"ListItem","position":1,"name":"Portada","item":"https:\/\/www.ammamel.com\/es\/"},{"@type":"ListItem","position":2,"name":"Amma en silla"}]},{"@type":"WebSite","@id":"https:\/\/www.ammamel.com\/es\/#website","url":"https:\/\/www.ammamel.com\/es\/","name":"AmmaMel Massages","description":"Shiatsu, Masaje Facial Kobido, Masaje Free-flow y Deep Tissue en Sant Joan d&#039;Alacant - Alicante","publisher":{"@id":"https:\/\/www.ammamel.com\/es\/#\/schema\/person\/e4947ec778736abb506432321b636130"},"potentialAction":[{"@type":"SearchAction","target":{"@type":"EntryPoint","urlTemplate":"https:\/\/www.ammamel.com\/es\/?s={search_term_string}"},"query-input":{"@type":"PropertyValueSpecification","valueRequired":true,"valueName":"search_term_string"}}],"inLanguage":"es"},{"@type":["Person","Organization"],"@id":"https:\/\/www.ammamel.com\/es\/#\/schema\/person\/e4947ec778736abb506432321b636130","name":"M\u00e9lanie Mongelli","image":{"@type":"ImageObject","inLanguage":"es","@id":"https:\/\/www.ammamel.com\/wp-content\/uploads\/2024\/01\/ammamel.png","url":"https:\/\/www.ammamel.com\/wp-content\/uploads\/2024\/01\/ammamel.png","contentUrl":"https:\/\/www.ammamel.com\/wp-content\/uploads\/2024\/01\/ammamel.png","width":600,"height":600,"caption":"M\u00e9lanie Mongelli"},"logo":{"@id":"https:\/\/www.ammamel.com\/wp-content\/uploads\/2024\/01\/ammamel.png"},"sameAs":["https:\/\/www.ammamel.com"]}]}},"_links":{"self":[{"href":"https:\/\/www.ammamel.com\/es\/wp-json\/wp\/v2\/pages\/127","targetHints":{"allow":["GET"]}}],"collection":[{"href":"https:\/\/www.ammamel.com\/es\/wp-json\/wp\/v2\/pages"}],"about":[{"href":"https:\/\/www.ammamel.com\/es\/wp-json\/wp\/v2\/types\/page"}],"author":[{"embeddable":true,"href":"https:\/\/www.ammamel.com\/es\/wp-json\/wp\/v2\/users\/2"}],"replies":[{"embeddable":true,"href":"https:\/\/www.ammamel.com\/es\/wp-json\/wp\/v2\/comments?post=127"}],"version-history":[{"count":28,"href":"https:\/\/www.ammamel.com\/es\/wp-json\/wp\/v2\/pages\/127\/revisions"}],"predecessor-version":[{"id":6905,"href":"https:\/\/www.ammamel.com\/es\/wp-json\/wp\/v2\/pages\/127\/revisions\/6905"}],"wp:featuredmedia":[{"embeddable":true,"href":"https:\/\/www.ammamel.com\/es\/wp-json\/wp\/v2\/media\/500"}],"wp:attachment":[{"href":"https:\/\/www.ammamel.com\/es\/wp-json\/wp\/v2\/media?parent=127"}],"curies":[{"name":"wp","href":"https:\/\/api.w.org\/{rel}","templated":true}]}}